{"id":12,"date":"2011-04-18T14:47:49","date_gmt":"2011-04-18T17:47:49","guid":{"rendered":"http:\/\/www.ifbaiano.edu.br\/portal\/discente20112\/?page_id=12"},"modified":"2014-10-17T10:18:09","modified_gmt":"2014-10-17T13:18:09","slug":"coluna1","status":"publish","type":"page","link":"https:\/\/concurso.ifbaiano.edu.br\/portal\/remocao\/pagina-inicial\/coluna1\/","title":{"rendered":"Coluna 1 &#8211; O Processo Seletivo"},"content":{"rendered":"<p class=\"inicial-titulo\" style=\"text-align: left\">O Processo Seletivo<\/p>\n<p style=\"text-align: justify\">O REITOR DO INSTITUTO FEDERAL DE EDUCA\u00c7\u00c3O, CI\u00caNCIA E TECNOLOGIA BAIANO, no uso da compet\u00eancia delegada pelo Decreto de 13 de mar\u00e7o de 2014, publicado no D.O.U. de 14 de mar\u00e7o de 2014, Se\u00e7\u00e3o 2, p\u00e1gina 1, visando atender aos termos do art. 36, par\u00e1grafo \u00fanico, inciso III, al\u00ednea c, da Lei n\u00ba 8.112, de 11\/12\/1990 e Resolu\u00e7\u00e3o n\u00ba 18, de 14 de outubro de 2014, aprovada \u201cad referendum\u201d pelo Presidente do Conselho Superior (CONSUP) do IF Baiano, torna p\u00fablico a abertura do processo seletivo de remo\u00e7\u00e3o, a pedido, de servidores(as) t\u00e9cnico-administrativos(as) no \u00e2mbito deste Instituto.<\/p>\n","protected":false},"excerpt":{"rendered":"<p>O Processo Seletivo O REITOR DO INSTITUTO FEDERAL DE EDUCA\u00c7\u00c3O, CI\u00caNCIA E TECNOLOGIA BAIANO, no uso da compet\u00eancia delegada pelo Decreto de 13 de mar\u00e7o de 2014, publicado no D.O.U. de 14 de mar\u00e7o de 2014, Se\u00e7\u00e3o 2, p\u00e1gina 1, &hellip; <a href=\"https:\/\/concurso.ifbaiano.edu.br\/portal\/remocao\/pagina-inicial\/coluna1\/\">Continue lendo <span class=\"meta-nav\">&rarr;<\/span><\/a><\/p>\n","protected":false},"author":1,"featured_media":0,"parent":9,"menu_order":1,"comment_status":"closed","ping_status":"closed","template":"","meta":[],"_links":{"self":[{"href":"https:\/\/concurso.ifbaiano.edu.br\/portal\/remocao\/wp-json\/wp\/v2\/pages\/12"}],"collection":[{"href":"https:\/\/concurso.ifbaiano.edu.br\/portal\/remocao\/wp-json\/wp\/v2\/pages"}],"about":[{"href":"https:\/\/concurso.ifbaiano.edu.br\/portal\/remocao\/wp-json\/wp\/v2\/types\/page"}],"author":[{"embeddable":true,"href":"https:\/\/concurso.ifbaiano.edu.br\/portal\/remocao\/wp-json\/wp\/v2\/users\/1"}],"replies":[{"embeddable":true,"href":"https:\/\/concurso.ifbaiano.edu.br\/portal\/remocao\/wp-json\/wp\/v2\/comments?post=12"}],"version-history":[{"count":2,"href":"https:\/\/concurso.ifbaiano.edu.br\/portal\/remocao\/wp-json\/wp\/v2\/pages\/12\/revisions"}],"predecessor-version":[{"id":391,"href":"https:\/\/concurso.ifbaiano.edu.br\/portal\/remocao\/wp-json\/wp\/v2\/pages\/12\/revisions\/391"}],"up":[{"embeddable":true,"href":"https:\/\/concurso.ifbaiano.edu.br\/portal\/remocao\/wp-json\/wp\/v2\/pages\/9"}],"wp:attachment":[{"href":"https:\/\/concurso.ifbaiano.edu.br\/portal\/remocao\/wp-json\/wp\/v2\/media?parent=12"}],"curies":[{"name":"wp","href":"https:\/\/api.w.org\/{rel}","templated":true}]}}