{"id":9,"date":"2016-06-01T17:24:20","date_gmt":"2016-06-01T17:24:20","guid":{"rendered":"http:\/\/concurso.ifbaiano.edu.br\/portal\/prosel-2016-2\/?page_id=9"},"modified":"2016-06-01T17:45:35","modified_gmt":"2016-06-01T17:45:35","slug":"coluna1-o-processo-seletivo","status":"publish","type":"page","link":"https:\/\/concurso.ifbaiano.edu.br\/portal\/prosel-2016-2\/pagina-inicial\/coluna1-o-processo-seletivo\/","title":{"rendered":"Coluna1 &#8211; O Processo Seletivo"},"content":{"rendered":"<p><strong>O Processo Seletivo<\/strong> <\/p>\n<p>Per\u00edodo de Inscri\u00e7\u00f5es: de 01\/06\/2016 a 20\/06\/2016 <\/p>\n<p><strong>Das Vagas<\/strong><\/p>\n<table border=\"0\" cellspacing=\"0\" cellpadding=\"0\">\n<tbody>\n<tr>\n<td width=\"45\">\n<p align=\"center\"><b>CAMPUS<\/b><\/p>\n<\/td>\n<td width=\"48\">\n<p align=\"center\"><b>CURSO<\/b><\/p>\n<\/td>\n<td width=\"36\">\n<p align=\"center\"><b>TOTAL<\/b><\/p>\n<\/td>\n<\/tr>\n<tr>\n<td width=\"45\">Uru\u00e7uca<\/td>\n<td width=\"48\">T\u00e9c. em Agropecu\u00e1ria Subsequente &#8211; Diurno<\/td>\n<td width=\"36\">\n<p align=\"center\">30<\/p>\n<\/td>\n<\/tr>\n<tr>\n<td width=\"45\">Valen\u00e7a<\/td>\n<td width=\"48\">T\u00e9c. em Agropecu\u00e1ria Subsequente &#8211; Diurno<\/td>\n<td width=\"36\">\n<p align=\"center\">30<\/p>\n<\/td>\n<\/tr>\n<tr>\n<td width=\"45\">Valen\u00e7a<\/td>\n<td width=\"48\">T\u00e9c. em Meio Ambiente Subsequente &#8211; Noturno<\/td>\n<td width=\"36\">\n<p align=\"center\">30<\/p>\n<\/td>\n<\/tr>\n<tr>\n<td width=\"45\">Valen\u00e7a<\/td>\n<td width=\"48\">T\u00e9c. em Meio Ambiente Subsequente &#8211; Matutino<\/td>\n<td width=\"36\">\n<p align=\"center\">30<\/p>\n<\/td>\n<\/tr>\n<tr>\n<td width=\"45\"><\/td>\n<td width=\"48\"><\/td>\n<td width=\"36\"><\/td>\n<\/tr>\n<tr>\n<td colspan=\"2\" width=\"93\">\n<p align=\"center\"><strong>TOTAL<\/strong><\/p>\n<\/td>\n<td width=\"36\">\n<p align=\"center\"><strong>120<\/strong><\/p>\n<\/td>\n<\/tr>\n<\/tbody>\n<\/table>\n","protected":false},"excerpt":{"rendered":"<p>O Processo Seletivo Per\u00edodo de Inscri\u00e7\u00f5es: de 01\/06\/2016 a 20\/06\/2016 Das Vagas CAMPUS CURSO TOTAL Uru\u00e7uca T\u00e9c. em Agropecu\u00e1ria Subsequente &#8211; Diurno 30 Valen\u00e7a T\u00e9c. em Agropecu\u00e1ria Subsequente &#8211; Diurno 30 Valen\u00e7a T\u00e9c. em Meio Ambiente Subsequente &#8211; Noturno 30 &hellip; <a href=\"https:\/\/concurso.ifbaiano.edu.br\/portal\/prosel-2016-2\/pagina-inicial\/coluna1-o-processo-seletivo\/\">Continue lendo <span class=\"meta-nav\">&rarr;<\/span><\/a><\/p>\n","protected":false},"author":4,"featured_media":0,"parent":6,"menu_order":0,"comment_status":"open","ping_status":"open","template":"","meta":[],"_links":{"self":[{"href":"https:\/\/concurso.ifbaiano.edu.br\/portal\/prosel-2016-2\/wp-json\/wp\/v2\/pages\/9"}],"collection":[{"href":"https:\/\/concurso.ifbaiano.edu.br\/portal\/prosel-2016-2\/wp-json\/wp\/v2\/pages"}],"about":[{"href":"https:\/\/concurso.ifbaiano.edu.br\/portal\/prosel-2016-2\/wp-json\/wp\/v2\/types\/page"}],"author":[{"embeddable":true,"href":"https:\/\/concurso.ifbaiano.edu.br\/portal\/prosel-2016-2\/wp-json\/wp\/v2\/users\/4"}],"replies":[{"embeddable":true,"href":"https:\/\/concurso.ifbaiano.edu.br\/portal\/prosel-2016-2\/wp-json\/wp\/v2\/comments?post=9"}],"version-history":[{"count":8,"href":"https:\/\/concurso.ifbaiano.edu.br\/portal\/prosel-2016-2\/wp-json\/wp\/v2\/pages\/9\/revisions"}],"predecessor-version":[{"id":29,"href":"https:\/\/concurso.ifbaiano.edu.br\/portal\/prosel-2016-2\/wp-json\/wp\/v2\/pages\/9\/revisions\/29"}],"up":[{"embeddable":true,"href":"https:\/\/concurso.ifbaiano.edu.br\/portal\/prosel-2016-2\/wp-json\/wp\/v2\/pages\/6"}],"wp:attachment":[{"href":"https:\/\/concurso.ifbaiano.edu.br\/portal\/prosel-2016-2\/wp-json\/wp\/v2\/media?parent=9"}],"curies":[{"name":"wp","href":"https:\/\/api.w.org\/{rel}","templated":true}]}}