{"id":6,"date":"2016-06-01T17:23:38","date_gmt":"2016-06-01T17:23:38","guid":{"rendered":"http:\/\/concurso.ifbaiano.edu.br\/portal\/prosel-2016-2\/?page_id=6"},"modified":"2016-06-01T17:23:38","modified_gmt":"2016-06-01T17:23:38","slug":"pagina-inicial","status":"publish","type":"page","link":"https:\/\/concurso.ifbaiano.edu.br\/portal\/prosel-2016-2\/","title":{"rendered":"Pagina Inicial"},"content":{"rendered":"<div class=\"child_pages child_pages-thumbnail\">\n<div id=\"child_page-9\" class=\"child_page\" style=\"width:50%;max-width:100%;\"><div class=\"child_page-container\"><div class=\"post_thumb\"><a href=\"https:\/\/concurso.ifbaiano.edu.br\/portal\/prosel-2016-2\/pagina-inicial\/coluna1-o-processo-seletivo\/\"><\/a><\/div><div class=\"post_content\"><h4><a href=\"https:\/\/concurso.ifbaiano.edu.br\/portal\/prosel-2016-2\/pagina-inicial\/coluna1-o-processo-seletivo\/\">Coluna1 - O Processo Seletivo<\/a><\/h4><div class=\"post_excerpt\">O Processo Seletivo Per\u00edodo de Inscri\u00e7\u00f5es: de 01\/06\/2016 a 20\/06\/2016 Das Vagas CAMPUS CURSO TOTAL Uru\u00e7uca T\u00e9c. em Agropecu\u00e1ria Subsequente &#8211; Diurno 30 Valen\u00e7a T\u00e9c. em Agropecu\u00e1ria Subsequente &#8211; Diurno 30 Valen\u00e7a T\u00e9c. em Meio Ambiente Subsequente &#8211; Noturno 30 &hellip; <a href=\"https:\/\/concurso.ifbaiano.edu.br\/portal\/prosel-2016-2\/pagina-inicial\/coluna1-o-processo-seletivo\/\">Continue lendo <span class=\"meta-nav\">&rarr;<\/span><\/a><\/div><\/div><!-- .post_content  --><\/div><!-- .child_page-container --><\/div><!-- #child_page-9\" -->\n\n<div id=\"child_page-11\" class=\"child_page\" style=\"width:50%;max-width:100%;\"><div class=\"child_page-container\"><div class=\"post_thumb\"><a href=\"https:\/\/concurso.ifbaiano.edu.br\/portal\/prosel-2016-2\/pagina-inicial\/coluna2-informacoes\/\"><\/a><\/div><div class=\"post_content\"><h4><a href=\"https:\/\/concurso.ifbaiano.edu.br\/portal\/prosel-2016-2\/pagina-inicial\/coluna2-informacoes\/\">Coluna2 - Informa\u00e7\u00f5es<\/a><\/h4><div class=\"post_excerpt\">Editais e Termo de Ades\u00e3o 16\/08\/2016 &#8211;\u00a0Convoca\u00e7\u00e3o 3\u00aa Reuni\u00e3o Lista de Espera T\u00e9cnico em Agropecu\u00e1ria Campus Uru\u00e7uca 09\/08\/2016 &#8211;\u00a0Convoca\u00e7\u00e3o 2\u00aa Reuni\u00e3o Lista de Espera T\u00e9cnico em Agropecu\u00e1ria Campus Uru\u00e7uca 02\/08\/2016 &#8211;\u00a0Convoca\u00e7\u00e3o Lista de Espera T\u00e9cnico em Agropecu\u00e1ria Campus Uru\u00e7uca 28\/07\/2016 &hellip; <a href=\"https:\/\/concurso.ifbaiano.edu.br\/portal\/prosel-2016-2\/pagina-inicial\/coluna2-informacoes\/\">Continue lendo <span class=\"meta-nav\">&rarr;<\/span><\/a><\/div><\/div><!-- .post_content  --><\/div><!-- .child_page-container --><\/div><!-- #child_page-11\" -->\n<\/div>\n","protected":false},"excerpt":{"rendered":"","protected":false},"author":4,"featured_media":0,"parent":0,"menu_order":0,"comment_status":"open","ping_status":"open","template":"","meta":[],"_links":{"self":[{"href":"https:\/\/concurso.ifbaiano.edu.br\/portal\/prosel-2016-2\/wp-json\/wp\/v2\/pages\/6"}],"collection":[{"href":"https:\/\/concurso.ifbaiano.edu.br\/portal\/prosel-2016-2\/wp-json\/wp\/v2\/pages"}],"about":[{"href":"https:\/\/concurso.ifbaiano.edu.br\/portal\/prosel-2016-2\/wp-json\/wp\/v2\/types\/page"}],"author":[{"embeddable":true,"href":"https:\/\/concurso.ifbaiano.edu.br\/portal\/prosel-2016-2\/wp-json\/wp\/v2\/users\/4"}],"replies":[{"embeddable":true,"href":"https:\/\/concurso.ifbaiano.edu.br\/portal\/prosel-2016-2\/wp-json\/wp\/v2\/comments?post=6"}],"version-history":[{"count":1,"href":"https:\/\/concurso.ifbaiano.edu.br\/portal\/prosel-2016-2\/wp-json\/wp\/v2\/pages\/6\/revisions"}],"predecessor-version":[{"id":7,"href":"https:\/\/concurso.ifbaiano.edu.br\/portal\/prosel-2016-2\/wp-json\/wp\/v2\/pages\/6\/revisions\/7"}],"wp:attachment":[{"href":"https:\/\/concurso.ifbaiano.edu.br\/portal\/prosel-2016-2\/wp-json\/wp\/v2\/media?parent=6"}],"curies":[{"name":"wp","href":"https:\/\/api.w.org\/{rel}","templated":true}]}}