{"id":11,"date":"2016-06-01T17:24:32","date_gmt":"2016-06-01T17:24:32","guid":{"rendered":"http:\/\/concurso.ifbaiano.edu.br\/portal\/prosel-2016-2\/?page_id=11"},"modified":"2016-08-16T11:09:06","modified_gmt":"2016-08-16T11:09:06","slug":"coluna2-informacoes","status":"publish","type":"page","link":"https:\/\/concurso.ifbaiano.edu.br\/portal\/prosel-2016-2\/pagina-inicial\/coluna2-informacoes\/","title":{"rendered":"Coluna2 &#8211; Informa\u00e7\u00f5es"},"content":{"rendered":"<p class=\"inicial-titulo\" style=\"text-align: left\">Editais e Termo de Ades\u00e3o<\/p>\n<p style=\"text-align: left\">16\/08\/2016 &#8211;\u00a0<a title=\"Edital de Matr\u00edcula T\u00e9cnico em Agropecu\u00e1ria Campus Uru\u00e7uca\" href=\"http:\/\/concurso.ifbaiano.edu.br\/portal\/prosel-2016-2\/wp-content\/uploads\/sites\/36\/2016\/08\/Convoca\u00e7\u00e3o-3-reuni\u00e3o-lista-de-esperaURU.pdf\">Convoca\u00e7\u00e3o 3\u00aa Reuni\u00e3o Lista de Espera T\u00e9cnico em Agropecu\u00e1ria Campus Uru\u00e7uca<\/a><\/p>\n<p style=\"text-align: left\">09\/08\/2016 &#8211;\u00a0<a title=\"Edital de Matr\u00edcula T\u00e9cnico em Agropecu\u00e1ria Campus Uru\u00e7uca\" href=\"http:\/\/concurso.ifbaiano.edu.br\/portal\/prosel-2016-2\/wp-content\/uploads\/sites\/36\/2016\/08\/Convoca\u00e7\u00e3o-2-reuni\u00e3o-lista-de-esperaURU.pdf\">Convoca\u00e7\u00e3o 2\u00aa Reuni\u00e3o Lista de Espera T\u00e9cnico em Agropecu\u00e1ria Campus Uru\u00e7uca<\/a><\/p>\n<p style=\"text-align: left\">02\/08\/2016 &#8211;\u00a0<a title=\"Edital de Matr\u00edcula T\u00e9cnico em Agropecu\u00e1ria Campus Uru\u00e7uca\" href=\"http:\/\/concurso.ifbaiano.edu.br\/portal\/prosel-2016-2\/wp-content\/uploads\/sites\/36\/2016\/08\/lista-de-espera-agropecuaria-URU.pdf\">Convoca\u00e7\u00e3o Lista de Espera T\u00e9cnico em Agropecu\u00e1ria Campus Uru\u00e7uca<\/a><\/p>\n<p style=\"text-align: left\">28\/07\/2016 &#8211;\u00a0<a title=\"Edital de Matr\u00edcula T\u00e9cnico em Agropecu\u00e1ria Campus Uru\u00e7uca\" href=\"http:\/\/concurso.ifbaiano.edu.br\/portal\/prosel-2016-2\/wp-content\/uploads\/sites\/36\/2016\/07\/3-chamada-para-matricula_retificada_Campus-Urucuca_20162.pdf\">Retifica\u00e7\u00e3o Terceira Chamada T\u00e9cnico em Agropecu\u00e1ria Campus Uru\u00e7uca<\/a><\/p>\n<p style=\"text-align: left\">27\/07\/2016 &#8211;\u00a0<a title=\"Edital de Matr\u00edcula T\u00e9cnico em Agropecu\u00e1ria Campus Uru\u00e7uca\" href=\"http:\/\/concurso.ifbaiano.edu.br\/portal\/prosel-2016-2\/wp-content\/uploads\/sites\/36\/2016\/07\/3-chamada-para-matricula_Campus-Urucuca_20162.pdf\">Terceira Chamada T\u00e9cnico em Agropecu\u00e1ria Campus Uru\u00e7uca<\/a><\/p>\n<p style=\"text-align: left\">25\/07\/2016 &#8211;\u00a0<a title=\"Edital de Matr\u00edcula 04\/2016 Segunda Chamada CAMPUS Valen\u00e7a\" href=\"http:\/\/concurso.ifbaiano.edu.br\/portal\/prosel-2016-2\/wp-content\/uploads\/sites\/36\/2016\/07\/Edital-3-chamada-Valenca.pdf\">Edital de Matr\u00edcula 05\/2016 Terceira Chamada CAMPUS Valen\u00e7a<\/a><\/p>\n<p style=\"text-align: left\">22\/07\/2016 &#8211;\u00a0<a title=\"Edital de Matr\u00edcula T\u00e9cnico em Agropecu\u00e1ria Campus Uru\u00e7uca\" href=\"http:\/\/concurso.ifbaiano.edu.br\/portal\/prosel-2016-2\/wp-content\/uploads\/sites\/36\/2016\/07\/2-chamada-para-matricula_Campus-Urucuca_20162.pdf\">Segunda Chamada T\u00e9cnico em Agropecu\u00e1ria Campus Uru\u00e7uca<\/a><\/p>\n<p style=\"text-align: left\">20\/07\/2016 &#8211;\u00a0<a title=\"Edital de Matr\u00edcula 04\/2016 Segunda Chamada CAMPUS Valen\u00e7a\" href=\"http:\/\/concurso.ifbaiano.edu.br\/portal\/prosel-2016-2\/wp-content\/uploads\/sites\/36\/2016\/07\/20160720095112108.pdf\">Edital de Matr\u00edcula 04\/2016 Segunda Chamada CAMPUS Valen\u00e7a<\/a><\/p>\n<p style=\"text-align: left\">15\/07\/2016 &#8211;\u00a0<a title=\"Edital de Matr\u00edcula T\u00e9cnico em Agropecu\u00e1ria Campus Uru\u00e7uca\" href=\"http:\/\/concurso.ifbaiano.edu.br\/portal\/prosel-2016-2\/wp-content\/uploads\/sites\/36\/2016\/07\/Edital-de-Matricula-Agropecuaria-2016-URU.pdf\">Edital de Matr\u00edcula T\u00e9cnico em Agropecu\u00e1ria Campus Uru\u00e7uca<\/a><\/p>\n<p style=\"text-align: left\">14\/07\/2016 &#8211;\u00a0<a title=\"Edital de Matr\u00edcula 2016.2 Campus Valen\u00e7a\" href=\"http:\/\/concurso.ifbaiano.edu.br\/portal\/prosel-2016-2\/wp-content\/uploads\/sites\/36\/2016\/07\/Edital-de-matr\u00edcula-20162-valen\u00e7a.pdf\">Edital de Matr\u00edcula 2016.2 Campus Valen\u00e7a<\/a><\/p>\n<p style=\"text-align: left\">14\/07\/2016 &#8211;\u00a0<a title=\"Edital de Retifica\u00e7\u00e3o N\u00ba 50\/2016\" href=\"http:\/\/concurso.ifbaiano.edu.br\/portal\/prosel-2016-2\/wp-content\/uploads\/sites\/36\/2016\/07\/Edital-54-2016-2.pdf\">Edital de Retifica\u00e7\u00e3o N\u00ba 54\/2016<\/a><\/p>\n<p style=\"text-align: left\">05\/07\/2016 &#8211;\u00a0<a title=\"Edital de Retifica\u00e7\u00e3o N\u00ba 50\/2016\" href=\"http:\/\/concurso.ifbaiano.edu.br\/portal\/prosel-2016-2\/wp-content\/uploads\/sites\/36\/2016\/07\/EDITAL-DE-RETIFICACAO-N-50-DE-04-DE-JULHO-DE-2016.pdf\">Edital de Retifica\u00e7\u00e3o N\u00ba 50\/2016<\/a><\/p>\n<p style=\"text-align: left\">22\/06\/2016 &#8211;\u00a0<a title=\"Edital de Retifica\u00e7\u00e3o N\u00ba 46\/2016\" href=\"http:\/\/concurso.ifbaiano.edu.br\/portal\/prosel-2016-2\/wp-content\/uploads\/sites\/36\/2016\/06\/Edital-de-Retificacao-n-47-Processo-Seletivo-20162.pdf\">Edital de Retifica\u00e7\u00e3o N\u00ba 47\/2016<\/a><\/p>\n<p style=\"text-align: left\">20\/06\/2016 &#8211;\u00a0<a title=\"Edital de Retifica\u00e7\u00e3o N\u00ba 46\/2016\" href=\"http:\/\/concurso.ifbaiano.edu.br\/portal\/prosel-2016-2\/wp-content\/uploads\/sites\/36\/2016\/06\/EDITAL-DE-RETIFICA\u00c7\u00c3O-N\u00b0-46-DE-20-DE-JUNHO-DE-2016.pdf\">Edital de Retifica\u00e7\u00e3o N\u00ba 46\/2016<\/a><\/p>\n<p style=\"text-align: left\">01\/06\/2016 &#8211; <a href=\"http:\/\/concurso.ifbaiano.edu.br\/portal\/prosel-2016-2\/wp-content\/uploads\/sites\/36\/2016\/06\/Edital-n.-36-Processo-Seletivo-2016.2.pdf\">Edital de Abertura N\u00ba 36\/2016<\/a><\/p>\n<p style=\"text-align: left\">01\/06\/2016 &#8211; <a href=\"http:\/\/concurso.ifbaiano.edu.br\/portal\/prosel-2016-2\/wp-content\/uploads\/sites\/36\/2016\/06\/manual-do-candidato-if-baiano-processo-seletivo-2016-2-1.pdf\">Manual do Candidato<\/a><\/p>\n<p style=\"text-align: left\">01\/06\/2016 &#8211; <a href=\"http:\/\/processoseletivo.ifbaiano.ifb.edu.br\/auth\/usuarios\/entrar\">Link para Inscri\u00e7\u00f5es<\/a><\/p>\n<p class=\"inicial-titulo\" style=\"text-align: left\">RESULTADO PRELIMINAR DA AN\u00c1LISE DA DOCUMENTA\u00c7\u00c3O COMPROBAT\u00d3RIA DA RESERVA DE VAGAS<\/p>\n<p style=\"text-align: left\">01\/07\/2016 &#8211;\u00a0<a title=\"Edital de Retifica\u00e7\u00e3o N\u00ba 46\/2016\" href=\"http:\/\/concurso.ifbaiano.edu.br\/portal\/prosel-2016-2\/wp-content\/uploads\/sites\/36\/2016\/07\/TECNICO-EM-AGROPECUARIA-SUBSEQUENTE-DIURNO-CAMPUS-URUCUCA.pdf\">HOMOLOGADOS T\u00c9CNICO EM AGROPECU\u00c1RIA SUBSEQUENTE DIURNO &#8211; CAMPUS URU\u00c7UCA<\/a><\/p>\n<p style=\"text-align: left\">01\/07\/2016 &#8211;\u00a0<a title=\"Edital de Retifica\u00e7\u00e3o N\u00ba 46\/2016\" href=\"http:\/\/concurso.ifbaiano.edu.br\/portal\/prosel-2016-2\/wp-content\/uploads\/sites\/36\/2016\/07\/TECNICO-EM-AGROPECUARIA-SUBSEQUENTE-VESPERTINO-CAMPUS-VALENCA.pdf\">HOMOLOGADOS T\u00c9CNICO EM AGROPECU\u00c1RIA SUBSEQUENTE VESPERTINO &#8211; CAMPUS VALEN\u00c7A<\/a><\/p>\n<p style=\"text-align: left\">01\/07\/2016 &#8211;\u00a0<a title=\"Edital de Retifica\u00e7\u00e3o N\u00ba 46\/2016\" href=\"http:\/\/concurso.ifbaiano.edu.br\/portal\/prosel-2016-2\/wp-content\/uploads\/sites\/36\/2016\/07\/TECNICO-EM-MEIO-AMBIENTE-SUBSEQUENTE-MATUTINO-CAMPUS-VALENCA.pdf\">HOMOLOGADOS T\u00c9CNICO EM MEIO AMBIENTE SUBSEQUENTE MATUTINO &#8211; CAMPUS VALEN\u00c7A<\/a><\/p>\n<p style=\"text-align: left\">01\/07\/2016 &#8211;\u00a0<a title=\"Edital de Retifica\u00e7\u00e3o N\u00ba 46\/2016\" href=\"http:\/\/concurso.ifbaiano.edu.br\/portal\/prosel-2016-2\/wp-content\/uploads\/sites\/36\/2016\/07\/TECNICO-EM-MEIO-AMBIENTE-SUBSEQUENTE-NOTURNO-CAMPUS-VALENCA.pdf\">HOMOLOGADOS T\u00c9CNICO EM MEIO AMBIENTE SUBSEQUENTE NOTURNO &#8211; CAMPUS VALEN\u00c7A<\/a><\/p>\n<p style=\"text-align: left\">04\/07\/2016 &#8211;\u00a0<a title=\"Edital de Retifica\u00e7\u00e3o N\u00ba 46\/2016\" href=\"http:\/\/concurso.ifbaiano.edu.br\/portal\/prosel-2016-2\/wp-content\/uploads\/sites\/36\/2016\/07\/RETIFICADO-TECNICO-EM-AGROPECUARIA-SUBSEQUENTE-DIURNO-CAMPUS-URUCUCA.pdf\">HOMOLOGADOS T\u00c9CNICO EM AGROPECU\u00c1RIA SUBSEQUENTE DIURNO &#8211; CAMPUS URU\u00c7UCA<strong>(RETIFICADO)<\/strong><\/a><\/p>\n<p style=\"text-align: left\">04\/07\/2016 &#8211;\u00a0<a title=\"Edital de Retifica\u00e7\u00e3o N\u00ba 46\/2016\" href=\"http:\/\/concurso.ifbaiano.edu.br\/portal\/prosel-2016-2\/wp-content\/uploads\/sites\/36\/2016\/07\/RETIFICADO-TECNICO-EM-AGROPECUARIA-SUBSEQUENTE-VESPERTINO-CAMPUS-VALENCA.pdf\">HOMOLOGADOS T\u00c9CNICO EM AGROPECU\u00c1RIA SUBSEQUENTE VESPERTINO &#8211; CAMPUS VALEN\u00c7A<strong>(RETIFICADO)<\/strong><\/a><\/p>\n<p style=\"text-align: left\">04\/07\/2016 &#8211;\u00a0<a title=\"Edital de Retifica\u00e7\u00e3o N\u00ba 46\/2016\" href=\"http:\/\/concurso.ifbaiano.edu.br\/portal\/prosel-2016-2\/wp-content\/uploads\/sites\/36\/2016\/07\/RETIFICADO-TECNICO-EM-MEIO-AMBIENTE-SUBSEQUENTE-MATUTINO-CAMPUS-VALENCA.pdf\">HOMOLOGADOS T\u00c9CNICO EM MEIO AMBIENTE SUBSEQUENTE MATUTINO &#8211; CAMPUS VALEN\u00c7A<strong>(RETIFICADO)<\/strong><\/a><\/p>\n<p style=\"text-align: left\">04\/07\/2016 &#8211;\u00a0<a title=\"Edital de Retifica\u00e7\u00e3o N\u00ba 46\/2016\" href=\"http:\/\/concurso.ifbaiano.edu.br\/portal\/prosel-2016-2\/wp-content\/uploads\/sites\/36\/2016\/07\/RETIFICADO-TECNICO-EM-MEIO-AMBIENTE-SUBSEQUENTE-NOTURNO-CAMPUS-VALENCA.pdf\">HOMOLOGADOS T\u00c9CNICO EM MEIO AMBIENTE SUBSEQUENTE NOTURNO &#8211; CAMPUS VALEN\u00c7A<strong>(RETIFICADO)<\/strong><\/a><\/p>\n<p>&nbsp;<\/p>\n<p class=\"inicial-titulo\" style=\"text-align: left\">Informes aos Candidatos<\/p>\n<p>08\/07\/2016 &#8211;\u00a0<a title=\"Edital de Retifica\u00e7\u00e3o N\u00ba 46\/2016\" href=\"http:\/\/concurso.ifbaiano.edu.br\/portal\/prosel-2016-2\/wp-content\/uploads\/sites\/36\/2016\/07\/Comunicado-adiamento-resultado.pdf\">Comunicado adiamento publica\u00e7\u00e3o lista de resultados Processo Seletivo<\/a><\/p>\n<p>14\/07\/2016 &#8211;\u00a0<a title=\"Edital de Retifica\u00e7\u00e3o N\u00ba 46\/2016\" href=\"http:\/\/concurso.ifbaiano.edu.br\/portal\/prosel-2016-2\/wp-content\/uploads\/sites\/36\/2016\/07\/Comunicado-n-2.pdf\">Comunicado novo sorteio para o Processo Seletivo<\/a><\/p>\n<p class=\"inicial-titulo\" style=\"text-align: left\">RESULTADO FINAL DA AN\u00c1LISE DA DOCUMENTA\u00c7\u00c3O COMPROBAT\u00d3RIA DA RESERVA DE VAGAS<\/p>\n<p>07\/07\/2016 &#8211;\u00a0<a title=\"Edital de Retifica\u00e7\u00e3o N\u00ba 46\/2016\" href=\"http:\/\/concurso.ifbaiano.edu.br\/portal\/prosel-2016-2\/wp-content\/uploads\/sites\/36\/2016\/07\/FINAL-TECNICO-EM-AGROPECUARIA-SUBSEQUENTE-DIURNO-CAMPUS-URUCUCA.pdf\">HOMOLOGADOS T\u00c9CNICO EM AGROPECU\u00c1RIA SUBSEQUENTE DIURNO &#8211; CAMPUS URU\u00c7UCA<\/a><\/p>\n<p style=\"text-align: left\">07\/07\/2016 &#8211;\u00a0<a title=\"Edital de Retifica\u00e7\u00e3o N\u00ba 46\/2016\" href=\"http:\/\/concurso.ifbaiano.edu.br\/portal\/prosel-2016-2\/wp-content\/uploads\/sites\/36\/2016\/07\/FINAL-TECNICO-EM-AGROPECUARIA-SUBSEQUENTE-VESPERTINO-CAMPUS-VALENCA.pdf\">HOMOLOGADOS T\u00c9CNICO EM AGROPECU\u00c1RIA SUBSEQUENTE VESPERTINO &#8211; CAMPUS VALEN\u00c7A<\/a><\/p>\n<p style=\"text-align: left\">07\/07\/2016 &#8211;\u00a0<a title=\"Edital de Retifica\u00e7\u00e3o N\u00ba 46\/2016\" href=\"http:\/\/concurso.ifbaiano.edu.br\/portal\/prosel-2016-2\/wp-content\/uploads\/sites\/36\/2016\/07\/FINAL-TECNICO-EM-MEIO-AMBIENTE-SUBSEQUENTE-MATUTINO-CAMPUS-VALENCA.pdf\">HOMOLOGADOS T\u00c9CNICO EM MEIO AMBIENTE SUBSEQUENTE MATUTINO &#8211; CAMPUS VALEN\u00c7A<\/a><\/p>\n<p style=\"text-align: left\">07\/07\/2016 &#8211;\u00a0<a title=\"Edital de Retifica\u00e7\u00e3o N\u00ba 46\/2016\" href=\"http:\/\/concurso.ifbaiano.edu.br\/portal\/prosel-2016-2\/wp-content\/uploads\/sites\/36\/2016\/07\/FINAL-TECNICO-EM-MEIO-AMBIENTE-SUBSEQUENTE-NOTURNO-CAMPUS-VALENCA.pdf\">HOMOLOGADOS T\u00c9CNICO EM MEIO AMBIENTE SUBSEQUENTE NOTURNO &#8211; CAMPUS VALEN\u00c7A<\/a><\/p>\n<p class=\"inicial-titulo\" style=\"text-align: left\">RESULTADOS<\/p>\n<p>14\/07\/2016 &#8211;\u00a0<a title=\"Edital de Retifica\u00e7\u00e3o N\u00ba 46\/2016\" href=\"http:\/\/concurso.ifbaiano.edu.br\/portal\/prosel-2016-2\/wp-content\/uploads\/sites\/36\/2016\/07\/Sorteio-2016-07-14-12-32-47-0300-Agropecu\u00e1ria-Urucuca.pdf\">RESULTADO T\u00c9CNICO EM AGROPECU\u00c1RIA SUBSEQUENTE DIURNO &#8211; CAMPUS URU\u00c7UCA<\/a><\/p>\n<p style=\"text-align: left\">14\/07\/2016 &#8211;\u00a0<a title=\"Edital de Retifica\u00e7\u00e3o N\u00ba 46\/2016\" href=\"http:\/\/concurso.ifbaiano.edu.br\/portal\/prosel-2016-2\/wp-content\/uploads\/sites\/36\/2016\/07\/Sorteio-2016-07-14-12-33-39-0300-Agropecu\u00e1ria-Valenca.pdf\">RESULTADO T\u00c9CNICO EM AGROPECU\u00c1RIA SUBSEQUENTE VESPERTINO &#8211; CAMPUS VALEN\u00c7A<\/a><\/p>\n<p style=\"text-align: left\">14\/07\/2016 &#8211;\u00a0<a title=\"Edital de Retifica\u00e7\u00e3o N\u00ba 46\/2016\" href=\"http:\/\/concurso.ifbaiano.edu.br\/portal\/prosel-2016-2\/wp-content\/uploads\/sites\/36\/2016\/07\/Sorteio-2016-07-14-12-34-29-0300-Meio-amb.-Matutino-Valenca.pdf\">RESULTADO T\u00c9CNICO EM MEIO AMBIENTE SUBSEQUENTE MATUTINO &#8211; CAMPUS VALEN\u00c7A<\/a><\/p>\n<p style=\"text-align: left\">14\/07\/2016 &#8211;\u00a0<a title=\"Edital de Retifica\u00e7\u00e3o N\u00ba 46\/2016\" href=\"http:\/\/concurso.ifbaiano.edu.br\/portal\/prosel-2016-2\/wp-content\/uploads\/sites\/36\/2016\/07\/Sorteio-2016-07-14-12-34-29-0300-Meio-Amb.-noturno-Valenca.pdf\">RESULTADO T\u00c9CNICO EM MEIO AMBIENTE SUBSEQUENTE NOTURNO &#8211; CAMPUS VALEN\u00c7A<\/a><\/p>\n<p>&nbsp;<\/p>\n","protected":false},"excerpt":{"rendered":"<p>Editais e Termo de Ades\u00e3o 16\/08\/2016 &#8211;\u00a0Convoca\u00e7\u00e3o 3\u00aa Reuni\u00e3o Lista de Espera T\u00e9cnico em Agropecu\u00e1ria Campus Uru\u00e7uca 09\/08\/2016 &#8211;\u00a0Convoca\u00e7\u00e3o 2\u00aa Reuni\u00e3o Lista de Espera T\u00e9cnico em Agropecu\u00e1ria Campus Uru\u00e7uca 02\/08\/2016 &#8211;\u00a0Convoca\u00e7\u00e3o Lista de Espera T\u00e9cnico em Agropecu\u00e1ria Campus Uru\u00e7uca 28\/07\/2016 &hellip; <a href=\"https:\/\/concurso.ifbaiano.edu.br\/portal\/prosel-2016-2\/pagina-inicial\/coluna2-informacoes\/\">Continue lendo <span class=\"meta-nav\">&rarr;<\/span><\/a><\/p>\n","protected":false},"author":4,"featured_media":0,"parent":6,"menu_order":2,"comment_status":"open","ping_status":"open","template":"","meta":[],"_links":{"self":[{"href":"https:\/\/concurso.ifbaiano.edu.br\/portal\/prosel-2016-2\/wp-json\/wp\/v2\/pages\/11"}],"collection":[{"href":"https:\/\/concurso.ifbaiano.edu.br\/portal\/prosel-2016-2\/wp-json\/wp\/v2\/pages"}],"about":[{"href":"https:\/\/concurso.ifbaiano.edu.br\/portal\/prosel-2016-2\/wp-json\/wp\/v2\/types\/page"}],"author":[{"embeddable":true,"href":"https:\/\/concurso.ifbaiano.edu.br\/portal\/prosel-2016-2\/wp-json\/wp\/v2\/users\/4"}],"replies":[{"embeddable":true,"href":"https:\/\/concurso.ifbaiano.edu.br\/portal\/prosel-2016-2\/wp-json\/wp\/v2\/comments?post=11"}],"version-history":[{"count":55,"href":"https:\/\/concurso.ifbaiano.edu.br\/portal\/prosel-2016-2\/wp-json\/wp\/v2\/pages\/11\/revisions"}],"predecessor-version":[{"id":122,"href":"https:\/\/concurso.ifbaiano.edu.br\/portal\/prosel-2016-2\/wp-json\/wp\/v2\/pages\/11\/revisions\/122"}],"up":[{"embeddable":true,"href":"https:\/\/concurso.ifbaiano.edu.br\/portal\/prosel-2016-2\/wp-json\/wp\/v2\/pages\/6"}],"wp:attachment":[{"href":"https:\/\/concurso.ifbaiano.edu.br\/portal\/prosel-2016-2\/wp-json\/wp\/v2\/media?parent=11"}],"curies":[{"name":"wp","href":"https:\/\/api.w.org\/{rel}","templated":true}]}}