{"id":8,"date":"2015-11-16T13:19:59","date_gmt":"2015-11-16T13:19:59","guid":{"rendered":"http:\/\/concurso.ifbaiano.edu.br\/portal\/pronera20161\/?page_id=8"},"modified":"2015-11-16T13:19:59","modified_gmt":"2015-11-16T13:19:59","slug":"pagina-inicial","status":"publish","type":"page","link":"https:\/\/concurso.ifbaiano.edu.br\/portal\/pronera20161e\/","title":{"rendered":"P\u00e1gina Inicial"},"content":{"rendered":"<div class=\"child_pages child_pages-thumbnail\">\n<div id=\"child_page-10\" class=\"child_page\" style=\"width:50%;max-width:100%;\"><div class=\"child_page-container\"><div class=\"post_thumb\"><a href=\"https:\/\/concurso.ifbaiano.edu.br\/portal\/pronera20161e\/pagina-inicial\/coluna-1-o-processo-seletivo\/\"><\/a><\/div><div class=\"post_content\"><h4><a href=\"https:\/\/concurso.ifbaiano.edu.br\/portal\/pronera20161e\/pagina-inicial\/coluna-1-o-processo-seletivo\/\">Coluna 1 - O Processo Seletivo<\/a><\/h4><div class=\"post_excerpt\">O Processo Seletivo O Reitor substituto, no exerc\u00edcio do cargo, do Instituto Federal de Educa\u00e7\u00e3o, Ci\u00eancia e Tecnologia Baiano \u2013 IF BAIANO, institui\u00e7\u00e3o criada pela Lei n\u00b0. 11.892, de 29 de dezembro de 2008, publicada no Di\u00e1rio Oficial da Uni\u00e3o &hellip; <a href=\"https:\/\/concurso.ifbaiano.edu.br\/portal\/pronera20161e\/pagina-inicial\/coluna-1-o-processo-seletivo\/\">Continue lendo <span class=\"meta-nav\">&rarr;<\/span><\/a><\/div><\/div><!-- .post_content  --><\/div><!-- .child_page-container --><\/div><!-- #child_page-10\" -->\n\n<div id=\"child_page-12\" class=\"child_page\" style=\"width:50%;max-width:100%;\"><div class=\"child_page-container\"><div class=\"post_thumb\"><a href=\"https:\/\/concurso.ifbaiano.edu.br\/portal\/pronera20161e\/pagina-inicial\/coluna-2-informacoes\/\"><\/a><\/div><div class=\"post_content\"><h4><a href=\"https:\/\/concurso.ifbaiano.edu.br\/portal\/pronera20161e\/pagina-inicial\/coluna-2-informacoes\/\">Coluna 2 - Informa\u00e7\u00f5es<\/a><\/h4><div class=\"post_excerpt\">Publica\u00e7\u00f5es:\u00a0 &nbsp; 07\/04\/2016 &#8211; Lista de selecionados e convoca\u00e7\u00e3o para matr\u00edcula 07\/04\/2016 &#8211; Altera\u00e7\u00e3o 4 do Edital 17\/2016 15\/02\/2016 &#8211; Altera\u00e7\u00e3o 3 do Edital 17\/2016 Anexo V 02\/03\/2016 &#8211;\u00a0Altera\u00e7\u00e3o 2 do Edital 17\/2016 Anexo V 24\/02\/2016 &#8211;\u00a0Altera\u00e7\u00e3o 1 do Edital &hellip; <a href=\"https:\/\/concurso.ifbaiano.edu.br\/portal\/pronera20161e\/pagina-inicial\/coluna-2-informacoes\/\">Continue lendo <span class=\"meta-nav\">&rarr;<\/span><\/a><\/div><\/div><!-- .post_content  --><\/div><!-- .child_page-container --><\/div><!-- #child_page-12\" -->\n<\/div>\n","protected":false},"excerpt":{"rendered":"","protected":false},"author":5,"featured_media":0,"parent":0,"menu_order":0,"comment_status":"closed","ping_status":"closed","template":"","meta":[],"_links":{"self":[{"href":"https:\/\/concurso.ifbaiano.edu.br\/portal\/pronera20161e\/wp-json\/wp\/v2\/pages\/8"}],"collection":[{"href":"https:\/\/concurso.ifbaiano.edu.br\/portal\/pronera20161e\/wp-json\/wp\/v2\/pages"}],"about":[{"href":"https:\/\/concurso.ifbaiano.edu.br\/portal\/pronera20161e\/wp-json\/wp\/v2\/types\/page"}],"author":[{"embeddable":true,"href":"https:\/\/concurso.ifbaiano.edu.br\/portal\/pronera20161e\/wp-json\/wp\/v2\/users\/5"}],"replies":[{"embeddable":true,"href":"https:\/\/concurso.ifbaiano.edu.br\/portal\/pronera20161e\/wp-json\/wp\/v2\/comments?post=8"}],"version-history":[{"count":0,"href":"https:\/\/concurso.ifbaiano.edu.br\/portal\/pronera20161e\/wp-json\/wp\/v2\/pages\/8\/revisions"}],"wp:attachment":[{"href":"https:\/\/concurso.ifbaiano.edu.br\/portal\/pronera20161e\/wp-json\/wp\/v2\/media?parent=8"}],"curies":[{"name":"wp","href":"https:\/\/api.w.org\/{rel}","templated":true}]}}