{"id":12,"date":"2015-11-16T13:21:02","date_gmt":"2015-11-16T13:21:02","guid":{"rendered":"http:\/\/concurso.ifbaiano.edu.br\/portal\/pronera20161\/?page_id=12"},"modified":"2016-04-07T16:53:12","modified_gmt":"2016-04-07T16:53:12","slug":"coluna-2-informacoes","status":"publish","type":"page","link":"https:\/\/concurso.ifbaiano.edu.br\/portal\/pronera20161e\/pagina-inicial\/coluna-2-informacoes\/","title":{"rendered":"Coluna 2 &#8211; Informa\u00e7\u00f5es"},"content":{"rendered":"<p class=\"inicial-titulo\" style=\"text-align: left\"><a href=\"http:\/\/concurso.ifbaiano.edu.br\/portal\/discenteead20132\/wp-content\/uploads\/sites\/5\/2013\/10\/Nota-de-Esclarecimento1.pdf\" target=\"_blank\">Publica\u00e7\u00f5es:<strong><strong><span style=\"color: #ff0000\">\u00a0<\/span><\/strong><\/strong><\/a><\/p>\n<p>\n&nbsp;<\/p>\n<p><a href=\"http:\/\/concurso.ifbaiano.edu.br\/portal\/pronera20161e\/wp-content\/uploads\/sites\/32\/2015\/11\/LISTA-DE-SELECIONADOS-e-CONVOCA\u00c7\u00c3O-PARA-MATRICULA-PRONERA-1.pdf\" target=\"_blank\">07\/04\/2016 &#8211; Lista de selecionados e convoca\u00e7\u00e3o para matr\u00edcula<\/a><\/p>\n<p><a href=\"http:\/\/concurso.ifbaiano.edu.br\/portal\/pronera20161e\/wp-content\/uploads\/sites\/32\/2015\/11\/Alteracao4-Do_Cronograma-Edital-17_2016-2.pdf\" target=\"_blank\">07\/04\/2016 &#8211; Altera\u00e7\u00e3o 4 do Edital 17\/2016<\/a><\/p>\n<p><a href=\"http:\/\/concurso.ifbaiano.edu.br\/portal\/pronera20161e\/wp-content\/uploads\/sites\/32\/2015\/11\/Alteracao3-_-Do-Edital-17_2016_Anexo_V_Cronograma.pdf\" target=\"_blank\">15\/02\/2016 &#8211; Altera\u00e7\u00e3o 3 do Edital 17\/2016 Anexo V<\/a><\/p>\n<p><a href=\"http:\/\/concurso.ifbaiano.edu.br\/portal\/pronera20161e\/wp-content\/uploads\/sites\/32\/2015\/11\/Alteracao3-_-Do-Edital-17_2016_Anexo_V_Cronograma.pdf\" target=\"_blank\"><span style=\"font-size: 14px\">02\/03\/2016 &#8211;\u00a0Altera\u00e7\u00e3o 2 do Edital 17\/2016 Anexo V<\/span><\/a><\/p>\n<p><span style=\"font-size: 14px\">24\/02\/2016 &#8211;\u00a0<a href=\"http:\/\/concurso.ifbaiano.edu.br\/portal\/pronera20161e\/wp-content\/uploads\/sites\/32\/2015\/11\/Altera\u00e7\u00e3o-1_-Do-Edital-17_2016_Anexo_IV.pdf\" target=\"_blank\">Altera\u00e7\u00e3o 1 do Edital 17\/2016 Anexo IV<\/a><\/span><\/p>\n<p><span style=\"font-size: 14px\">22\/02\/2016 &#8211;\u00a0<\/span><a href=\"http:\/\/concurso.ifbaiano.edu.br\/portal\/pronera20161e\/wp-content\/uploads\/sites\/32\/2015\/11\/Edital.PRONERA.Selecao.de_.Estudantes.versao.para_.publicacao.pdf\" target=\"_blank\">Edital de Abertura N\u00ba 17\/2016<\/a><\/p>\n","protected":false},"excerpt":{"rendered":"<p>Publica\u00e7\u00f5es:\u00a0 &nbsp; 07\/04\/2016 &#8211; Lista de selecionados e convoca\u00e7\u00e3o para matr\u00edcula 07\/04\/2016 &#8211; Altera\u00e7\u00e3o 4 do Edital 17\/2016 15\/02\/2016 &#8211; Altera\u00e7\u00e3o 3 do Edital 17\/2016 Anexo V 02\/03\/2016 &#8211;\u00a0Altera\u00e7\u00e3o 2 do Edital 17\/2016 Anexo V 24\/02\/2016 &#8211;\u00a0Altera\u00e7\u00e3o 1 do Edital &hellip; <a href=\"https:\/\/concurso.ifbaiano.edu.br\/portal\/pronera20161e\/pagina-inicial\/coluna-2-informacoes\/\">Continue lendo <span class=\"meta-nav\">&rarr;<\/span><\/a><\/p>\n","protected":false},"author":5,"featured_media":0,"parent":8,"menu_order":1,"comment_status":"closed","ping_status":"closed","template":"","meta":[],"_links":{"self":[{"href":"https:\/\/concurso.ifbaiano.edu.br\/portal\/pronera20161e\/wp-json\/wp\/v2\/pages\/12"}],"collection":[{"href":"https:\/\/concurso.ifbaiano.edu.br\/portal\/pronera20161e\/wp-json\/wp\/v2\/pages"}],"about":[{"href":"https:\/\/concurso.ifbaiano.edu.br\/portal\/pronera20161e\/wp-json\/wp\/v2\/types\/page"}],"author":[{"embeddable":true,"href":"https:\/\/concurso.ifbaiano.edu.br\/portal\/pronera20161e\/wp-json\/wp\/v2\/users\/5"}],"replies":[{"embeddable":true,"href":"https:\/\/concurso.ifbaiano.edu.br\/portal\/pronera20161e\/wp-json\/wp\/v2\/comments?post=12"}],"version-history":[{"count":45,"href":"https:\/\/concurso.ifbaiano.edu.br\/portal\/pronera20161e\/wp-json\/wp\/v2\/pages\/12\/revisions"}],"predecessor-version":[{"id":83,"href":"https:\/\/concurso.ifbaiano.edu.br\/portal\/pronera20161e\/wp-json\/wp\/v2\/pages\/12\/revisions\/83"}],"up":[{"embeddable":true,"href":"https:\/\/concurso.ifbaiano.edu.br\/portal\/pronera20161e\/wp-json\/wp\/v2\/pages\/8"}],"wp:attachment":[{"href":"https:\/\/concurso.ifbaiano.edu.br\/portal\/pronera20161e\/wp-json\/wp\/v2\/media?parent=12"}],"curies":[{"name":"wp","href":"https:\/\/api.w.org\/{rel}","templated":true}]}}