{"id":10,"date":"2015-11-16T13:20:22","date_gmt":"2015-11-16T13:20:22","guid":{"rendered":"http:\/\/concurso.ifbaiano.edu.br\/portal\/pronera20161\/?page_id=10"},"modified":"2016-02-23T13:29:52","modified_gmt":"2016-02-23T13:29:52","slug":"coluna-1-o-processo-seletivo","status":"publish","type":"page","link":"https:\/\/concurso.ifbaiano.edu.br\/portal\/pronera20161e\/pagina-inicial\/coluna-1-o-processo-seletivo\/","title":{"rendered":"Coluna 1 &#8211; O Processo Seletivo"},"content":{"rendered":"<p class=\"inicial-titulo\" style=\"text-align: left\">O Processo Seletivo<\/p>\n<p>O Reitor substituto, no exerc\u00edcio do cargo, do Instituto Federal de Educa\u00e7\u00e3o, Ci\u00eancia e Tecnologia Baiano \u2013 IF BAIANO, institui\u00e7\u00e3o criada pela Lei n\u00b0. 11.892, de 29 de dezembro de 2008, publicada no Di\u00e1rio Oficial da Uni\u00e3o \u2013 D.O.U. do dia subsequente, no uso de suas atribui\u00e7\u00f5es legais, torna p\u00fablica a abertura de inscri\u00e7\u00f5es do Processo Seletivo para Ingresso de Estudantes, sob a reg\u00eancia da Lei Federal n\u00ba 11.947\/2009, art. 33\u00ba, que disp\u00f5e sobre a institui\u00e7\u00e3o do Pronera no MDA\/Incra e do Decreto n.\u00ba 7.352\/2010, que disp\u00f5e sobre a pol\u00edtica de Educa\u00e7\u00e3o do Campo e o Programa Nacional de Educa\u00e7\u00e3o na Reforma Agr\u00e1ria, art. 11-18; faz saber que as inscri\u00e7\u00f5es estar\u00e3o abertas, no curso presencial m\u00e9dio integrado em T\u00e9cnico em Agropecu\u00e1ria em regime de altern\u00e2ncia do Programa Nacional de Educa\u00e7\u00e3o na Reforma Agr\u00e1ria \u2013 Pronera, na forma de oferta Integrada ao Ensino M\u00e9dio, para o Campus Serrinha em conformidade com as legisla\u00e7\u00f5es atinentes aos Cursos Ofertados pelo Pronera e em conson\u00e2ncia com as normas vigentes dos Institutos Federais e Minist\u00e9rio da Educa\u00e7\u00e3o, \u00a0conforme Edital n\u00ba 17\/2016.<\/p>\n<p class=\"inicial-titulo\"><span style=\"font-size: 16px\">Inscri\u00e7\u00f5es<\/span><\/p>\n<p>A inscri\u00e7\u00e3o neste Processo Seletivo ser\u00e1 feita no per\u00edodo conforme estabelecido no Cronograma disposto no anexo V.<\/p>\n","protected":false},"excerpt":{"rendered":"<p>O Processo Seletivo O Reitor substituto, no exerc\u00edcio do cargo, do Instituto Federal de Educa\u00e7\u00e3o, Ci\u00eancia e Tecnologia Baiano \u2013 IF BAIANO, institui\u00e7\u00e3o criada pela Lei n\u00b0. 11.892, de 29 de dezembro de 2008, publicada no Di\u00e1rio Oficial da Uni\u00e3o &hellip; <a href=\"https:\/\/concurso.ifbaiano.edu.br\/portal\/pronera20161e\/pagina-inicial\/coluna-1-o-processo-seletivo\/\">Continue lendo <span class=\"meta-nav\">&rarr;<\/span><\/a><\/p>\n","protected":false},"author":5,"featured_media":0,"parent":8,"menu_order":0,"comment_status":"closed","ping_status":"closed","template":"","meta":[],"_links":{"self":[{"href":"https:\/\/concurso.ifbaiano.edu.br\/portal\/pronera20161e\/wp-json\/wp\/v2\/pages\/10"}],"collection":[{"href":"https:\/\/concurso.ifbaiano.edu.br\/portal\/pronera20161e\/wp-json\/wp\/v2\/pages"}],"about":[{"href":"https:\/\/concurso.ifbaiano.edu.br\/portal\/pronera20161e\/wp-json\/wp\/v2\/types\/page"}],"author":[{"embeddable":true,"href":"https:\/\/concurso.ifbaiano.edu.br\/portal\/pronera20161e\/wp-json\/wp\/v2\/users\/5"}],"replies":[{"embeddable":true,"href":"https:\/\/concurso.ifbaiano.edu.br\/portal\/pronera20161e\/wp-json\/wp\/v2\/comments?post=10"}],"version-history":[{"count":4,"href":"https:\/\/concurso.ifbaiano.edu.br\/portal\/pronera20161e\/wp-json\/wp\/v2\/pages\/10\/revisions"}],"predecessor-version":[{"id":33,"href":"https:\/\/concurso.ifbaiano.edu.br\/portal\/pronera20161e\/wp-json\/wp\/v2\/pages\/10\/revisions\/33"}],"up":[{"embeddable":true,"href":"https:\/\/concurso.ifbaiano.edu.br\/portal\/pronera20161e\/wp-json\/wp\/v2\/pages\/8"}],"wp:attachment":[{"href":"https:\/\/concurso.ifbaiano.edu.br\/portal\/pronera20161e\/wp-json\/wp\/v2\/media?parent=10"}],"curies":[{"name":"wp","href":"https:\/\/api.w.org\/{rel}","templated":true}]}}