{"id":8,"date":"2015-11-16T13:19:59","date_gmt":"2015-11-16T13:19:59","guid":{"rendered":"http:\/\/concurso.ifbaiano.edu.br\/portal\/pronera20161\/?page_id=8"},"modified":"2015-11-16T13:25:29","modified_gmt":"2015-11-16T13:25:29","slug":"pagina-inicial","status":"publish","type":"page","link":"https:\/\/concurso.ifbaiano.edu.br\/portal\/pronera20161\/","title":{"rendered":"P\u00e1gina Inicial"},"content":{"rendered":"<div class=\"child_pages child_pages-thumbnail\">\n<div id=\"child_page-10\" class=\"child_page\" style=\"width:50%;max-width:100%;\"><div class=\"child_page-container\"><div class=\"post_thumb\"><a href=\"https:\/\/concurso.ifbaiano.edu.br\/portal\/pronera20161\/pagina-inicial\/coluna-1-o-processo-seletivo\/\"><\/a><\/div><div class=\"post_content\"><h4><a href=\"https:\/\/concurso.ifbaiano.edu.br\/portal\/pronera20161\/pagina-inicial\/coluna-1-o-processo-seletivo\/\">Coluna 1 - O Processo Seletivo<\/a><\/h4><div class=\"post_excerpt\">O Processo Seletivo O Reitor substituto do Instituto Federal de Educa\u00e7\u00e3o, Ci\u00eancia e Tecnologia Baiano \u2013 IF BAIANO, em exerc\u00edcio do cargo, sob a reg\u00eancia da Lei Federal n\u00ba 11.947\/2009, art. 33\u00ba, que disp\u00f5e sobre a institui\u00e7\u00e3o do PRONERA no &hellip; <a href=\"https:\/\/concurso.ifbaiano.edu.br\/portal\/pronera20161\/pagina-inicial\/coluna-1-o-processo-seletivo\/\">Continue lendo <span class=\"meta-nav\">&rarr;<\/span><\/a><\/div><\/div><!-- .post_content  --><\/div><!-- .child_page-container --><\/div><!-- #child_page-10\" -->\n\n<div id=\"child_page-12\" class=\"child_page\" style=\"width:50%;max-width:100%;\"><div class=\"child_page-container\"><div class=\"post_thumb\"><a href=\"https:\/\/concurso.ifbaiano.edu.br\/portal\/pronera20161\/pagina-inicial\/coluna-2-informacoes\/\"><\/a><\/div><div class=\"post_content\"><h4><a href=\"https:\/\/concurso.ifbaiano.edu.br\/portal\/pronera20161\/pagina-inicial\/coluna-2-informacoes\/\">Coluna 2 - Informa\u00e7\u00f5es<\/a><\/h4><div class=\"post_excerpt\">Publica\u00e7\u00f5es:\u00a0 23\/05\/2016 &#8211; Resultado Final 10\/05\/2016 &#8211; Resultado Preliminar 05\/05\/2016 &#8211; Nota de reabertura do Edital 16\/2016 04\/05\/2016 &#8211; Nota informativa 15\/04\/2016 &#8211; Resultado Final 13\/04\/2016 &#8211; Resultado Preliminiar 08\/04\/2016 &#8211; Retifica\u00e7\u00e3o do Cronograma 28\/03\/2016 &#8211; Nota de reabertura do &hellip; <a href=\"https:\/\/concurso.ifbaiano.edu.br\/portal\/pronera20161\/pagina-inicial\/coluna-2-informacoes\/\">Continue lendo <span class=\"meta-nav\">&rarr;<\/span><\/a><\/div><\/div><!-- .post_content  --><\/div><!-- .child_page-container --><\/div><!-- #child_page-12\" -->\n<\/div>\n","protected":false},"excerpt":{"rendered":"","protected":false},"author":3,"featured_media":0,"parent":0,"menu_order":0,"comment_status":"closed","ping_status":"closed","template":"","meta":[],"_links":{"self":[{"href":"https:\/\/concurso.ifbaiano.edu.br\/portal\/pronera20161\/wp-json\/wp\/v2\/pages\/8"}],"collection":[{"href":"https:\/\/concurso.ifbaiano.edu.br\/portal\/pronera20161\/wp-json\/wp\/v2\/pages"}],"about":[{"href":"https:\/\/concurso.ifbaiano.edu.br\/portal\/pronera20161\/wp-json\/wp\/v2\/types\/page"}],"author":[{"embeddable":true,"href":"https:\/\/concurso.ifbaiano.edu.br\/portal\/pronera20161\/wp-json\/wp\/v2\/users\/3"}],"replies":[{"embeddable":true,"href":"https:\/\/concurso.ifbaiano.edu.br\/portal\/pronera20161\/wp-json\/wp\/v2\/comments?post=8"}],"version-history":[{"count":2,"href":"https:\/\/concurso.ifbaiano.edu.br\/portal\/pronera20161\/wp-json\/wp\/v2\/pages\/8\/revisions"}],"predecessor-version":[{"id":30,"href":"https:\/\/concurso.ifbaiano.edu.br\/portal\/pronera20161\/wp-json\/wp\/v2\/pages\/8\/revisions\/30"}],"wp:attachment":[{"href":"https:\/\/concurso.ifbaiano.edu.br\/portal\/pronera20161\/wp-json\/wp\/v2\/media?parent=8"}],"curies":[{"name":"wp","href":"https:\/\/api.w.org\/{rel}","templated":true}]}}