{"id":10,"date":"2015-11-16T13:20:22","date_gmt":"2015-11-16T13:20:22","guid":{"rendered":"http:\/\/concurso.ifbaiano.edu.br\/portal\/pronera20161\/?page_id=10"},"modified":"2016-02-22T11:39:53","modified_gmt":"2016-02-22T14:39:53","slug":"coluna-1-o-processo-seletivo","status":"publish","type":"page","link":"https:\/\/concurso.ifbaiano.edu.br\/portal\/pronera20161\/pagina-inicial\/coluna-1-o-processo-seletivo\/","title":{"rendered":"Coluna 1 &#8211; O Processo Seletivo"},"content":{"rendered":"<p class=\"inicial-titulo\" style=\"text-align: left\">O Processo Seletivo<\/p>\n<p align=\"justify\">O Reitor substituto do Instituto Federal de Educa\u00e7\u00e3o, Ci\u00eancia e Tecnologia Baiano \u2013 IF BAIANO, em exerc\u00edcio do cargo, sob a reg\u00eancia da Lei Federal n\u00ba 11.947\/2009, art. 33\u00ba, que disp\u00f5e sobre a institui\u00e7\u00e3o do PRONERA no MDA\/Incra e do Decreto n.\u00ba 7.352\/2010, que disp\u00f5e sobre a pol\u00edtica de Educa\u00e7\u00e3o do Campo e o Programa Nacional de Educa\u00e7\u00e3o na Reforma Agr\u00e1ria, art. 11-18; faz saber que as inscri\u00e7\u00f5es estar\u00e3o abertas, no per\u00edodo 23 a 28 de fevereiro de 2016, para o processo seletivo de profissionais, para atuarem como bolsistasno curso T\u00e9cnico Integrado em Agropecu\u00e1ria, no \u00e2mbito do Bolsa Forma\u00e7\u00e3oque atender\u00e3o ao Programa Nacional de Educa\u00e7\u00e3o na Reforma Agr\u00e1ria \u2013 PRONERA conforme Edital n\u00ba 16\/2016.<\/p>\n<p class=\"inicial-titulo\">Fun\u00e7\u00f5es<\/p>\n<p align=\"justify\">O presente instrumento tem como objetivo a realiza\u00e7\u00e3o do processo seletivo de profissionais, para atuarem como pesquisador\/docente, pesquisador\/professor orientador, pesquisador\/coordenador pedag\u00f3gico e monitor bolsista, no curso T\u00e9cnico Integrado em Agropecu\u00e1ria no \u00e2mbito do Bolsa Forma\u00e7\u00e3o que atender\u00e3o ao Programa Nacional de Educa\u00e7\u00e3o na Reforma Agr\u00e1ria \u2013 PRONERA\/IF Baiano.<\/p>\n<p class=\"inicial-titulo\">Vagas<\/p>\n<p>As vagas por fun\u00e7\u00e3o est\u00e3o dispostas no Anexo III deste Edital.<\/p>\n<p class=\"inicial-titulo\">Inscri\u00e7\u00f5es<\/p>\n<p>A inscri\u00e7\u00e3o neste Processo Seletivo dar-se-\u00e1 exclusivamente via Internet, atrav\u00e9s do endere\u00e7o eletr\u00f4nico: concursos.ifbaiano.edu.br, a partir das 08h do dia 23 de fevereiro de 2016 at\u00e9 as 18h do dia 28 de fevereiro de 2016.<\/p>\n","protected":false},"excerpt":{"rendered":"<p>O Processo Seletivo O Reitor substituto do Instituto Federal de Educa\u00e7\u00e3o, Ci\u00eancia e Tecnologia Baiano \u2013 IF BAIANO, em exerc\u00edcio do cargo, sob a reg\u00eancia da Lei Federal n\u00ba 11.947\/2009, art. 33\u00ba, que disp\u00f5e sobre a institui\u00e7\u00e3o do PRONERA no &hellip; <a href=\"https:\/\/concurso.ifbaiano.edu.br\/portal\/pronera20161\/pagina-inicial\/coluna-1-o-processo-seletivo\/\">Continue lendo <span class=\"meta-nav\">&rarr;<\/span><\/a><\/p>\n","protected":false},"author":3,"featured_media":0,"parent":8,"menu_order":0,"comment_status":"closed","ping_status":"closed","template":"","meta":[],"_links":{"self":[{"href":"https:\/\/concurso.ifbaiano.edu.br\/portal\/pronera20161\/wp-json\/wp\/v2\/pages\/10"}],"collection":[{"href":"https:\/\/concurso.ifbaiano.edu.br\/portal\/pronera20161\/wp-json\/wp\/v2\/pages"}],"about":[{"href":"https:\/\/concurso.ifbaiano.edu.br\/portal\/pronera20161\/wp-json\/wp\/v2\/types\/page"}],"author":[{"embeddable":true,"href":"https:\/\/concurso.ifbaiano.edu.br\/portal\/pronera20161\/wp-json\/wp\/v2\/users\/3"}],"replies":[{"embeddable":true,"href":"https:\/\/concurso.ifbaiano.edu.br\/portal\/pronera20161\/wp-json\/wp\/v2\/comments?post=10"}],"version-history":[{"count":16,"href":"https:\/\/concurso.ifbaiano.edu.br\/portal\/pronera20161\/wp-json\/wp\/v2\/pages\/10\/revisions"}],"predecessor-version":[{"id":58,"href":"https:\/\/concurso.ifbaiano.edu.br\/portal\/pronera20161\/wp-json\/wp\/v2\/pages\/10\/revisions\/58"}],"up":[{"embeddable":true,"href":"https:\/\/concurso.ifbaiano.edu.br\/portal\/pronera20161\/wp-json\/wp\/v2\/pages\/8"}],"wp:attachment":[{"href":"https:\/\/concurso.ifbaiano.edu.br\/portal\/pronera20161\/wp-json\/wp\/v2\/media?parent=10"}],"curies":[{"name":"wp","href":"https:\/\/api.w.org\/{rel}","templated":true}]}}