{"id":9,"date":"2015-11-20T18:41:47","date_gmt":"2015-11-20T18:41:47","guid":{"rendered":"http:\/\/concurso.ifbaiano.edu.br\/portal\/pronatec-simplificado-20152\/?page_id=9"},"modified":"2015-11-20T18:58:26","modified_gmt":"2015-11-20T18:58:26","slug":"coluna-1-o-processo-seletivo","status":"publish","type":"page","link":"https:\/\/concurso.ifbaiano.edu.br\/portal\/pronatec-simplificado-20152\/pagina-inicial\/coluna-1-o-processo-seletivo\/","title":{"rendered":"Coluna 1 &#8211; O Processo Seletivo"},"content":{"rendered":"<p class=\"inicial-titulo\" style=\"text-align: left\">O Processo Seletivo<\/p>\n<p style=\"text-align: justify\">O Reitor do Instituto Federal de Educa\u00e7\u00e3o, Ci\u00eancia e Tecnologia Baiano &#8211; IF Baiano, Institui\u00e7\u00e3o criada pela Lei n\u00b0. 12.513\/2011, altera pela Lei n\u00b0. 12.816\/2013; da Resolu\u00e7\u00e3o\u00a0n\u00b0. 04\/2012 CD\/FNDE, alterada pela resolu\u00e7\u00e3o\u00a0n\u00b0. 06\/2013, \u00a0e da Resolu\u00e7\u00e3o\u00a0n\u00b0. 31\/2011 CD\/FNDE; faz saber que estar\u00e3o abertas, <strong>no per\u00edodo de 20 a 25 de novembro de 2015<\/strong>, as inscri\u00e7\u00f5es para o <strong>processo seletivo de servidores(as) de Curso e Apoio \u00e0s Atividades\u00a0Acad\u00eamica e\u00a0Administrativas<\/strong>\u00a0no \u00e2mbito do <strong>Bolsa-Forma\u00e7\u00e3o<\/strong> que atender\u00e3o ao Programa Nacional de Acesso ao Ensino T\u00e9cnico e Emprego &#8211; Pronatec.<\/p>\n<p class=\"western\" style=\"margin-bottom: 0.3cm;line-height: 115%\" align=\"justify\"><span style=\"color: #000000\"><span style=\"font-family: 'Times New Roman', serif\"><span style=\"font-family: Verdana, Arial, Helvetica, sans-serif\"><span style=\"font-size: 12pt\">\u00a0<\/span><\/span><\/span><\/span><\/p>\n","protected":false},"excerpt":{"rendered":"<p>O Processo Seletivo O Reitor do Instituto Federal de Educa\u00e7\u00e3o, Ci\u00eancia e Tecnologia Baiano &#8211; IF Baiano, Institui\u00e7\u00e3o criada pela Lei n\u00b0. 12.513\/2011, altera pela Lei n\u00b0. 12.816\/2013; da Resolu\u00e7\u00e3o\u00a0n\u00b0. 04\/2012 CD\/FNDE, alterada pela resolu\u00e7\u00e3o\u00a0n\u00b0. 06\/2013, \u00a0e da Resolu\u00e7\u00e3o\u00a0n\u00b0. 31\/2011 &hellip; <a href=\"https:\/\/concurso.ifbaiano.edu.br\/portal\/pronatec-simplificado-20152\/pagina-inicial\/coluna-1-o-processo-seletivo\/\">Continue lendo <span class=\"meta-nav\">&rarr;<\/span><\/a><\/p>\n","protected":false},"author":3,"featured_media":0,"parent":7,"menu_order":0,"comment_status":"closed","ping_status":"closed","template":"","meta":[],"_links":{"self":[{"href":"https:\/\/concurso.ifbaiano.edu.br\/portal\/pronatec-simplificado-20152\/wp-json\/wp\/v2\/pages\/9"}],"collection":[{"href":"https:\/\/concurso.ifbaiano.edu.br\/portal\/pronatec-simplificado-20152\/wp-json\/wp\/v2\/pages"}],"about":[{"href":"https:\/\/concurso.ifbaiano.edu.br\/portal\/pronatec-simplificado-20152\/wp-json\/wp\/v2\/types\/page"}],"author":[{"embeddable":true,"href":"https:\/\/concurso.ifbaiano.edu.br\/portal\/pronatec-simplificado-20152\/wp-json\/wp\/v2\/users\/3"}],"replies":[{"embeddable":true,"href":"https:\/\/concurso.ifbaiano.edu.br\/portal\/pronatec-simplificado-20152\/wp-json\/wp\/v2\/comments?post=9"}],"version-history":[{"count":7,"href":"https:\/\/concurso.ifbaiano.edu.br\/portal\/pronatec-simplificado-20152\/wp-json\/wp\/v2\/pages\/9\/revisions"}],"predecessor-version":[{"id":44,"href":"https:\/\/concurso.ifbaiano.edu.br\/portal\/pronatec-simplificado-20152\/wp-json\/wp\/v2\/pages\/9\/revisions\/44"}],"up":[{"embeddable":true,"href":"https:\/\/concurso.ifbaiano.edu.br\/portal\/pronatec-simplificado-20152\/wp-json\/wp\/v2\/pages\/7"}],"wp:attachment":[{"href":"https:\/\/concurso.ifbaiano.edu.br\/portal\/pronatec-simplificado-20152\/wp-json\/wp\/v2\/media?parent=9"}],"curies":[{"name":"wp","href":"https:\/\/api.w.org\/{rel}","templated":true}]}}