{"id":5,"date":"2015-11-20T18:41:08","date_gmt":"2015-11-20T18:41:08","guid":{"rendered":"http:\/\/concurso.ifbaiano.edu.br\/portal\/pronatec-simplificado-20152\/?page_id=5"},"modified":"2015-11-20T19:44:28","modified_gmt":"2015-11-20T19:44:28","slug":"instrucoes","status":"publish","type":"page","link":"https:\/\/concurso.ifbaiano.edu.br\/portal\/pronatec-simplificado-20152\/instrucoes\/","title":{"rendered":"Instru\u00e7\u00f5es"},"content":{"rendered":"<p>&nbsp;<\/p>\n<dl>\n<dd><span style=\"font-family: Times New Roman,serif\"><br \/>\n<\/span><\/p>\n<table width=\"544\" cellspacing=\"0\" cellpadding=\"7\">\n<col width=\"172\" \/>\n<col width=\"342\" \/>\n<tbody>\n<tr>\n<td width=\"172\">\n<p align=\"CENTER\"><span style=\"font-family: Times New Roman,serif\"><b>PER\u00cdODO \/ DATA<\/b><\/span><\/p>\n<\/td>\n<td width=\"342\">\n<p align=\"CENTER\"><span style=\"font-family: Times New Roman,serif\"><b>A\u00c7\u00d5ES<\/b><\/span><\/p>\n<\/td>\n<\/tr>\n<tr>\n<td width=\"172\">\n<p align=\"CENTER\"><span style=\"font-family: Times New Roman,serif\">20\/11\/2015<\/span><\/p>\n<\/td>\n<td width=\"342\">\n<p align=\"JUSTIFY\"><span style=\"font-family: Times New Roman,serif\">Publica\u00e7\u00e3o do Edital.<\/span><\/p>\n<\/td>\n<\/tr>\n<tr>\n<td width=\"172\">\n<p align=\"CENTER\"><span style=\"font-family: Times New Roman,serif\">De 20\/11\/2015 at\u00e9 25\/11\/2015<\/span><\/p>\n<\/td>\n<td width=\"342\">\n<p align=\"JUSTIFY\"><span style=\"font-family: Times New Roman,serif\">Inscri\u00e7\u00e3o &#8211; Preenchimento de formul\u00e1rio on-line (at\u00e9 as 23:59).<\/span><\/p>\n<\/td>\n<\/tr>\n<tr>\n<td width=\"172\">\n<p align=\"CENTER\"><span style=\"font-family: Times New Roman,serif\">De 26\/11\/2015 at\u00e9 27\/11\/2015<\/span><\/p>\n<\/td>\n<td width=\"342\"><span style=\"font-family: 'Times New Roman', serif;line-height: 20.5714282989502px;text-align: justify\">An\u00e1lise, valida\u00e7\u00e3o e apura\u00e7\u00e3o documental\u00a0<\/span><\/td>\n<\/tr>\n<tr>\n<td width=\"172\">\n<p align=\"CENTER\"><span style=\"font-family: Times New Roman,serif\">30\/11\/2015<\/span><\/p>\n<\/td>\n<td width=\"342\"><span style=\"font-family: 'Times New Roman', serif;line-height: 20.5714282989502px;text-align: justify\">Resultado Preliminar<\/span><\/td>\n<\/tr>\n<tr>\n<td width=\"172\">\n<p align=\"CENTER\"><span style=\"font-family: Times New Roman,serif\">01 a 02\/12\/2015<\/span><\/p>\n<\/td>\n<td width=\"342\">\n<p align=\"JUSTIFY\"><span style=\"font-family: Times New Roman,serif\">Interposi\u00e7\u00e3o Recurso<\/span><\/p>\n<\/td>\n<\/tr>\n<tr>\n<td width=\"172\">\n<p align=\"CENTER\"><span style=\"font-family: Times New Roman,serif\">\u00a003\/12\/2015 a 04\/12\/2015<\/span><\/p>\n<\/td>\n<td width=\"342\">\n<p align=\"JUSTIFY\"><span style=\"font-family: Times New Roman,serif\">An\u00e1lise dos Recursos Interpostos<\/span><\/p>\n<\/td>\n<\/tr>\n<tr>\n<td width=\"172\">\n<p align=\"CENTER\"><span style=\"font-family: Times New Roman,serif\">04\/12\/2015<\/span><\/p>\n<\/td>\n<td width=\"342\">\n<p align=\"JUSTIFY\"><span style=\"font-family: Times New Roman,serif\">Resultado Final p\u00f3s recurso<\/span><\/p>\n<\/td>\n<\/tr>\n<tr>\n<td width=\"172\">\n<p align=\"CENTER\"><span style=\"font-family: Times New Roman,serif\">07\/12\/2015<\/span><\/p>\n<\/td>\n<td width=\"342\">\n<p align=\"JUSTIFY\"><span style=\"font-family: Times New Roman,serif\">Homologa\u00e7\u00e3o do Resultado<\/span><\/p>\n<\/td>\n<\/tr>\n<\/tbody>\n<\/table>\n<\/dd>\n<\/dl>\n","protected":false},"excerpt":{"rendered":"<p>&nbsp; PER\u00cdODO \/ DATA A\u00c7\u00d5ES 20\/11\/2015 Publica\u00e7\u00e3o do Edital. De 20\/11\/2015 at\u00e9 25\/11\/2015 Inscri\u00e7\u00e3o &#8211; Preenchimento de formul\u00e1rio on-line (at\u00e9 as 23:59). De 26\/11\/2015 at\u00e9 27\/11\/2015 An\u00e1lise, valida\u00e7\u00e3o e apura\u00e7\u00e3o documental\u00a0 30\/11\/2015 Resultado Preliminar 01 a 02\/12\/2015 Interposi\u00e7\u00e3o Recurso \u00a003\/12\/2015 &hellip; <a href=\"https:\/\/concurso.ifbaiano.edu.br\/portal\/pronatec-simplificado-20152\/instrucoes\/\">Continue lendo <span class=\"meta-nav\">&rarr;<\/span><\/a><\/p>\n","protected":false},"author":3,"featured_media":0,"parent":0,"menu_order":0,"comment_status":"closed","ping_status":"closed","template":"","meta":[],"_links":{"self":[{"href":"https:\/\/concurso.ifbaiano.edu.br\/portal\/pronatec-simplificado-20152\/wp-json\/wp\/v2\/pages\/5"}],"collection":[{"href":"https:\/\/concurso.ifbaiano.edu.br\/portal\/pronatec-simplificado-20152\/wp-json\/wp\/v2\/pages"}],"about":[{"href":"https:\/\/concurso.ifbaiano.edu.br\/portal\/pronatec-simplificado-20152\/wp-json\/wp\/v2\/types\/page"}],"author":[{"embeddable":true,"href":"https:\/\/concurso.ifbaiano.edu.br\/portal\/pronatec-simplificado-20152\/wp-json\/wp\/v2\/users\/3"}],"replies":[{"embeddable":true,"href":"https:\/\/concurso.ifbaiano.edu.br\/portal\/pronatec-simplificado-20152\/wp-json\/wp\/v2\/comments?post=5"}],"version-history":[{"count":12,"href":"https:\/\/concurso.ifbaiano.edu.br\/portal\/pronatec-simplificado-20152\/wp-json\/wp\/v2\/pages\/5\/revisions"}],"predecessor-version":[{"id":62,"href":"https:\/\/concurso.ifbaiano.edu.br\/portal\/pronatec-simplificado-20152\/wp-json\/wp\/v2\/pages\/5\/revisions\/62"}],"wp:attachment":[{"href":"https:\/\/concurso.ifbaiano.edu.br\/portal\/pronatec-simplificado-20152\/wp-json\/wp\/v2\/media?parent=5"}],"curies":[{"name":"wp","href":"https:\/\/api.w.org\/{rel}","templated":true}]}}