{"id":17,"date":"2015-11-20T18:42:49","date_gmt":"2015-11-20T18:42:49","guid":{"rendered":"http:\/\/concurso.ifbaiano.edu.br\/portal\/pronatec-simplificado-20152\/?page_id=17"},"modified":"2015-11-20T18:43:15","modified_gmt":"2015-11-20T18:43:15","slug":"contato","status":"publish","type":"page","link":"https:\/\/concurso.ifbaiano.edu.br\/portal\/pronatec-simplificado-20152\/contato\/","title":{"rendered":"Contato"},"content":{"rendered":"<p align=\"JUSTIFY\"><strong>E-mail:<\/strong>selecaopronatec@ifbaiano.edu.br<\/p>\n<p><strong>Pr\u00f3-Reitoria de Exten\u00e7\u00e3o do IFBAIANO<\/strong><\/p>\n<p><strong>Endere\u00e7o:\u00a0<\/strong>Rua do Rouxinol, 115 \u2013 Imbu\u00ed<br \/>\nCEP: 41.720-052 \u2013 Salvador-BA<br \/>\n<strong>Hor\u00e1rio:\u00a0<\/strong>Das 8:00 \u00e0s 11:00 e das 13:00 \u00e0s 16:00<\/p>\n","protected":false},"excerpt":{"rendered":"<p>E-mail:selecaopronatec@ifbaiano.edu.br Pr\u00f3-Reitoria de Exten\u00e7\u00e3o do IFBAIANO Endere\u00e7o:\u00a0Rua do Rouxinol, 115 \u2013 Imbu\u00ed CEP: 41.720-052 \u2013 Salvador-BA Hor\u00e1rio:\u00a0Das 8:00 \u00e0s 11:00 e das 13:00 \u00e0s 16:00<\/p>\n","protected":false},"author":3,"featured_media":0,"parent":0,"menu_order":0,"comment_status":"closed","ping_status":"closed","template":"","meta":[],"_links":{"self":[{"href":"https:\/\/concurso.ifbaiano.edu.br\/portal\/pronatec-simplificado-20152\/wp-json\/wp\/v2\/pages\/17"}],"collection":[{"href":"https:\/\/concurso.ifbaiano.edu.br\/portal\/pronatec-simplificado-20152\/wp-json\/wp\/v2\/pages"}],"about":[{"href":"https:\/\/concurso.ifbaiano.edu.br\/portal\/pronatec-simplificado-20152\/wp-json\/wp\/v2\/types\/page"}],"author":[{"embeddable":true,"href":"https:\/\/concurso.ifbaiano.edu.br\/portal\/pronatec-simplificado-20152\/wp-json\/wp\/v2\/users\/3"}],"replies":[{"embeddable":true,"href":"https:\/\/concurso.ifbaiano.edu.br\/portal\/pronatec-simplificado-20152\/wp-json\/wp\/v2\/comments?post=17"}],"version-history":[{"count":2,"href":"https:\/\/concurso.ifbaiano.edu.br\/portal\/pronatec-simplificado-20152\/wp-json\/wp\/v2\/pages\/17\/revisions"}],"predecessor-version":[{"id":21,"href":"https:\/\/concurso.ifbaiano.edu.br\/portal\/pronatec-simplificado-20152\/wp-json\/wp\/v2\/pages\/17\/revisions\/21"}],"wp:attachment":[{"href":"https:\/\/concurso.ifbaiano.edu.br\/portal\/pronatec-simplificado-20152\/wp-json\/wp\/v2\/media?parent=17"}],"curies":[{"name":"wp","href":"https:\/\/api.w.org\/{rel}","templated":true}]}}