{"id":18,"date":"2011-04-18T14:49:31","date_gmt":"2011-04-18T14:49:31","guid":{"rendered":"http:\/\/www.ifbaiano.edu.br\/portal\/discente20112\/?page_id=18"},"modified":"2015-10-06T02:11:45","modified_gmt":"2015-10-06T02:11:45","slug":"instrucoes","status":"publish","type":"page","link":"https:\/\/concurso.ifbaiano.edu.br\/portal\/pronatec-simplificado-2015\/instrucoes\/","title":{"rendered":"Instru\u00e7\u00f5es"},"content":{"rendered":"<p>&nbsp;<\/p>\n<dl>\n<dd><span style=\"font-family: Times New Roman,serif\"><br \/>\n<\/span><\/p>\n<table width=\"544\" cellspacing=\"0\" cellpadding=\"7\">\n<col width=\"172\" \/>\n<col width=\"342\" \/>\n<tbody>\n<tr>\n<td width=\"172\">\n<p align=\"CENTER\"><span style=\"font-family: Times New Roman,serif\"><b>PER\u00cdODO \/ DATA<\/b><\/span><\/p>\n<\/td>\n<td width=\"342\">\n<p align=\"CENTER\"><span style=\"font-family: Times New Roman,serif\"><b>A\u00c7\u00d5ES<\/b><\/span><\/p>\n<\/td>\n<\/tr>\n<tr>\n<td width=\"172\">\n<p align=\"CENTER\"><span style=\"font-family: Times New Roman,serif\">17\/09\/2015<\/span><\/p>\n<\/td>\n<td width=\"342\">\n<p align=\"JUSTIFY\"><span style=\"font-family: Times New Roman,serif\">Publica\u00e7\u00e3o do Edital.<\/span><\/p>\n<\/td>\n<\/tr>\n<tr>\n<td width=\"172\">\n<p align=\"CENTER\"><span style=\"font-family: Times New Roman,serif\">De 17\/09\/2015 at\u00e9 23\/09\/2015<\/span><\/p>\n<\/td>\n<td width=\"342\">\n<p align=\"JUSTIFY\"><span style=\"font-family: Times New Roman,serif\">Preenchimento de formul\u00e1rio on-line (at\u00e9 as 23:59).<\/span><\/p>\n<\/td>\n<\/tr>\n<tr>\n<td width=\"172\">\n<p align=\"CENTER\"><span style=\"font-family: Times New Roman,serif\">24\/09\/2015<\/span><\/p>\n<\/td>\n<td width=\"342\"><span style=\"font-family: 'Times New Roman', serif;line-height: 20.5714282989502px;text-align: justify\">Prazo para postagem envio documento por SEDEX<\/span><\/td>\n<\/tr>\n<tr>\n<td width=\"172\">\n<p align=\"CENTER\"><span style=\"font-family: Times New Roman,serif\">07\/10\/2015<\/span><\/p>\n<\/td>\n<td width=\"342\"><span style=\"font-family: 'Times New Roman', serif;line-height: 20.5714282989502px;text-align: justify\">Resultado Preliminar<\/span><\/td>\n<\/tr>\n<tr>\n<td width=\"172\">\n<p align=\"CENTER\"><span style=\"font-family: Times New Roman,serif\">08 a 09\/10\/2015<\/span><\/p>\n<\/td>\n<td width=\"342\">\n<p align=\"JUSTIFY\"><span style=\"font-family: Times New Roman,serif\">Interposi\u00e7\u00e3o Recurso<\/span><\/p>\n<\/td>\n<\/tr>\n<tr>\n<td width=\"172\">\n<p align=\"CENTER\"><span style=\"font-family: Times New Roman,serif\">At\u00e9 10\/10\/2015<\/span><\/p>\n<\/td>\n<td width=\"342\">\n<p align=\"JUSTIFY\"><span style=\"font-family: Times New Roman,serif\">An\u00e1lise dos Recursos Interpostos<\/span><\/p>\n<\/td>\n<\/tr>\n<tr>\n<td width=\"172\">\n<p align=\"CENTER\"><span style=\"font-family: Times New Roman,serif\">13\/10\/2015<\/span><\/p>\n<\/td>\n<td width=\"342\">\n<p align=\"JUSTIFY\"><span style=\"font-family: Times New Roman,serif\">Resultado Final p\u00f3s recurso<\/span><\/p>\n<\/td>\n<\/tr>\n<\/tbody>\n<\/table>\n<\/dd>\n<\/dl>\n","protected":false},"excerpt":{"rendered":"<p>&nbsp; PER\u00cdODO \/ DATA A\u00c7\u00d5ES 17\/09\/2015 Publica\u00e7\u00e3o do Edital. De 17\/09\/2015 at\u00e9 23\/09\/2015 Preenchimento de formul\u00e1rio on-line (at\u00e9 as 23:59). 24\/09\/2015 Prazo para postagem envio documento por SEDEX 07\/10\/2015 Resultado Preliminar 08 a 09\/10\/2015 Interposi\u00e7\u00e3o Recurso At\u00e9 10\/10\/2015 An\u00e1lise dos &hellip; <a href=\"https:\/\/concurso.ifbaiano.edu.br\/portal\/pronatec-simplificado-2015\/instrucoes\/\">Continue lendo <span class=\"meta-nav\">&rarr;<\/span><\/a><\/p>\n","protected":false},"author":5,"featured_media":0,"parent":0,"menu_order":0,"comment_status":"closed","ping_status":"closed","template":"","meta":[],"_links":{"self":[{"href":"https:\/\/concurso.ifbaiano.edu.br\/portal\/pronatec-simplificado-2015\/wp-json\/wp\/v2\/pages\/18"}],"collection":[{"href":"https:\/\/concurso.ifbaiano.edu.br\/portal\/pronatec-simplificado-2015\/wp-json\/wp\/v2\/pages"}],"about":[{"href":"https:\/\/concurso.ifbaiano.edu.br\/portal\/pronatec-simplificado-2015\/wp-json\/wp\/v2\/types\/page"}],"author":[{"embeddable":true,"href":"https:\/\/concurso.ifbaiano.edu.br\/portal\/pronatec-simplificado-2015\/wp-json\/wp\/v2\/users\/5"}],"replies":[{"embeddable":true,"href":"https:\/\/concurso.ifbaiano.edu.br\/portal\/pronatec-simplificado-2015\/wp-json\/wp\/v2\/comments?post=18"}],"version-history":[{"count":14,"href":"https:\/\/concurso.ifbaiano.edu.br\/portal\/pronatec-simplificado-2015\/wp-json\/wp\/v2\/pages\/18\/revisions"}],"predecessor-version":[{"id":532,"href":"https:\/\/concurso.ifbaiano.edu.br\/portal\/pronatec-simplificado-2015\/wp-json\/wp\/v2\/pages\/18\/revisions\/532"}],"wp:attachment":[{"href":"https:\/\/concurso.ifbaiano.edu.br\/portal\/pronatec-simplificado-2015\/wp-json\/wp\/v2\/media?parent=18"}],"curies":[{"name":"wp","href":"https:\/\/api.w.org\/{rel}","templated":true}]}}