{"id":15,"date":"2011-04-18T14:48:22","date_gmt":"2011-04-18T14:48:22","guid":{"rendered":"http:\/\/www.ifbaiano.edu.br\/portal\/discente20112\/?page_id=14"},"modified":"2015-09-16T23:53:27","modified_gmt":"2015-09-16T23:53:27","slug":"contato","status":"publish","type":"page","link":"https:\/\/concurso.ifbaiano.edu.br\/portal\/pronatec-simplificado-2015\/contato\/","title":{"rendered":"Contato"},"content":{"rendered":"<div>\n<p align=\"JUSTIFY\"><strong>E-mail:<\/strong>selecaopronatec@ifbaiano.edu.br<\/p>\n<p><strong>Pr\u00f3-Reitoria de Exten\u00e7\u00e3o do IFBAIANO<\/strong><\/p>\n<p><strong>Endere\u00e7o:&nbsp;<\/strong>Rua do Rouxinol, 115 \u2013 Imbu\u00ed<br \/> CEP: 41.720-052 \u2013 Salvador-BA<br \/> <strong>Hor\u00e1rio:&nbsp;<\/strong>Das 8:00 \u00e0s 11:00 e das 13:00 \u00e0s 16:00<\/p>\n<\/div>\n","protected":false},"excerpt":{"rendered":"<p>E-mail:selecaopronatec@ifbaiano.edu.br Pr\u00f3-Reitoria de Exten\u00e7\u00e3o do IFBAIANO Endere\u00e7o:&nbsp;Rua do Rouxinol, 115 \u2013 Imbu\u00ed CEP: 41.720-052 \u2013 Salvador-BA Hor\u00e1rio:&nbsp;Das 8:00 \u00e0s 11:00 e das 13:00 \u00e0s 16:00<\/p>\n","protected":false},"author":5,"featured_media":0,"parent":0,"menu_order":3,"comment_status":"closed","ping_status":"closed","template":"","meta":[],"_links":{"self":[{"href":"https:\/\/concurso.ifbaiano.edu.br\/portal\/pronatec-simplificado-2015\/wp-json\/wp\/v2\/pages\/15"}],"collection":[{"href":"https:\/\/concurso.ifbaiano.edu.br\/portal\/pronatec-simplificado-2015\/wp-json\/wp\/v2\/pages"}],"about":[{"href":"https:\/\/concurso.ifbaiano.edu.br\/portal\/pronatec-simplificado-2015\/wp-json\/wp\/v2\/types\/page"}],"author":[{"embeddable":true,"href":"https:\/\/concurso.ifbaiano.edu.br\/portal\/pronatec-simplificado-2015\/wp-json\/wp\/v2\/users\/5"}],"replies":[{"embeddable":true,"href":"https:\/\/concurso.ifbaiano.edu.br\/portal\/pronatec-simplificado-2015\/wp-json\/wp\/v2\/comments?post=15"}],"version-history":[{"count":4,"href":"https:\/\/concurso.ifbaiano.edu.br\/portal\/pronatec-simplificado-2015\/wp-json\/wp\/v2\/pages\/15\/revisions"}],"predecessor-version":[{"id":529,"href":"https:\/\/concurso.ifbaiano.edu.br\/portal\/pronatec-simplificado-2015\/wp-json\/wp\/v2\/pages\/15\/revisions\/529"}],"wp:attachment":[{"href":"https:\/\/concurso.ifbaiano.edu.br\/portal\/pronatec-simplificado-2015\/wp-json\/wp\/v2\/media?parent=15"}],"curies":[{"name":"wp","href":"https:\/\/api.w.org\/{rel}","templated":true}]}}