{"id":14,"date":"2011-04-18T14:47:49","date_gmt":"2011-04-18T17:47:49","guid":{"rendered":"http:\/\/www.ifbaiano.edu.br\/portal\/discente20112\/?page_id=12"},"modified":"2016-02-23T11:28:08","modified_gmt":"2016-02-23T11:28:08","slug":"coluna1","status":"publish","type":"page","link":"https:\/\/concurso.ifbaiano.edu.br\/portal\/pronatec-simplificado-2015\/pagina-inicial\/coluna1\/","title":{"rendered":"Coluna 1 &#8211; O Processo Seletivo"},"content":{"rendered":"<p class=\"inicial-titulo\" style=\"text-align: left\">O Processo Seletivo<\/p>\n<p style=\"text-align: justify\">O Reitor do Instituto Federal de Educa\u00e7\u00e3o, Ci\u00eancia e Tecnologia Baiano &#8211; IF Baiano, Institui\u00e7\u00e3o criada pela Lei n\u00b0. 12.513\/2011, altera pela Lei n\u00b0. 12.816\/2013; da Resolu\u00e7\u00e3o\u00a0n\u00b0. 04\/2012 CD\/FNDE, alterada pela resolu\u00e7\u00e3o\u00a0n\u00b0. 06\/2013, \u00a0e da Resolu\u00e7\u00e3o\u00a0n\u00b0. 31\/2011 CD\/FNDE; faz saber que estar\u00e3o abertas, <strong>no per\u00edodo de 17 de setembro de 2015 a 23 de setembro de 2015<\/strong>, as inscri\u00e7\u00f5es para o <strong>processo seletivo de profissionais externo<\/strong>, para atuarem como professor bolsista nos cursos de Qualifica\u00e7\u00e3o Profissional no \u00e2mbito do <strong>Bolsa-Forma\u00e7\u00e3o<\/strong> que atender\u00e3o ao Programa Nacional de Acesso ao Ensino T\u00e9cnico e Emprego &#8211; Pronatec.<\/p>\n<p class=\"inicial-titulo\" style=\"text-align: left\">Outras Informa\u00e7\u00f5es&#8230;<\/p>\n<p style=\"text-align: justify\">Convite conforme item 8.2 do Edital n\u00ba 01\/2015 para Sele\u00e7\u00e3o de Professor Pronatec \u201cO candidato selecionado poder\u00e1 ser convidado pela Coordena\u00e7\u00e3o Geral Pronatec do IF Baiano a atuar em novos curso pactuados, desde que atenda ao mesmo componente curricular e carga hor\u00e1ria que tenha sido aprovado, em qualquer munic\u00edpio onde ocorra cursos do Pronatec ofertado pelo IF Baiano.\u201d<\/p>\n<p class=\"inicial-titulo\" style=\"text-align: left\">\n<p class=\"western\" style=\"margin-bottom: 0.3cm;line-height: 115%\" align=\"justify\"><span style=\"color: #000000\"><span style=\"font-family: 'Times New Roman', serif\"><span style=\"font-family: Verdana, Arial, Helvetica, sans-serif\"><span style=\"font-size: 12pt\">\u00a0<\/span><\/span><\/span><\/span><\/p>\n","protected":false},"excerpt":{"rendered":"<p>O Processo Seletivo O Reitor do Instituto Federal de Educa\u00e7\u00e3o, Ci\u00eancia e Tecnologia Baiano &#8211; IF Baiano, Institui\u00e7\u00e3o criada pela Lei n\u00b0. 12.513\/2011, altera pela Lei n\u00b0. 12.816\/2013; da Resolu\u00e7\u00e3o\u00a0n\u00b0. 04\/2012 CD\/FNDE, alterada pela resolu\u00e7\u00e3o\u00a0n\u00b0. 06\/2013, \u00a0e da Resolu\u00e7\u00e3o\u00a0n\u00b0. 31\/2011 &hellip; <a href=\"https:\/\/concurso.ifbaiano.edu.br\/portal\/pronatec-simplificado-2015\/pagina-inicial\/coluna1\/\">Continue lendo <span class=\"meta-nav\">&rarr;<\/span><\/a><\/p>\n","protected":false},"author":5,"featured_media":0,"parent":9,"menu_order":1,"comment_status":"closed","ping_status":"closed","template":"","meta":[],"_links":{"self":[{"href":"https:\/\/concurso.ifbaiano.edu.br\/portal\/pronatec-simplificado-2015\/wp-json\/wp\/v2\/pages\/14"}],"collection":[{"href":"https:\/\/concurso.ifbaiano.edu.br\/portal\/pronatec-simplificado-2015\/wp-json\/wp\/v2\/pages"}],"about":[{"href":"https:\/\/concurso.ifbaiano.edu.br\/portal\/pronatec-simplificado-2015\/wp-json\/wp\/v2\/types\/page"}],"author":[{"embeddable":true,"href":"https:\/\/concurso.ifbaiano.edu.br\/portal\/pronatec-simplificado-2015\/wp-json\/wp\/v2\/users\/5"}],"replies":[{"embeddable":true,"href":"https:\/\/concurso.ifbaiano.edu.br\/portal\/pronatec-simplificado-2015\/wp-json\/wp\/v2\/comments?post=14"}],"version-history":[{"count":16,"href":"https:\/\/concurso.ifbaiano.edu.br\/portal\/pronatec-simplificado-2015\/wp-json\/wp\/v2\/pages\/14\/revisions"}],"predecessor-version":[{"id":730,"href":"https:\/\/concurso.ifbaiano.edu.br\/portal\/pronatec-simplificado-2015\/wp-json\/wp\/v2\/pages\/14\/revisions\/730"}],"up":[{"embeddable":true,"href":"https:\/\/concurso.ifbaiano.edu.br\/portal\/pronatec-simplificado-2015\/wp-json\/wp\/v2\/pages\/9"}],"wp:attachment":[{"href":"https:\/\/concurso.ifbaiano.edu.br\/portal\/pronatec-simplificado-2015\/wp-json\/wp\/v2\/media?parent=14"}],"curies":[{"name":"wp","href":"https:\/\/api.w.org\/{rel}","templated":true}]}}