{"id":9,"date":"2011-04-18T14:38:27","date_gmt":"2011-04-18T14:38:27","guid":{"rendered":"http:\/\/www.ifbaiano.edu.br\/portal\/discente20112\/?page_id=4"},"modified":"2015-03-09T23:34:24","modified_gmt":"2015-03-10T02:34:24","slug":"pagina-inicial","status":"publish","type":"page","link":"https:\/\/concurso.ifbaiano.edu.br\/portal\/pronatec-simplificado-2014\/","title":{"rendered":"P\u00e1gina Inicial"},"content":{"rendered":"<div class=\"child_pages child_pages-thumbnail\">\n<div id=\"child_page-12\" class=\"child_page\" style=\"width:50%;max-width:100%;\"><div class=\"child_page-container\"><div class=\"post_thumb\"><a href=\"https:\/\/concurso.ifbaiano.edu.br\/portal\/pronatec-simplificado-2014\/pagina-inicial\/coluna1\/\"><\/a><\/div><div class=\"post_content\"><h4><a href=\"https:\/\/concurso.ifbaiano.edu.br\/portal\/pronatec-simplificado-2014\/pagina-inicial\/coluna1\/\">Coluna 1 - O Processo Seletivo<\/a><\/h4><div class=\"post_excerpt\">O Processo Seletivo O Reitor do Instituto Federal de Educa\u00e7\u00e3o, Ci\u00eancia e Tecnologia Baiano &#8211; IFBAIANO, em conformidade e sob a reg\u00eancia da Lei Federal n\u00ba 12.513\/2011, alterada pela Lei n\u00ba 12.816\/2013; da Resolu\u00e7\u00e3o n\u00ba 04\/2012 CD\/FNDE, alterada pela Resolu\u00e7\u00e3o &hellip; <a href=\"https:\/\/concurso.ifbaiano.edu.br\/portal\/pronatec-simplificado-2014\/pagina-inicial\/coluna1\/\">Continue lendo <span class=\"meta-nav\">&rarr;<\/span><\/a><\/div><\/div><!-- .post_content  --><\/div><!-- .child_page-container --><\/div><!-- #child_page-12\" -->\n\n<div id=\"child_page-10\" class=\"child_page\" style=\"width:50%;max-width:100%;\"><div class=\"child_page-container\"><div class=\"post_thumb\"><a href=\"https:\/\/concurso.ifbaiano.edu.br\/portal\/pronatec-simplificado-2014\/pagina-inicial\/coluna2\/\"><\/a><\/div><div class=\"post_content\"><h4><a href=\"https:\/\/concurso.ifbaiano.edu.br\/portal\/pronatec-simplificado-2014\/pagina-inicial\/coluna2\/\">Coluna 2 - Informa\u00e7\u00f5es<\/a><\/h4><div class=\"post_excerpt\">Publica\u00e7\u00f5es 19\/10\/2015 &#8211; Convoca\u00e7\u00e3o N\u00ba 03\/2015 09\/10\/2015 &#8211; Convoca\u00e7\u00e3o\u00a0\u00a0n\u00ba 02\/2015 22\/02\/2015 &#8211; Convoca\u00e7\u00e3o n\u00ba 01\/2015 30\/12\/2014 &#8211; Resultado Final (p\u00f3s-recurso) 30\/12\/2014 &#8211; Resultado dos Recursos 23\/12\/2014 &#8211;\u00a0Resultado das Inscri\u00e7\u00f5es 15\/12\/2014 &#8211;\u00a0Retifica\u00e7\u00e3o 01 do Edital 53\/2014 26\/11\/2014 &#8211;\u00a0EDITAL 53\/2014 &#8211; SELE\u00c7\u00c3O &hellip; <a href=\"https:\/\/concurso.ifbaiano.edu.br\/portal\/pronatec-simplificado-2014\/pagina-inicial\/coluna2\/\">Continue lendo <span class=\"meta-nav\">&rarr;<\/span><\/a><\/div><\/div><!-- .post_content  --><\/div><!-- .child_page-container --><\/div><!-- #child_page-10\" -->\n<\/div>\n","protected":false},"excerpt":{"rendered":"","protected":false},"author":5,"featured_media":0,"parent":0,"menu_order":0,"comment_status":"closed","ping_status":"open","template":"","meta":[],"_links":{"self":[{"href":"https:\/\/concurso.ifbaiano.edu.br\/portal\/pronatec-simplificado-2014\/wp-json\/wp\/v2\/pages\/9"}],"collection":[{"href":"https:\/\/concurso.ifbaiano.edu.br\/portal\/pronatec-simplificado-2014\/wp-json\/wp\/v2\/pages"}],"about":[{"href":"https:\/\/concurso.ifbaiano.edu.br\/portal\/pronatec-simplificado-2014\/wp-json\/wp\/v2\/types\/page"}],"author":[{"embeddable":true,"href":"https:\/\/concurso.ifbaiano.edu.br\/portal\/pronatec-simplificado-2014\/wp-json\/wp\/v2\/users\/5"}],"replies":[{"embeddable":true,"href":"https:\/\/concurso.ifbaiano.edu.br\/portal\/pronatec-simplificado-2014\/wp-json\/wp\/v2\/comments?post=9"}],"version-history":[{"count":4,"href":"https:\/\/concurso.ifbaiano.edu.br\/portal\/pronatec-simplificado-2014\/wp-json\/wp\/v2\/pages\/9\/revisions"}],"predecessor-version":[{"id":482,"href":"https:\/\/concurso.ifbaiano.edu.br\/portal\/pronatec-simplificado-2014\/wp-json\/wp\/v2\/pages\/9\/revisions\/482"}],"wp:attachment":[{"href":"https:\/\/concurso.ifbaiano.edu.br\/portal\/pronatec-simplificado-2014\/wp-json\/wp\/v2\/media?parent=9"}],"curies":[{"name":"wp","href":"https:\/\/api.w.org\/{rel}","templated":true}]}}