{"id":497,"date":"2015-03-08T21:45:53","date_gmt":"2015-03-09T00:45:53","guid":{"rendered":"http:\/\/concurso.ifbaiano.edu.br\/portal\/pronatec-simplificado-2014\/?page_id=497"},"modified":"2015-10-19T16:57:03","modified_gmt":"2015-10-19T19:57:03","slug":"coluna-2-convocacao-para-investidura","status":"publish","type":"page","link":"https:\/\/concurso.ifbaiano.edu.br\/portal\/pronatec-simplificado-2014\/convocacao-para-investidura\/coluna-2-convocacao-para-investidura\/","title":{"rendered":"Coluna 2 &#8211; Convoca\u00e7\u00e3o para Investidura"},"content":{"rendered":"<p>Santo In\u00eas<\/p>\n<ul>\n<li><span style=\"line-height: 11px\">\u00a0<\/span><\/li>\n<li><\/li>\n<\/ul>\n<p>Senhor do Bonfim<\/p>\n<ul>\n<li><span style=\"line-height: 11px\">\u00a0<\/span><\/li>\n<li><\/li>\n<\/ul>\n<p>Teixeira de Freitas<\/p>\n<ul>\n<li><span style=\"line-height: 11px\">\u00a0<\/span><\/li>\n<li><\/li>\n<\/ul>\n<p>Uru\u00e7uca<\/p>\n<ul>\n<li><\/li>\n<li><a href=\"http:\/\/concurso.ifbaiano.edu.br\/portal\/pronatec-simplificado-2014\/wp-content\/uploads\/sites\/16\/2015\/03\/1-\u00ba-Convoca\u00e7\u00e3o-Pronatec-do-Campus-Uru\u00e7uca.pdf\">\u00a0<\/a><\/li>\n<li>19\/10\/2015 <a href=\"http:\/\/concurso.ifbaiano.edu.br\/portal\/pronatec-simplificado-2014\/wp-content\/uploads\/sites\/16\/2015\/10\/2\u00ba-Convoca\u00e7\u00e3o-Professor-Campus-Uru\u00e7uca.pdf\" target=\"_blank\">&#8211; 2 \u00ba Convoca\u00e7\u00e3o Pronatec do Campus Uru\u00e7uca<\/a><\/li>\n<li>13\/03\/2015 &#8211;\u00a0<a href=\"http:\/\/concurso.ifbaiano.edu.br\/portal\/pronatec-simplificado-2014\/wp-content\/uploads\/sites\/16\/2015\/03\/1-\u00ba-Convoca\u00e7\u00e3o-Pronatec-do-Campus-Uru\u00e7uca.pdf\">1 \u00ba Convoca\u00e7\u00e3o Pronatec do Campus Uru\u00e7uca<\/a><\/li>\n<li><\/li>\n<\/ul>\n<p>Valen\u00e7a<\/p>\n<ul>\n<li><span style=\"line-height: 11px\">\u00a0<\/span><\/li>\n<li><\/li>\n<\/ul>\n","protected":false},"excerpt":{"rendered":"<p>Santo In\u00eas \u00a0 Senhor do Bonfim \u00a0 Teixeira de Freitas \u00a0 Uru\u00e7uca \u00a0 19\/10\/2015 &#8211; 2 \u00ba Convoca\u00e7\u00e3o Pronatec do Campus Uru\u00e7uca 13\/03\/2015 &#8211;\u00a01 \u00ba Convoca\u00e7\u00e3o Pronatec do Campus Uru\u00e7uca Valen\u00e7a \u00a0<\/p>\n","protected":false},"author":17,"featured_media":0,"parent":435,"menu_order":2,"comment_status":"closed","ping_status":"closed","template":"","meta":[],"_links":{"self":[{"href":"https:\/\/concurso.ifbaiano.edu.br\/portal\/pronatec-simplificado-2014\/wp-json\/wp\/v2\/pages\/497"}],"collection":[{"href":"https:\/\/concurso.ifbaiano.edu.br\/portal\/pronatec-simplificado-2014\/wp-json\/wp\/v2\/pages"}],"about":[{"href":"https:\/\/concurso.ifbaiano.edu.br\/portal\/pronatec-simplificado-2014\/wp-json\/wp\/v2\/types\/page"}],"author":[{"embeddable":true,"href":"https:\/\/concurso.ifbaiano.edu.br\/portal\/pronatec-simplificado-2014\/wp-json\/wp\/v2\/users\/17"}],"replies":[{"embeddable":true,"href":"https:\/\/concurso.ifbaiano.edu.br\/portal\/pronatec-simplificado-2014\/wp-json\/wp\/v2\/comments?post=497"}],"version-history":[{"count":17,"href":"https:\/\/concurso.ifbaiano.edu.br\/portal\/pronatec-simplificado-2014\/wp-json\/wp\/v2\/pages\/497\/revisions"}],"predecessor-version":[{"id":516,"href":"https:\/\/concurso.ifbaiano.edu.br\/portal\/pronatec-simplificado-2014\/wp-json\/wp\/v2\/pages\/497\/revisions\/516"}],"up":[{"embeddable":true,"href":"https:\/\/concurso.ifbaiano.edu.br\/portal\/pronatec-simplificado-2014\/wp-json\/wp\/v2\/pages\/435"}],"wp:attachment":[{"href":"https:\/\/concurso.ifbaiano.edu.br\/portal\/pronatec-simplificado-2014\/wp-json\/wp\/v2\/media?parent=497"}],"curies":[{"name":"wp","href":"https:\/\/api.w.org\/{rel}","templated":true}]}}