{"id":435,"date":"2015-03-06T17:33:28","date_gmt":"2015-03-06T20:33:28","guid":{"rendered":"http:\/\/concurso.ifbaiano.edu.br\/portal\/pronatec-simplificado-2014\/?page_id=435"},"modified":"2015-03-08T22:31:58","modified_gmt":"2015-03-09T01:31:58","slug":"convocacao-para-investidura","status":"publish","type":"page","link":"https:\/\/concurso.ifbaiano.edu.br\/portal\/pronatec-simplificado-2014\/convocacao-para-investidura\/","title":{"rendered":"Convoca\u00e7\u00e3o para Investidura"},"content":{"rendered":"<div class=\"child_pages child_pages-thumbnail\">\n<div id=\"child_page-490\" class=\"child_page\" style=\"width:50%;max-width:100%;\"><div class=\"child_page-container\"><div class=\"post_thumb\"><a href=\"https:\/\/concurso.ifbaiano.edu.br\/portal\/pronatec-simplificado-2014\/convocacao-para-investidura\/colina-1-convocacao-para-investidura\/\"><\/a><\/div><div class=\"post_content\"><h4><a href=\"https:\/\/concurso.ifbaiano.edu.br\/portal\/pronatec-simplificado-2014\/convocacao-para-investidura\/colina-1-convocacao-para-investidura\/\">Colina 1 - Convocacao para Investidura<\/a><\/h4><div class=\"post_excerpt\">Bom Jesus da Lapa \u00a0 Catu \u00a0 Governador Mangabeira \u00a0 Guanambi \u00a0 Itapetinga \u00a0 26\/03\/2015 &#8211;\u00a01 \u00ba Convoca\u00e7\u00e3o Pronatec do Campus Itapetinga 15\/05\/2015 &#8211;\u00a02\u00b0 Convoca\u00e7\u00e3o Pronatec do Campus Itapetinga &nbsp;<\/div><\/div><!-- .post_content  --><\/div><!-- .child_page-container --><\/div><!-- #child_page-490\" -->\n\n<div id=\"child_page-497\" class=\"child_page\" style=\"width:50%;max-width:100%;\"><div class=\"child_page-container\"><div class=\"post_thumb\"><a href=\"https:\/\/concurso.ifbaiano.edu.br\/portal\/pronatec-simplificado-2014\/convocacao-para-investidura\/coluna-2-convocacao-para-investidura\/\"><\/a><\/div><div class=\"post_content\"><h4><a href=\"https:\/\/concurso.ifbaiano.edu.br\/portal\/pronatec-simplificado-2014\/convocacao-para-investidura\/coluna-2-convocacao-para-investidura\/\">Coluna 2 - Convoca\u00e7\u00e3o para Investidura<\/a><\/h4><div class=\"post_excerpt\">Santo In\u00eas \u00a0 Senhor do Bonfim \u00a0 Teixeira de Freitas \u00a0 Uru\u00e7uca \u00a0 19\/10\/2015 &#8211; 2 \u00ba Convoca\u00e7\u00e3o Pronatec do Campus Uru\u00e7uca 13\/03\/2015 &#8211;\u00a01 \u00ba Convoca\u00e7\u00e3o Pronatec do Campus Uru\u00e7uca Valen\u00e7a \u00a0<\/div><\/div><!-- .post_content  --><\/div><!-- .child_page-container --><\/div><!-- #child_page-497\" -->\n<\/div>\n","protected":false},"excerpt":{"rendered":"","protected":false},"author":17,"featured_media":0,"parent":0,"menu_order":0,"comment_status":"closed","ping_status":"closed","template":"","meta":[],"_links":{"self":[{"href":"https:\/\/concurso.ifbaiano.edu.br\/portal\/pronatec-simplificado-2014\/wp-json\/wp\/v2\/pages\/435"}],"collection":[{"href":"https:\/\/concurso.ifbaiano.edu.br\/portal\/pronatec-simplificado-2014\/wp-json\/wp\/v2\/pages"}],"about":[{"href":"https:\/\/concurso.ifbaiano.edu.br\/portal\/pronatec-simplificado-2014\/wp-json\/wp\/v2\/types\/page"}],"author":[{"embeddable":true,"href":"https:\/\/concurso.ifbaiano.edu.br\/portal\/pronatec-simplificado-2014\/wp-json\/wp\/v2\/users\/17"}],"replies":[{"embeddable":true,"href":"https:\/\/concurso.ifbaiano.edu.br\/portal\/pronatec-simplificado-2014\/wp-json\/wp\/v2\/comments?post=435"}],"version-history":[{"count":10,"href":"https:\/\/concurso.ifbaiano.edu.br\/portal\/pronatec-simplificado-2014\/wp-json\/wp\/v2\/pages\/435\/revisions"}],"predecessor-version":[{"id":438,"href":"https:\/\/concurso.ifbaiano.edu.br\/portal\/pronatec-simplificado-2014\/wp-json\/wp\/v2\/pages\/435\/revisions\/438"}],"wp:attachment":[{"href":"https:\/\/concurso.ifbaiano.edu.br\/portal\/pronatec-simplificado-2014\/wp-json\/wp\/v2\/media?parent=435"}],"curies":[{"name":"wp","href":"https:\/\/api.w.org\/{rel}","templated":true}]}}