{"id":14,"date":"2011-04-18T14:48:22","date_gmt":"2011-04-18T14:48:22","guid":{"rendered":"http:\/\/www.ifbaiano.edu.br\/portal\/discente20112\/?page_id=14"},"modified":"2015-03-06T21:56:46","modified_gmt":"2015-03-07T00:56:46","slug":"contato","status":"publish","type":"page","link":"https:\/\/concurso.ifbaiano.edu.br\/portal\/pronatec-simplificado-2014\/contato\/","title":{"rendered":"Contato"},"content":{"rendered":"<div>\n<p align=\"JUSTIFY\"><strong>E-mail:<\/strong> <span style=\"color: #0000ff\"><a href=\"mailto:selecaopronatec2014@ifbaiano.edu.br\"><span style=\"color: #00000a\"><span style=\"font-family: Times New Roman,serif\"><span style=\"font-size: medium\">selecaopronatec2014@ifbaiano.edu.br<\/span><\/span><\/span><\/a><\/span><\/p>\n<p><strong>Pr\u00f3-Reitoria de Exten\u00e7\u00e3o do IFBAIANO<\/strong><\/p>\n<p><strong>Endere\u00e7o:\u00a0<\/strong>Rua do Rouxinol, 115 \u2013 Imbu\u00ed<br \/>\nCEP: 41.720-052 \u2013 Salvador-BA<br \/>\n<strong>Hor\u00e1rio:\u00a0<\/strong>Das 8:00 \u00e0s 11:00 e das 13:00 \u00e0s 16:00<\/p>\n<\/div>\n","protected":false},"excerpt":{"rendered":"<p>E-mail: selecaopronatec2014@ifbaiano.edu.br Pr\u00f3-Reitoria de Exten\u00e7\u00e3o do IFBAIANO Endere\u00e7o:\u00a0Rua do Rouxinol, 115 \u2013 Imbu\u00ed CEP: 41.720-052 \u2013 Salvador-BA Hor\u00e1rio:\u00a0Das 8:00 \u00e0s 11:00 e das 13:00 \u00e0s 16:00<\/p>\n","protected":false},"author":5,"featured_media":0,"parent":0,"menu_order":3,"comment_status":"closed","ping_status":"closed","template":"","meta":[],"_links":{"self":[{"href":"https:\/\/concurso.ifbaiano.edu.br\/portal\/pronatec-simplificado-2014\/wp-json\/wp\/v2\/pages\/14"}],"collection":[{"href":"https:\/\/concurso.ifbaiano.edu.br\/portal\/pronatec-simplificado-2014\/wp-json\/wp\/v2\/pages"}],"about":[{"href":"https:\/\/concurso.ifbaiano.edu.br\/portal\/pronatec-simplificado-2014\/wp-json\/wp\/v2\/types\/page"}],"author":[{"embeddable":true,"href":"https:\/\/concurso.ifbaiano.edu.br\/portal\/pronatec-simplificado-2014\/wp-json\/wp\/v2\/users\/5"}],"replies":[{"embeddable":true,"href":"https:\/\/concurso.ifbaiano.edu.br\/portal\/pronatec-simplificado-2014\/wp-json\/wp\/v2\/comments?post=14"}],"version-history":[{"count":2,"href":"https:\/\/concurso.ifbaiano.edu.br\/portal\/pronatec-simplificado-2014\/wp-json\/wp\/v2\/pages\/14\/revisions"}],"predecessor-version":[{"id":458,"href":"https:\/\/concurso.ifbaiano.edu.br\/portal\/pronatec-simplificado-2014\/wp-json\/wp\/v2\/pages\/14\/revisions\/458"}],"wp:attachment":[{"href":"https:\/\/concurso.ifbaiano.edu.br\/portal\/pronatec-simplificado-2014\/wp-json\/wp\/v2\/media?parent=14"}],"curies":[{"name":"wp","href":"https:\/\/api.w.org\/{rel}","templated":true}]}}