{"id":18,"date":"2011-04-18T14:49:31","date_gmt":"2011-04-18T14:49:31","guid":{"rendered":"http:\/\/www.ifbaiano.edu.br\/portal\/discente20112\/?page_id=18"},"modified":"2014-10-10T15:59:58","modified_gmt":"2014-10-10T18:59:58","slug":"instrucoes","status":"publish","type":"page","link":"https:\/\/concurso.ifbaiano.edu.br\/portal\/pronatec-doc-int-2014\/instrucoes\/","title":{"rendered":"Instru\u00e7\u00f5es"},"content":{"rendered":"<div>\n<ol>\n<li>Preencher formul\u00e1rio on-line<\/li>\n<li>Coletar n\u00famero de inscri\u00e7\u00e3o via e-mail institucional indicado no form\u00fal\u00e1rio<\/li>\n<li>Encaminhar SEDEX para a Reitoria com o N\u00famero de Inscri\u00e7\u00e3o indicado no remetente.<\/li>\n<\/ol>\n<dl>\n<dd>\n<table width=\"544\" cellspacing=\"0\" cellpadding=\"7\">\n<col width=\"172\" \/>\n<col width=\"342\" \/>\n<tbody>\n<tr>\n<td width=\"172\">\n<p align=\"CENTER\"><span style=\"font-family: Times New Roman,serif\"><b>PER\u00cdODO \/ DATA<\/b><\/span><\/p>\n<\/td>\n<td width=\"342\">\n<p align=\"CENTER\"><span style=\"font-family: Times New Roman,serif\"><b>A\u00c7\u00d5ES<\/b><\/span><\/p>\n<\/td>\n<\/tr>\n<tr>\n<td width=\"172\">\n<p align=\"CENTER\"><span style=\"font-family: Times New Roman,serif\">10\/10\/14<\/span><\/p>\n<\/td>\n<td width=\"342\">\n<p align=\"JUSTIFY\"><span style=\"font-family: Times New Roman,serif\">Publica\u00e7\u00e3o do Edital.<\/span><\/p>\n<\/td>\n<\/tr>\n<tr>\n<td width=\"172\">\n<p align=\"CENTER\"><span style=\"font-family: Times New Roman,serif\">De 10\/10\/14 at\u00e9 20\/10\/14<\/span><\/p>\n<\/td>\n<td width=\"342\">\n<p align=\"JUSTIFY\"><span style=\"font-family: Times New Roman,serif\">Preenchimento de formul\u00e1rio on-line (at\u00e9 as 23:59).<\/span><\/p>\n<\/td>\n<\/tr>\n<tr>\n<td width=\"172\">\n<p align=\"CENTER\"><span style=\"font-family: Times New Roman,serif\">21\/10\/14<\/span><\/p>\n<\/td>\n<td width=\"342\">\n<p align=\"JUSTIFY\"><span style=\"font-family: Times New Roman,serif\">Limite para envio da documenta\u00e7\u00e3o comprobat\u00f3ria via SEDEX, conforme item 3 deste Edital.<\/span><\/p>\n<\/td>\n<\/tr>\n<tr>\n<td width=\"172\">\n<p align=\"CENTER\"><span style=\"font-family: Times New Roman,serif\">22\/10\/14<\/span><\/p>\n<\/td>\n<td width=\"342\">\n<p align=\"JUSTIFY\"><span style=\"font-family: Times New Roman,serif\">Publica\u00e7\u00e3o do resultado das inscri\u00e7\u00f5es on-line<\/span><\/p>\n<\/td>\n<\/tr>\n<tr>\n<td width=\"172\">\n<p align=\"CENTER\"><span style=\"font-family: Times New Roman,serif\">De 23\/10\/14 at\u00e9 24\/10\/14<\/span><\/p>\n<\/td>\n<td width=\"342\">\n<p align=\"JUSTIFY\"><span style=\"font-family: Times New Roman,serif\">Interposi\u00e7\u00e3o Recurso<\/span><\/p>\n<\/td>\n<\/tr>\n<tr>\n<td width=\"172\">\n<p align=\"CENTER\"><span style=\"font-family: Times New Roman,serif\">De 25\/10\/14 at\u00e9 26\/10\/14<\/span><\/p>\n<\/td>\n<td width=\"342\">\n<p align=\"JUSTIFY\"><span style=\"font-family: Times New Roman,serif\">An\u00e1lise dos Recursos Interpostos<\/span><\/p>\n<\/td>\n<\/tr>\n<tr>\n<td width=\"172\">\n<p align=\"CENTER\"><span style=\"font-family: Times New Roman,serif\">27\/10\/14 <\/span><\/p>\n<\/td>\n<td width=\"342\">\n<p align=\"JUSTIFY\"><span style=\"font-family: Times New Roman,serif\">Resultado Final p\u00f3s recurso<\/span><\/p>\n<\/td>\n<\/tr>\n<\/tbody>\n<\/table>\n<\/dd>\n<\/dl>\n<\/div>\n","protected":false},"excerpt":{"rendered":"<p>Preencher formul\u00e1rio on-line Coletar n\u00famero de inscri\u00e7\u00e3o via e-mail institucional indicado no form\u00fal\u00e1rio Encaminhar SEDEX para a Reitoria com o N\u00famero de Inscri\u00e7\u00e3o indicado no remetente. PER\u00cdODO \/ DATA A\u00c7\u00d5ES 10\/10\/14 Publica\u00e7\u00e3o do Edital. De 10\/10\/14 at\u00e9 20\/10\/14 Preenchimento de &hellip; <a href=\"https:\/\/concurso.ifbaiano.edu.br\/portal\/pronatec-doc-int-2014\/instrucoes\/\">Continue lendo <span class=\"meta-nav\">&rarr;<\/span><\/a><\/p>\n","protected":false},"author":1,"featured_media":0,"parent":0,"menu_order":0,"comment_status":"closed","ping_status":"closed","template":"","meta":[],"_links":{"self":[{"href":"https:\/\/concurso.ifbaiano.edu.br\/portal\/pronatec-doc-int-2014\/wp-json\/wp\/v2\/pages\/18"}],"collection":[{"href":"https:\/\/concurso.ifbaiano.edu.br\/portal\/pronatec-doc-int-2014\/wp-json\/wp\/v2\/pages"}],"about":[{"href":"https:\/\/concurso.ifbaiano.edu.br\/portal\/pronatec-doc-int-2014\/wp-json\/wp\/v2\/types\/page"}],"author":[{"embeddable":true,"href":"https:\/\/concurso.ifbaiano.edu.br\/portal\/pronatec-doc-int-2014\/wp-json\/wp\/v2\/users\/1"}],"replies":[{"embeddable":true,"href":"https:\/\/concurso.ifbaiano.edu.br\/portal\/pronatec-doc-int-2014\/wp-json\/wp\/v2\/comments?post=18"}],"version-history":[{"count":4,"href":"https:\/\/concurso.ifbaiano.edu.br\/portal\/pronatec-doc-int-2014\/wp-json\/wp\/v2\/pages\/18\/revisions"}],"predecessor-version":[{"id":406,"href":"https:\/\/concurso.ifbaiano.edu.br\/portal\/pronatec-doc-int-2014\/wp-json\/wp\/v2\/pages\/18\/revisions\/406"}],"wp:attachment":[{"href":"https:\/\/concurso.ifbaiano.edu.br\/portal\/pronatec-doc-int-2014\/wp-json\/wp\/v2\/media?parent=18"}],"curies":[{"name":"wp","href":"https:\/\/api.w.org\/{rel}","templated":true}]}}