{"id":12,"date":"2011-04-18T14:47:49","date_gmt":"2011-04-18T17:47:49","guid":{"rendered":"http:\/\/www.ifbaiano.edu.br\/portal\/discente20112\/?page_id=12"},"modified":"2014-10-10T16:51:19","modified_gmt":"2014-10-10T19:51:19","slug":"coluna1","status":"publish","type":"page","link":"https:\/\/concurso.ifbaiano.edu.br\/portal\/pronatec-doc-int-2014\/pagina-inicial\/coluna1\/","title":{"rendered":"Coluna 1 &#8211; O Processo Seletivo"},"content":{"rendered":"<p class=\"inicial-titulo\" style=\"text-align: left\">O Processo Seletivo<\/p>\n<p>O Reitor do Instituto Federal de Educa\u00e7\u00e3o, Ci\u00eancia e Tecnologia Baiano- IFBAIANO, em conformidade e sob a reg\u00eancia da Lei Federal n\u00ba 12.513\/2011, alterada pela Lei n\u00ba 12.816\/2013; da Resolu\u00e7\u00e3o n\u00ba 04\/2012 CD\/FNDE, alterada pela Resolu\u00e7\u00e3o n\u00ba 6\/2013, e da resolu\u00e7\u00e3o CD\/FNDE n\u00ba 31\/2011; faz saber que estar\u00e3o abertas, no per\u00edodo de 10 de outubro de 2014 a 20 de outubro de 2014, as inscri\u00e7\u00f5es para o processo seletivo de profissionais interno, servidores ativo e inativos, para atuarem como professor bolsista nos cursos de Qualifica\u00e7\u00e3o Profissional no \u00e2mbito do Bolsa-Forma\u00e7\u00e3o que atender\u00e3o ao Programa Nacional de Acesso ao Ensino T\u00e9cnico e Emprego \u2013 Pronatec.<\/p>\n","protected":false},"excerpt":{"rendered":"<p>O Processo Seletivo O Reitor do Instituto Federal de Educa\u00e7\u00e3o, Ci\u00eancia e Tecnologia Baiano- IFBAIANO, em conformidade e sob a reg\u00eancia da Lei Federal n\u00ba 12.513\/2011, alterada pela Lei n\u00ba 12.816\/2013; da Resolu\u00e7\u00e3o n\u00ba 04\/2012 CD\/FNDE, alterada pela Resolu\u00e7\u00e3o n\u00ba &hellip; <a href=\"https:\/\/concurso.ifbaiano.edu.br\/portal\/pronatec-doc-int-2014\/pagina-inicial\/coluna1\/\">Continue lendo <span class=\"meta-nav\">&rarr;<\/span><\/a><\/p>\n","protected":false},"author":1,"featured_media":0,"parent":9,"menu_order":1,"comment_status":"closed","ping_status":"closed","template":"","meta":[],"_links":{"self":[{"href":"https:\/\/concurso.ifbaiano.edu.br\/portal\/pronatec-doc-int-2014\/wp-json\/wp\/v2\/pages\/12"}],"collection":[{"href":"https:\/\/concurso.ifbaiano.edu.br\/portal\/pronatec-doc-int-2014\/wp-json\/wp\/v2\/pages"}],"about":[{"href":"https:\/\/concurso.ifbaiano.edu.br\/portal\/pronatec-doc-int-2014\/wp-json\/wp\/v2\/types\/page"}],"author":[{"embeddable":true,"href":"https:\/\/concurso.ifbaiano.edu.br\/portal\/pronatec-doc-int-2014\/wp-json\/wp\/v2\/users\/1"}],"replies":[{"embeddable":true,"href":"https:\/\/concurso.ifbaiano.edu.br\/portal\/pronatec-doc-int-2014\/wp-json\/wp\/v2\/comments?post=12"}],"version-history":[{"count":6,"href":"https:\/\/concurso.ifbaiano.edu.br\/portal\/pronatec-doc-int-2014\/wp-json\/wp\/v2\/pages\/12\/revisions"}],"predecessor-version":[{"id":419,"href":"https:\/\/concurso.ifbaiano.edu.br\/portal\/pronatec-doc-int-2014\/wp-json\/wp\/v2\/pages\/12\/revisions\/419"}],"up":[{"embeddable":true,"href":"https:\/\/concurso.ifbaiano.edu.br\/portal\/pronatec-doc-int-2014\/wp-json\/wp\/v2\/pages\/9"}],"wp:attachment":[{"href":"https:\/\/concurso.ifbaiano.edu.br\/portal\/pronatec-doc-int-2014\/wp-json\/wp\/v2\/media?parent=12"}],"curies":[{"name":"wp","href":"https:\/\/api.w.org\/{rel}","templated":true}]}}