{"id":10,"date":"2011-04-18T14:47:01","date_gmt":"2011-04-18T17:47:01","guid":{"rendered":"http:\/\/www.ifbaiano.edu.br\/portal\/discente20112\/?page_id=9"},"modified":"2014-11-17T15:26:24","modified_gmt":"2014-11-17T18:26:24","slug":"coluna2","status":"publish","type":"page","link":"https:\/\/concurso.ifbaiano.edu.br\/portal\/pronatec-doc-int-2014\/pagina-inicial\/coluna2\/","title":{"rendered":"Coluna 2 &#8211; Informa\u00e7\u00f5es"},"content":{"rendered":"<p>06\/10\/2014 &#8211; <a href=\"http:\/\/concurso.ifbaiano.edu.br\/portal\/pronatec-doc-int-2014\/wp-content\/uploads\/sites\/11\/2014\/10\/EDITAL_SELE\u00c7\u00c3O_INTERNA_PRONATEC_PROFESSORES_2014_final.pdf\">Edital PRONATEC 04\/2014 <\/a><\/p>\n<p>23\/10\/2014 &#8211; <a href=\"http:\/\/concurso.ifbaiano.edu.br\/portal\/pronatec-doc-int-2014\/wp-content\/uploads\/sites\/11\/2014\/10\/PRONATEC2014ResultadoInscritosProfessores.pdf\">Resultado das Inscri\u00e7\u00f5es<\/a><\/p>\n<p>23\/10\/2014 &#8211; <a href=\"http:\/\/concurso.ifbaiano.edu.br\/portal\/pronatec-doc-int-2014\/wp-content\/uploads\/sites\/11\/2014\/10\/PRONATEC2014Edital4Retificacao1.pdf\">Retifica\u00e7\u00e3o \u00ba1 do edital<\/a><\/p>\n<p>30\/10\/2014 &#8211; <a href=\"http:\/\/concurso.ifbaiano.edu.br\/portal\/pronatec-doc-int-2014\/wp-content\/uploads\/sites\/11\/2014\/10\/PRONATEC2014Edital4Retificacao2.pdf\">Retifica\u00e7\u00e3o \u00ba2 do edital<\/a><\/p>\n<p>30\/10\/2014 &#8211; <a href=\"http:\/\/concurso.ifbaiano.edu.br\/portal\/pronatec-doc-int-2014\/wp-content\/uploads\/sites\/11\/2014\/10\/PRONATEC2014ResultadoHomologadosProfessores.pdf\">Homologa\u00e7\u00e3o das Inscri\u00e7\u00f5es<\/a><\/p>\n<p>17\/11\/2014 &#8211; <a href=\"http:\/\/concurso.ifbaiano.edu.br\/portal\/pronatec-doc-int-2014\/wp-content\/uploads\/sites\/11\/2014\/11\/PRONATEC2014Edital4Retificacao31.pdf\">Retifica\u00e7\u00e3o \u00ba3 do edital<\/a><\/p>\n<p>17\/11\/2014 &#8211; <a href=\"http:\/\/concurso.ifbaiano.edu.br\/portal\/pronatec-doc-int-2014\/wp-content\/uploads\/sites\/11\/2014\/11\/IFBaianoSele\u00e7\u00e3oPRONATEC2014ResultadoRecursos.pdf\">Resultado dos recursos<\/a><\/p>\n<p>17\/11\/2014 &#8211; <a href=\"http:\/\/concurso.ifbaiano.edu.br\/portal\/pronatec-doc-int-2014\/wp-content\/uploads\/sites\/11\/2014\/11\/IFBaianoSele\u00e7\u00e3oPRONATEC2014Rela\u00e7\u00e3oFinalDeProfessores.pdf\">Resultado Final<\/a><\/p>\n","protected":false},"excerpt":{"rendered":"<p>06\/10\/2014 &#8211; Edital PRONATEC 04\/2014 23\/10\/2014 &#8211; Resultado das Inscri\u00e7\u00f5es 23\/10\/2014 &#8211; Retifica\u00e7\u00e3o \u00ba1 do edital 30\/10\/2014 &#8211; Retifica\u00e7\u00e3o \u00ba2 do edital 30\/10\/2014 &#8211; Homologa\u00e7\u00e3o das Inscri\u00e7\u00f5es 17\/11\/2014 &#8211; Retifica\u00e7\u00e3o \u00ba3 do edital 17\/11\/2014 &#8211; Resultado dos recursos 17\/11\/2014 &#8211; &hellip; <a href=\"https:\/\/concurso.ifbaiano.edu.br\/portal\/pronatec-doc-int-2014\/pagina-inicial\/coluna2\/\">Continue lendo <span class=\"meta-nav\">&rarr;<\/span><\/a><\/p>\n","protected":false},"author":1,"featured_media":0,"parent":9,"menu_order":2,"comment_status":"closed","ping_status":"closed","template":"","meta":[],"_links":{"self":[{"href":"https:\/\/concurso.ifbaiano.edu.br\/portal\/pronatec-doc-int-2014\/wp-json\/wp\/v2\/pages\/10"}],"collection":[{"href":"https:\/\/concurso.ifbaiano.edu.br\/portal\/pronatec-doc-int-2014\/wp-json\/wp\/v2\/pages"}],"about":[{"href":"https:\/\/concurso.ifbaiano.edu.br\/portal\/pronatec-doc-int-2014\/wp-json\/wp\/v2\/types\/page"}],"author":[{"embeddable":true,"href":"https:\/\/concurso.ifbaiano.edu.br\/portal\/pronatec-doc-int-2014\/wp-json\/wp\/v2\/users\/1"}],"replies":[{"embeddable":true,"href":"https:\/\/concurso.ifbaiano.edu.br\/portal\/pronatec-doc-int-2014\/wp-json\/wp\/v2\/comments?post=10"}],"version-history":[{"count":26,"href":"https:\/\/concurso.ifbaiano.edu.br\/portal\/pronatec-doc-int-2014\/wp-json\/wp\/v2\/pages\/10\/revisions"}],"predecessor-version":[{"id":448,"href":"https:\/\/concurso.ifbaiano.edu.br\/portal\/pronatec-doc-int-2014\/wp-json\/wp\/v2\/pages\/10\/revisions\/448"}],"up":[{"embeddable":true,"href":"https:\/\/concurso.ifbaiano.edu.br\/portal\/pronatec-doc-int-2014\/wp-json\/wp\/v2\/pages\/9"}],"wp:attachment":[{"href":"https:\/\/concurso.ifbaiano.edu.br\/portal\/pronatec-doc-int-2014\/wp-json\/wp\/v2\/media?parent=10"}],"curies":[{"name":"wp","href":"https:\/\/api.w.org\/{rel}","templated":true}]}}