{"id":9,"date":"2016-10-24T11:33:18","date_gmt":"2016-10-24T13:33:18","guid":{"rendered":"http:\/\/concurso.ifbaiano.edu.br\/portal\/professor-substituto-campus-governador-mangabeira\/?page_id=9"},"modified":"2016-12-22T09:20:42","modified_gmt":"2016-12-22T11:20:42","slug":"editais","status":"publish","type":"page","link":"https:\/\/concurso.ifbaiano.edu.br\/portal\/professor-substituto-campus-governador-mangabeira\/pagina-inicial\/editais\/","title":{"rendered":"Editais"},"content":{"rendered":"<h3>Editais<\/h3>\n<p>24\/10\/2016 &#8211; <a href=\"http:\/\/concurso.ifbaiano.edu.br\/portal\/professor-substituto-campus-governador-mangabeira\/wp-content\/uploads\/sites\/51\/2016\/10\/EDITAL-PROFESSOR-SUBSTITUTO-MANGABEIRA.pdf\">Edital 96\/2016<\/a><\/p>\n<div style=\"height: 8px\"><\/div>\n<p>24\/10\/2016 &#8211; <a href=\"http:\/\/concurso.ifbaiano.edu.br\/portal\/professor-substituto-campus-governador-mangabeira\/wp-content\/uploads\/sites\/51\/2016\/10\/Ficha-de-inscri\u00e7\u00e3o.pdf\">Ficha de Inscri\u00e7\u00e3o<\/a><\/p>\n<div style=\"height: 8px\"><\/div>\n<p>01\/11\/2016 &#8211; <a href=\"http:\/\/concurso.ifbaiano.edu.br\/portal\/professor-substituto-campus-governador-mangabeira\/wp-content\/uploads\/sites\/51\/2016\/10\/homologacao.pdf\">Homologa\u00e7\u00e3o das Inscri\u00e7\u00f5es<\/a><\/p>\n<div style=\"height: 8px\"><\/div>\n<p>21\/11\/2016 &#8211; <a href=\"http:\/\/concurso.ifbaiano.edu.br\/portal\/professor-substituto-campus-governador-mangabeira\/wp-content\/uploads\/sites\/51\/2016\/10\/RESULTADO-PRELIMINAR.pdf\">Resultado Preliminar<\/a><\/p>\n<div style=\"height: 8px\"><\/div>\n<p>24\/11\/2016 &#8211; <a href=\"http:\/\/concurso.ifbaiano.edu.br\/portal\/professor-substituto-campus-governador-mangabeira\/wp-content\/uploads\/sites\/51\/2016\/10\/RESULTADO-FINAL.pdf\">Resultado Final <\/a><\/p>\n<div style=\"height: 8px\"><\/div>\n<p>22\/12\/2016- <a href=\"http:\/\/concurso.ifbaiano.edu.br\/portal\/professor-substituto-campus-governador-mangabeira\/wp-content\/uploads\/sites\/51\/2016\/10\/Homologa-Resultado-Final-Prof-Subs-Port.pdf\">Homologa\u00e7\u00e3o do Resultado Final <\/a><\/p>\n<div style=\"height: 8px\"><\/div>\n<p>&nbsp;<\/p>\n","protected":false},"excerpt":{"rendered":"<p>Editais 24\/10\/2016 &#8211; Edital 96\/2016 24\/10\/2016 &#8211; Ficha de Inscri\u00e7\u00e3o 01\/11\/2016 &#8211; Homologa\u00e7\u00e3o das Inscri\u00e7\u00f5es 21\/11\/2016 &#8211; Resultado Preliminar 24\/11\/2016 &#8211; Resultado Final 22\/12\/2016- Homologa\u00e7\u00e3o do Resultado Final &nbsp;<\/p>\n","protected":false},"author":30,"featured_media":0,"parent":5,"menu_order":2,"comment_status":"closed","ping_status":"closed","template":"","meta":[],"_links":{"self":[{"href":"https:\/\/concurso.ifbaiano.edu.br\/portal\/professor-substituto-campus-governador-mangabeira\/wp-json\/wp\/v2\/pages\/9"}],"collection":[{"href":"https:\/\/concurso.ifbaiano.edu.br\/portal\/professor-substituto-campus-governador-mangabeira\/wp-json\/wp\/v2\/pages"}],"about":[{"href":"https:\/\/concurso.ifbaiano.edu.br\/portal\/professor-substituto-campus-governador-mangabeira\/wp-json\/wp\/v2\/types\/page"}],"author":[{"embeddable":true,"href":"https:\/\/concurso.ifbaiano.edu.br\/portal\/professor-substituto-campus-governador-mangabeira\/wp-json\/wp\/v2\/users\/30"}],"replies":[{"embeddable":true,"href":"https:\/\/concurso.ifbaiano.edu.br\/portal\/professor-substituto-campus-governador-mangabeira\/wp-json\/wp\/v2\/comments?post=9"}],"version-history":[{"count":12,"href":"https:\/\/concurso.ifbaiano.edu.br\/portal\/professor-substituto-campus-governador-mangabeira\/wp-json\/wp\/v2\/pages\/9\/revisions"}],"predecessor-version":[{"id":56,"href":"https:\/\/concurso.ifbaiano.edu.br\/portal\/professor-substituto-campus-governador-mangabeira\/wp-json\/wp\/v2\/pages\/9\/revisions\/56"}],"up":[{"embeddable":true,"href":"https:\/\/concurso.ifbaiano.edu.br\/portal\/professor-substituto-campus-governador-mangabeira\/wp-json\/wp\/v2\/pages\/5"}],"wp:attachment":[{"href":"https:\/\/concurso.ifbaiano.edu.br\/portal\/professor-substituto-campus-governador-mangabeira\/wp-json\/wp\/v2\/media?parent=9"}],"curies":[{"name":"wp","href":"https:\/\/api.w.org\/{rel}","templated":true}]}}