{"id":28,"date":"2016-10-05T08:25:21","date_gmt":"2016-10-05T11:25:21","guid":{"rendered":"http:\/\/concurso.ifbaiano.edu.br\/portal\/pos-graduacao-campus-mangabeira\/?page_id=28"},"modified":"2016-10-19T14:30:55","modified_gmt":"2016-10-19T16:30:55","slug":"editais","status":"publish","type":"page","link":"https:\/\/concurso.ifbaiano.edu.br\/portal\/pos-graduacao-campus-mangabeira\/pagina-inicial\/editais\/","title":{"rendered":"Editais"},"content":{"rendered":"<p class=\"inicial-titulo\" style=\"text-align: left;\">Editais e retifica\u00e7\u00f5es<\/p>\n<p><a href=\"http:\/\/concurso.ifbaiano.edu.br\/portal\/pos-graduacao-campus-mangabeira\/wp-content\/uploads\/sites\/46\/2016\/10\/edital05-2016.pdf\" target=\"_blank\">Edital n\u00ba 05\/2016<\/a><\/p>\n<p><a href=\"http:\/\/concurso.ifbaiano.edu.br\/portal\/pos-graduacao-campus-mangabeira\/wp-content\/uploads\/sites\/46\/2016\/10\/errata-n01-edital-propes-n05-2016-metodologia-cientifica.pdf\" target=\"_blank\">Errata Edital n\u00ba 05\/2016<\/a><\/p>\n<p><a href=\"http:\/\/concurso.ifbaiano.edu.br\/portal\/pos-graduacao-campus-mangabeira\/wp-content\/uploads\/sites\/46\/2016\/10\/RETIFIC._Edital-PROPES-n%C2%BA-05-2016_Espec.-em-METODOLOGIA-CIENT%C3%8DFICA_GMB.pdf\" target=\"_blank\">Retifica\u00e7\u00e3o Edital n\u00ba 05\/2016<\/a><\/p>\n<p><a href=\"http:\/\/concurso.ifbaiano.edu.br\/portal\/pos-graduacao-campus-mangabeira\/wp-content\/uploads\/sites\/46\/2016\/10\/edital06-2016.pdf\" target=\"_blank\">Edital n\u00ba 06\/2016<\/a><\/p>\n<p><a href=\"http:\/\/concurso.ifbaiano.edu.br\/portal\/pos-graduacao-campus-mangabeira\/wp-content\/uploads\/sites\/46\/2016\/10\/errata-n01-edital-propes-n06-2016-historia-e-cultura-afro-brasileira-e-indigena.pdf\" target=\"_blank\">Errata Edital n\u00ba 06\/2016<\/a><\/p>\n<p><a href=\"http:\/\/concurso.ifbaiano.edu.br\/portal\/pos-graduacao-campus-mangabeira\/wp-content\/uploads\/sites\/46\/2016\/10\/RETIFIC._Edital-PROPES-n%C2%BA-06-2016_Espec.-em-HIST.-CULT.-AFRO-BRASILEIRA-e-IND%C3%8DGENA_GMB.pdf\" target=\"_blank\">Retifica\u00e7\u00e3o Edital n\u00ba 06\/2016<\/a><\/p>\n<p><a href=\"http:\/\/concurso.ifbaiano.edu.br\/portal\/pos-graduacao-campus-mangabeira\/wp-content\/uploads\/sites\/46\/2016\/10\/edital07-2016.pdf\" target=\"_blank\">Edital n\u00ba 07\/2016<\/a><\/p>\n<p><a href=\"http:\/\/concurso.ifbaiano.edu.br\/portal\/pos-graduacao-campus-mangabeira\/wp-content\/uploads\/sites\/46\/2016\/10\/errata-n01-edital-propes-n07-2016-linguagens-producao-textual-e-estudos-culturais.pdf\" target=\"_blank\">Errata Edital n\u00ba 07\/2016<\/a><\/p>\n<p><a href=\"http:\/\/concurso.ifbaiano.edu.br\/portal\/pos-graduacao-campus-mangabeira\/wp-content\/uploads\/sites\/46\/2016\/10\/RETIFIC._Edital-PROPES-n%C2%BA-07-2016_Espec.-em-LING.-PROD.-TEXTUAL-E-ESTUDOS-CULTURAIS_GMB.pdf\" target=\"_blank\">Retifica\u00e7\u00e3o Edital n\u00ba 07\/2016<\/a><\/p>\n<p><a href=\"http:\/\/concurso.ifbaiano.edu.br\/portal\/pos-graduacao-campus-mangabeira\/wp-content\/uploads\/sites\/46\/2016\/10\/edital08-2016.pdf\" target=\"_blank\">Edital n\u00ba 08\/2016<\/a><\/p>\n<p><a href=\"http:\/\/concurso.ifbaiano.edu.br\/portal\/pos-graduacao-campus-mangabeira\/wp-content\/uploads\/sites\/46\/2016\/10\/errata-n01-edital-propes-n08-2016-ensino-de-ciencias-naturais-e-matematica.pdf\" target=\"_blank\">Errata Edital n\u00ba 08\/2016<\/a><\/p>\n<p><a href=\"http:\/\/concurso.ifbaiano.edu.br\/portal\/pos-graduacao-campus-mangabeira\/wp-content\/uploads\/sites\/46\/2016\/10\/RETIFIC._Edital-PROPES-n%C2%BA-08-2016_Espec.-em-ENSINO-DE-CI%C3%8ANCIAS-NAT.-E-MATEM%C3%81TICA_GMB.pdf\" target=\"_blank\">Retifica\u00e7\u00e3o Edital n\u00ba 08\/2016<\/a><\/p>\n<p class=\"inicial-titulo\" style=\"text-align: left;\">Homologa\u00e7\u00f5es e convoca\u00e7\u00f5es<\/p>\n<p><a href=\"http:\/\/concurso.ifbaiano.edu.br\/portal\/pos-graduacao-campus-mangabeira\/wp-content\/uploads\/sites\/46\/2016\/10\/HOMOLOGA\u00c7\u00c3O-E-ENTREVISTA-Metodologia.pdf\" target=\"_blank\">Homologa\u00e7\u00e3o Especializa\u00e7\u00e3o em Metodologia Cient\u00edfica<\/a><\/p>\n<p><a href=\"http:\/\/concurso.ifbaiano.edu.br\/portal\/pos-graduacao-campus-mangabeira\/wp-content\/uploads\/sites\/46\/2016\/10\/HOMOLOGA%C3%87%C3%83O-E-ENTREVISTA-Matem%C3%A1tica-2.pdf\" target=\"_blank\">Homologa\u00e7\u00e3o Especializa\u00e7\u00e3o em Ensino de Ci\u00eancias Naturais e Matem\u00e1tica<\/a><\/p>\n<p><a href=\"http:\/\/concurso.ifbaiano.edu.br\/portal\/pos-graduacao-campus-mangabeira\/wp-content\/uploads\/sites\/46\/2016\/10\/HOMOLOGA%C3%87%C3%83O-E-ENTREVISTA-Hist%C3%B3ria.pdf\" target=\"_blank\">Homologa\u00e7\u00e3o Especializa\u00e7\u00e3o em Hist\u00f3ria e Cultura Afro-Brasileira e Ind\u00edgena<\/a><\/p>\n<p><a href=\"http:\/\/concurso.ifbaiano.edu.br\/portal\/pos-graduacao-campus-mangabeira\/wp-content\/uploads\/sites\/46\/2016\/10\/Homologa%C3%A7%C3%A3o-especilaliza%C3%A7%C3%A3o-em-Linguagens-.pdf\" target=\"_blank\">Homologa\u00e7\u00e3o Especializa\u00e7\u00e3o em Linguagens Produ\u00e7\u00e3o Textual e Estudos Culturais<\/a><\/p>\n<p class=\"inicial-titulo\" style=\"text-align: left;\">Resultados<\/p>\n<p><a href=\"http:\/\/concurso.ifbaiano.edu.br\/portal\/pos-graduacao-campus-mangabeira\/wp-content\/uploads\/sites\/46\/2016\/10\/RF-CIENCIAS-NATURAIS-E-MATEMATICA-EDITAL-N-08-2016-DA-CI-06-2016.pdf\" target=\"_blank\">19\/10\/2016 &#8211; Resultado Final &#8211; Ensino de Ci\u00eancias Naturais e Matem\u00e1tica<\/a><\/p>\n<p><a href=\"http:\/\/concurso.ifbaiano.edu.br\/portal\/pos-graduacao-campus-mangabeira\/wp-content\/uploads\/sites\/46\/2016\/10\/RF-LINGUAGENS-PRODUCAO-TEXTUAL-E-ESTUDOS-CULTURAIS-EDITAL-N-07-2016-DA-CI-06-2016.pdf\" target=\"_blank\">19\/10\/2016 &#8211; Resultado Final &#8211; Linguagens Produ\u00e7\u00e3o Textual<\/a><\/p>\n<p><a href=\"http:\/\/concurso.ifbaiano.edu.br\/portal\/pos-graduacao-campus-mangabeira\/wp-content\/uploads\/sites\/46\/2016\/10\/RF-METODOLOGIA-CIENTIFICA-EDITAL-N-05-2016-DA-CI-06-2016.pdf\" target=\"_blank\">19\/10\/2016 &#8211; Resultado Final &#8211; Metodologia Cient\u00edfica<\/a><\/p>\n<p><a href=\"http:\/\/concurso.ifbaiano.edu.br\/portal\/pos-graduacao-campus-mangabeira\/wp-content\/uploads\/sites\/46\/2016\/10\/RF-HISTORIA-E-CULTURA-AFRO-BRASILEIRA-E-INDIGENA-EDITAL-N-06-2016-DA-CI-06-2016.pdf\" target=\"_blank\">19\/10\/2016 &#8211; Resultado Final &#8211; Hist\u00f3ria Cultura Afro<\/a><\/p>\n<p><a href=\"http:\/\/concurso.ifbaiano.edu.br\/portal\/pos-graduacao-campus-mangabeira\/wp-content\/uploads\/sites\/46\/2016\/10\/RESULTADO-PRELIMINAR-Ensino-de-Ci\u00eancias-Naturais-e-Matem\u00e1tica.pdf\">13\/10\/2016 &#8211; Resultado Preliminar &#8211; Ensino de Ci\u00eancias Naturais e Matem\u00e1tica<\/a><\/p>\n<p><a href=\"http:\/\/concurso.ifbaiano.edu.br\/portal\/pos-graduacao-campus-mangabeira\/wp-content\/uploads\/sites\/46\/2016\/10\/RESULTADO-PRELIMINAR-Ensino-de-Ci\u00eancias-Naturais-e-Matem\u00e1tica.pdf\">13\/10\/2016 &#8211;<\/a><a href=\"http:\/\/concurso.ifbaiano.edu.br\/portal\/pos-graduacao-campus-mangabeira\/wp-content\/uploads\/sites\/46\/2016\/10\/RESULTADO-PRELIMINAR-FINAL-LINGUAGENS-PRODU\u00c7\u00c3O-TEXTUAL.pdf\"> Resultado Preliminar &#8211; Linguagens Produ\u00e7\u00e3o Textual<\/a><\/p>\n<p><a href=\"http:\/\/concurso.ifbaiano.edu.br\/portal\/pos-graduacao-campus-mangabeira\/wp-content\/uploads\/sites\/46\/2016\/10\/RESULTADO-PRELIMINAR-Ensino-de-Ci\u00eancias-Naturais-e-Matem\u00e1tica.pdf\">13\/10\/2016 &#8211;<\/a><a href=\"http:\/\/concurso.ifbaiano.edu.br\/portal\/pos-graduacao-campus-mangabeira\/wp-content\/uploads\/sites\/46\/2016\/10\/RESULTADO-PRELIMINAR-METODOLOGIA-CIENT\u00cdFICA.pdf\"> Resultado Preliminar &#8211; Metodologia Cient\u00edfica<\/a><\/p>\n<p><a href=\"http:\/\/concurso.ifbaiano.edu.br\/portal\/pos-graduacao-campus-mangabeira\/wp-content\/uploads\/sites\/46\/2016\/10\/RESULTADO-PRELIMINAR-Ensino-de-Ci\u00eancias-Naturais-e-Matem\u00e1tica.pdf\">13\/10\/2016 &#8211; <\/a><a href=\"http:\/\/concurso.ifbaiano.edu.br\/portal\/pos-graduacao-campus-mangabeira\/wp-content\/uploads\/sites\/46\/2016\/10\/RESULTADO-PRELIMINAR_PUBLICA\u00c7\u00c3O-HIST\u00d3RIA-CULTURA-AFRO.pdf\">Resultado Preliminar &#8211; Hist\u00f3ria Cultura Afro<\/a><\/p>\n<p class=\"inicial-titulo\" style=\"text-align: left;\">Recursos<\/p>\n<p>13\/10\/2016 &#8211; <a href=\"http:\/\/concurso.ifbaiano.edu.br\/portal\/pos-graduacao-campus-mangabeira\/wp-content\/uploads\/sites\/46\/2016\/10\/MODELO-RECURSO-HISTORIA-CULTURA-AFRO.odt\">Modelo de recurso &#8211; Hist\u00f3ria Cultura Afro (ODT)<\/a><\/p>\n","protected":false},"excerpt":{"rendered":"<p>Editais e retifica\u00e7\u00f5es Edital n\u00ba 05\/2016 Errata Edital n\u00ba 05\/2016 Retifica\u00e7\u00e3o Edital n\u00ba 05\/2016 Edital n\u00ba 06\/2016 Errata Edital n\u00ba 06\/2016 Retifica\u00e7\u00e3o Edital n\u00ba 06\/2016 Edital n\u00ba 07\/2016 Errata Edital n\u00ba 07\/2016 Retifica\u00e7\u00e3o Edital n\u00ba 07\/2016 Edital n\u00ba 08\/2016 Errata &hellip; <a href=\"https:\/\/concurso.ifbaiano.edu.br\/portal\/pos-graduacao-campus-mangabeira\/pagina-inicial\/editais\/\">Continue lendo <span class=\"meta-nav\">&rarr;<\/span><\/a><\/p>\n","protected":false},"author":30,"featured_media":0,"parent":23,"menu_order":2,"comment_status":"closed","ping_status":"closed","template":"","meta":[],"_links":{"self":[{"href":"https:\/\/concurso.ifbaiano.edu.br\/portal\/pos-graduacao-campus-mangabeira\/wp-json\/wp\/v2\/pages\/28"}],"collection":[{"href":"https:\/\/concurso.ifbaiano.edu.br\/portal\/pos-graduacao-campus-mangabeira\/wp-json\/wp\/v2\/pages"}],"about":[{"href":"https:\/\/concurso.ifbaiano.edu.br\/portal\/pos-graduacao-campus-mangabeira\/wp-json\/wp\/v2\/types\/page"}],"author":[{"embeddable":true,"href":"https:\/\/concurso.ifbaiano.edu.br\/portal\/pos-graduacao-campus-mangabeira\/wp-json\/wp\/v2\/users\/30"}],"replies":[{"embeddable":true,"href":"https:\/\/concurso.ifbaiano.edu.br\/portal\/pos-graduacao-campus-mangabeira\/wp-json\/wp\/v2\/comments?post=28"}],"version-history":[{"count":16,"href":"https:\/\/concurso.ifbaiano.edu.br\/portal\/pos-graduacao-campus-mangabeira\/wp-json\/wp\/v2\/pages\/28\/revisions"}],"predecessor-version":[{"id":73,"href":"https:\/\/concurso.ifbaiano.edu.br\/portal\/pos-graduacao-campus-mangabeira\/wp-json\/wp\/v2\/pages\/28\/revisions\/73"}],"up":[{"embeddable":true,"href":"https:\/\/concurso.ifbaiano.edu.br\/portal\/pos-graduacao-campus-mangabeira\/wp-json\/wp\/v2\/pages\/23"}],"wp:attachment":[{"href":"https:\/\/concurso.ifbaiano.edu.br\/portal\/pos-graduacao-campus-mangabeira\/wp-json\/wp\/v2\/media?parent=28"}],"curies":[{"name":"wp","href":"https:\/\/api.w.org\/{rel}","templated":true}]}}