{"id":26,"date":"2016-10-05T08:23:19","date_gmt":"2016-10-05T11:23:19","guid":{"rendered":"http:\/\/concurso.ifbaiano.edu.br\/portal\/pos-graduacao-campus-mangabeira\/?page_id=26"},"modified":"2016-10-14T09:02:01","modified_gmt":"2016-10-14T12:02:01","slug":"homologacoes","status":"publish","type":"page","link":"https:\/\/concurso.ifbaiano.edu.br\/portal\/pos-graduacao-campus-mangabeira\/pagina-inicial\/homologacoes\/","title":{"rendered":"Homologa\u00e7\u00f5es"},"content":{"rendered":"<p class=\"inicial-titulo\" style=\"text-align: left;\">Processo Seletivo<\/p>\n<p style=\"text-align: justify;\">O REITOR DO INSTITUTO FEDERAL DE EDUCA\u00c7\u00c3O, CI\u00caNCIA E TECNOLOGIA BAIANO, no uso de suas atribui\u00e7\u00f5es legais, torna p\u00fablico as normas que regem o Processo Seletivo discente para ingresso no Curso de P\u00f3s-Gradua\u00e7\u00e3o lato sensu em Ensino de Ci\u00eancias Naturais e Matem\u00e1tica, Linguagens Produ\u00e7\u00e3o Textual, Metodologia Cient\u00edfica e Hist\u00f3ria Cultura Afro no <i>Campus<\/i> Governador Mangabeira.<\/p>\n","protected":false},"excerpt":{"rendered":"<p>Processo Seletivo O REITOR DO INSTITUTO FEDERAL DE EDUCA\u00c7\u00c3O, CI\u00caNCIA E TECNOLOGIA BAIANO, no uso de suas atribui\u00e7\u00f5es legais, torna p\u00fablico as normas que regem o Processo Seletivo discente para ingresso no Curso de P\u00f3s-Gradua\u00e7\u00e3o lato sensu em Ensino de &hellip; <a href=\"https:\/\/concurso.ifbaiano.edu.br\/portal\/pos-graduacao-campus-mangabeira\/pagina-inicial\/homologacoes\/\">Continue lendo <span class=\"meta-nav\">&rarr;<\/span><\/a><\/p>\n","protected":false},"author":30,"featured_media":0,"parent":23,"menu_order":1,"comment_status":"closed","ping_status":"closed","template":"","meta":[],"_links":{"self":[{"href":"https:\/\/concurso.ifbaiano.edu.br\/portal\/pos-graduacao-campus-mangabeira\/wp-json\/wp\/v2\/pages\/26"}],"collection":[{"href":"https:\/\/concurso.ifbaiano.edu.br\/portal\/pos-graduacao-campus-mangabeira\/wp-json\/wp\/v2\/pages"}],"about":[{"href":"https:\/\/concurso.ifbaiano.edu.br\/portal\/pos-graduacao-campus-mangabeira\/wp-json\/wp\/v2\/types\/page"}],"author":[{"embeddable":true,"href":"https:\/\/concurso.ifbaiano.edu.br\/portal\/pos-graduacao-campus-mangabeira\/wp-json\/wp\/v2\/users\/30"}],"replies":[{"embeddable":true,"href":"https:\/\/concurso.ifbaiano.edu.br\/portal\/pos-graduacao-campus-mangabeira\/wp-json\/wp\/v2\/comments?post=26"}],"version-history":[{"count":6,"href":"https:\/\/concurso.ifbaiano.edu.br\/portal\/pos-graduacao-campus-mangabeira\/wp-json\/wp\/v2\/pages\/26\/revisions"}],"predecessor-version":[{"id":65,"href":"https:\/\/concurso.ifbaiano.edu.br\/portal\/pos-graduacao-campus-mangabeira\/wp-json\/wp\/v2\/pages\/26\/revisions\/65"}],"up":[{"embeddable":true,"href":"https:\/\/concurso.ifbaiano.edu.br\/portal\/pos-graduacao-campus-mangabeira\/wp-json\/wp\/v2\/pages\/23"}],"wp:attachment":[{"href":"https:\/\/concurso.ifbaiano.edu.br\/portal\/pos-graduacao-campus-mangabeira\/wp-json\/wp\/v2\/media?parent=26"}],"curies":[{"name":"wp","href":"https:\/\/api.w.org\/{rel}","templated":true}]}}