{"id":23,"date":"2016-10-05T08:19:15","date_gmt":"2016-10-05T11:19:15","guid":{"rendered":"http:\/\/concurso.ifbaiano.edu.br\/portal\/pos-graduacao-campus-mangabeira\/?page_id=23"},"modified":"2016-10-05T08:19:15","modified_gmt":"2016-10-05T11:19:15","slug":"pagina-inicial","status":"publish","type":"page","link":"https:\/\/concurso.ifbaiano.edu.br\/portal\/pos-graduacao-campus-mangabeira\/","title":{"rendered":"P\u00e1gina inicial"},"content":{"rendered":"<div class=\"child_pages child_pages-thumbnail\">\n<div id=\"child_page-26\" class=\"child_page\" style=\"width:50%;max-width:100%;\"><div class=\"child_page-container\"><div class=\"post_thumb\"><a href=\"https:\/\/concurso.ifbaiano.edu.br\/portal\/pos-graduacao-campus-mangabeira\/pagina-inicial\/homologacoes\/\"><\/a><\/div><div class=\"post_content\"><h4><a href=\"https:\/\/concurso.ifbaiano.edu.br\/portal\/pos-graduacao-campus-mangabeira\/pagina-inicial\/homologacoes\/\">Homologa\u00e7\u00f5es<\/a><\/h4><div class=\"post_excerpt\">Processo Seletivo O REITOR DO INSTITUTO FEDERAL DE EDUCA\u00c7\u00c3O, CI\u00caNCIA E TECNOLOGIA BAIANO, no uso de suas atribui\u00e7\u00f5es legais, torna p\u00fablico as normas que regem o Processo Seletivo discente para ingresso no Curso de P\u00f3s-Gradua\u00e7\u00e3o lato sensu em Ensino de &hellip; <a href=\"https:\/\/concurso.ifbaiano.edu.br\/portal\/pos-graduacao-campus-mangabeira\/pagina-inicial\/homologacoes\/\">Continue lendo <span class=\"meta-nav\">&rarr;<\/span><\/a><\/div><\/div><!-- .post_content  --><\/div><!-- .child_page-container --><\/div><!-- #child_page-26\" -->\n\n<div id=\"child_page-28\" class=\"child_page\" style=\"width:50%;max-width:100%;\"><div class=\"child_page-container\"><div class=\"post_thumb\"><a href=\"https:\/\/concurso.ifbaiano.edu.br\/portal\/pos-graduacao-campus-mangabeira\/pagina-inicial\/editais\/\"><\/a><\/div><div class=\"post_content\"><h4><a href=\"https:\/\/concurso.ifbaiano.edu.br\/portal\/pos-graduacao-campus-mangabeira\/pagina-inicial\/editais\/\">Editais<\/a><\/h4><div class=\"post_excerpt\">Editais e retifica\u00e7\u00f5es Edital n\u00ba 05\/2016 Errata Edital n\u00ba 05\/2016 Retifica\u00e7\u00e3o Edital n\u00ba 05\/2016 Edital n\u00ba 06\/2016 Errata Edital n\u00ba 06\/2016 Retifica\u00e7\u00e3o Edital n\u00ba 06\/2016 Edital n\u00ba 07\/2016 Errata Edital n\u00ba 07\/2016 Retifica\u00e7\u00e3o Edital n\u00ba 07\/2016 Edital n\u00ba 08\/2016 Errata &hellip; <a href=\"https:\/\/concurso.ifbaiano.edu.br\/portal\/pos-graduacao-campus-mangabeira\/pagina-inicial\/editais\/\">Continue lendo <span class=\"meta-nav\">&rarr;<\/span><\/a><\/div><\/div><!-- .post_content  --><\/div><!-- .child_page-container --><\/div><!-- #child_page-28\" -->\n<\/div>\n","protected":false},"excerpt":{"rendered":"","protected":false},"author":30,"featured_media":0,"parent":0,"menu_order":0,"comment_status":"closed","ping_status":"closed","template":"","meta":[],"_links":{"self":[{"href":"https:\/\/concurso.ifbaiano.edu.br\/portal\/pos-graduacao-campus-mangabeira\/wp-json\/wp\/v2\/pages\/23"}],"collection":[{"href":"https:\/\/concurso.ifbaiano.edu.br\/portal\/pos-graduacao-campus-mangabeira\/wp-json\/wp\/v2\/pages"}],"about":[{"href":"https:\/\/concurso.ifbaiano.edu.br\/portal\/pos-graduacao-campus-mangabeira\/wp-json\/wp\/v2\/types\/page"}],"author":[{"embeddable":true,"href":"https:\/\/concurso.ifbaiano.edu.br\/portal\/pos-graduacao-campus-mangabeira\/wp-json\/wp\/v2\/users\/30"}],"replies":[{"embeddable":true,"href":"https:\/\/concurso.ifbaiano.edu.br\/portal\/pos-graduacao-campus-mangabeira\/wp-json\/wp\/v2\/comments?post=23"}],"version-history":[{"count":1,"href":"https:\/\/concurso.ifbaiano.edu.br\/portal\/pos-graduacao-campus-mangabeira\/wp-json\/wp\/v2\/pages\/23\/revisions"}],"predecessor-version":[{"id":24,"href":"https:\/\/concurso.ifbaiano.edu.br\/portal\/pos-graduacao-campus-mangabeira\/wp-json\/wp\/v2\/pages\/23\/revisions\/24"}],"wp:attachment":[{"href":"https:\/\/concurso.ifbaiano.edu.br\/portal\/pos-graduacao-campus-mangabeira\/wp-json\/wp\/v2\/media?parent=23"}],"curies":[{"name":"wp","href":"https:\/\/api.w.org\/{rel}","templated":true}]}}