{"id":7,"date":"2017-03-07T16:25:26","date_gmt":"2017-03-07T19:25:26","guid":{"rendered":"http:\/\/concurso.ifbaiano.edu.br\/portal\/pincel-2017\/?page_id=7"},"modified":"2017-03-07T16:58:28","modified_gmt":"2017-03-07T19:58:28","slug":"homologacao","status":"publish","type":"page","link":"https:\/\/concurso.ifbaiano.edu.br\/portal\/pincel-2017\/pagina-inicial\/homologacao\/","title":{"rendered":"Homologa\u00e7\u00e3o"},"content":{"rendered":"<h3>Processo Seletivo<\/h3>\n<p>O Reitor do Instituto Federal de Educa\u00e7\u00e3o, Ci\u00eancia e Tecnologia Baiano &#8211; IF Baiano, no uso de suas atribui\u00e7\u00f5es legais na forma do que disp\u00f5e a Lei n\u00ba 11.892\/2008, considerando ainda a Lei n\u00ba 12.155\/2009, o Decreto n\u00ba 7.234\/2010, o Decreto n\u00ba 7.416\/2010, e a Resolu\u00e7\u00e3o n\u00ba 64, de 30 de novembro de 2016, que institui a Pol\u00edtica de Assist\u00eancia Estudantil no \u00e2mbito do IF Baiano, torna p\u00fablico o presente Edital que estabelece as normas e crit\u00e9rios para sele\u00e7\u00e3o priorit\u00e1ria de estudantes em vulnerabilidade socioecon\u00f4mica de cursos presenciais e a dist\u00e2ncia com a finalidade de participa\u00e7\u00e3o na Pol\u00edtica de Assist\u00eancia Estudantil deste Instituto, por meio do Programa de Incentivo \u00e0 Cultura, Esporte e Lazer (PINCEL).<\/p>\n","protected":false},"excerpt":{"rendered":"<p>Processo Seletivo O Reitor do Instituto Federal de Educa\u00e7\u00e3o, Ci\u00eancia e Tecnologia Baiano &#8211; IF Baiano, no uso de suas atribui\u00e7\u00f5es legais na forma do que disp\u00f5e a Lei n\u00ba 11.892\/2008, considerando ainda a Lei n\u00ba 12.155\/2009, o Decreto n\u00ba &hellip; <a href=\"https:\/\/concurso.ifbaiano.edu.br\/portal\/pincel-2017\/pagina-inicial\/homologacao\/\">Continue lendo <span class=\"meta-nav\">&rarr;<\/span><\/a><\/p>\n","protected":false},"author":30,"featured_media":0,"parent":5,"menu_order":1,"comment_status":"closed","ping_status":"closed","template":"","meta":[],"_links":{"self":[{"href":"https:\/\/concurso.ifbaiano.edu.br\/portal\/pincel-2017\/wp-json\/wp\/v2\/pages\/7"}],"collection":[{"href":"https:\/\/concurso.ifbaiano.edu.br\/portal\/pincel-2017\/wp-json\/wp\/v2\/pages"}],"about":[{"href":"https:\/\/concurso.ifbaiano.edu.br\/portal\/pincel-2017\/wp-json\/wp\/v2\/types\/page"}],"author":[{"embeddable":true,"href":"https:\/\/concurso.ifbaiano.edu.br\/portal\/pincel-2017\/wp-json\/wp\/v2\/users\/30"}],"replies":[{"embeddable":true,"href":"https:\/\/concurso.ifbaiano.edu.br\/portal\/pincel-2017\/wp-json\/wp\/v2\/comments?post=7"}],"version-history":[{"count":2,"href":"https:\/\/concurso.ifbaiano.edu.br\/portal\/pincel-2017\/wp-json\/wp\/v2\/pages\/7\/revisions"}],"predecessor-version":[{"id":17,"href":"https:\/\/concurso.ifbaiano.edu.br\/portal\/pincel-2017\/wp-json\/wp\/v2\/pages\/7\/revisions\/17"}],"up":[{"embeddable":true,"href":"https:\/\/concurso.ifbaiano.edu.br\/portal\/pincel-2017\/wp-json\/wp\/v2\/pages\/5"}],"wp:attachment":[{"href":"https:\/\/concurso.ifbaiano.edu.br\/portal\/pincel-2017\/wp-json\/wp\/v2\/media?parent=7"}],"curies":[{"name":"wp","href":"https:\/\/api.w.org\/{rel}","templated":true}]}}