{"id":7,"date":"2017-03-13T16:18:41","date_gmt":"2017-03-13T19:18:41","guid":{"rendered":"http:\/\/concurso.ifbaiano.edu.br\/portal\/pibiex-2017\/?page_id=7"},"modified":"2017-03-13T16:22:53","modified_gmt":"2017-03-13T19:22:53","slug":"homologacao","status":"publish","type":"page","link":"https:\/\/concurso.ifbaiano.edu.br\/portal\/pibiex-2017\/pagina-inicial\/homologacao\/","title":{"rendered":"Homologa\u00e7\u00e3o"},"content":{"rendered":"<h3>Processo Seletivo<\/h3>\n<p>A Pr\u00f3-Reitoria de Extens\u00e3o (PROEX) do Instituto Federal de Educa\u00e7\u00e3o, Ci\u00eancia e Tecnologia Baiano (IF Baiano), em exerc\u00edcio, no uso das suas atribui\u00e7\u00f5es, torna p\u00fablico o presente Edital contendo normas e procedimentos para submiss\u00e3o, fomento, monitoramento dos projetos de extens\u00e3o para concess\u00e3o de bolsas de inicia\u00e7\u00e3o em extens\u00e3o nas modalidades: J\u00fanior e Superior do Programa Institucional de Bolsas de Inicia\u00e7\u00e3o em Extens\u00e3o do IF Baiano, conforme Resolu\u00e7\u00e3o n\u00ba 03, de 23 de abril de 2010, Resolu\u00e7\u00e3o n\u00ba 06 de 29 de mar\u00e7o de 2011, Resolu\u00e7\u00e3o 20, de 18 de junho de 2013 e Portaria n\u00ba 58 de 21 de novembro de 2014 da Secretaria de Educa\u00e7\u00e3o Profissional e Tecnol\u00f3gica do Minist\u00e9rio da Educa\u00e7\u00e3o \u2013 SETEC\/MEC, altera\u00e7\u00f5es posteriores, sob os fundamentos de que trata a Lei n\u00ba 12.155\/2009 e Decreto n\u00ba 7.416\/2010.<\/p>\n","protected":false},"excerpt":{"rendered":"<p>Processo Seletivo A Pr\u00f3-Reitoria de Extens\u00e3o (PROEX) do Instituto Federal de Educa\u00e7\u00e3o, Ci\u00eancia e Tecnologia Baiano (IF Baiano), em exerc\u00edcio, no uso das suas atribui\u00e7\u00f5es, torna p\u00fablico o presente Edital contendo normas e procedimentos para submiss\u00e3o, fomento, monitoramento dos projetos &hellip; <a href=\"https:\/\/concurso.ifbaiano.edu.br\/portal\/pibiex-2017\/pagina-inicial\/homologacao\/\">Continue lendo <span class=\"meta-nav\">&rarr;<\/span><\/a><\/p>\n","protected":false},"author":30,"featured_media":0,"parent":5,"menu_order":1,"comment_status":"closed","ping_status":"closed","template":"","meta":[],"_links":{"self":[{"href":"https:\/\/concurso.ifbaiano.edu.br\/portal\/pibiex-2017\/wp-json\/wp\/v2\/pages\/7"}],"collection":[{"href":"https:\/\/concurso.ifbaiano.edu.br\/portal\/pibiex-2017\/wp-json\/wp\/v2\/pages"}],"about":[{"href":"https:\/\/concurso.ifbaiano.edu.br\/portal\/pibiex-2017\/wp-json\/wp\/v2\/types\/page"}],"author":[{"embeddable":true,"href":"https:\/\/concurso.ifbaiano.edu.br\/portal\/pibiex-2017\/wp-json\/wp\/v2\/users\/30"}],"replies":[{"embeddable":true,"href":"https:\/\/concurso.ifbaiano.edu.br\/portal\/pibiex-2017\/wp-json\/wp\/v2\/comments?post=7"}],"version-history":[{"count":2,"href":"https:\/\/concurso.ifbaiano.edu.br\/portal\/pibiex-2017\/wp-json\/wp\/v2\/pages\/7\/revisions"}],"predecessor-version":[{"id":15,"href":"https:\/\/concurso.ifbaiano.edu.br\/portal\/pibiex-2017\/wp-json\/wp\/v2\/pages\/7\/revisions\/15"}],"up":[{"embeddable":true,"href":"https:\/\/concurso.ifbaiano.edu.br\/portal\/pibiex-2017\/wp-json\/wp\/v2\/pages\/5"}],"wp:attachment":[{"href":"https:\/\/concurso.ifbaiano.edu.br\/portal\/pibiex-2017\/wp-json\/wp\/v2\/media?parent=7"}],"curies":[{"name":"wp","href":"https:\/\/api.w.org\/{rel}","templated":true}]}}