{"id":6,"date":"2017-03-07T16:19:20","date_gmt":"2017-03-07T19:19:20","guid":{"rendered":"http:\/\/concurso.ifbaiano.edu.br\/portal\/paise-2017\/?page_id=6"},"modified":"2017-03-07T16:57:57","modified_gmt":"2017-03-07T19:57:57","slug":"homologacao","status":"publish","type":"page","link":"https:\/\/concurso.ifbaiano.edu.br\/portal\/paise-2017\/pagina-inicial\/homologacao\/","title":{"rendered":"Homologa\u00e7\u00e3o"},"content":{"rendered":"<h3>Processo Seletivo<\/h3>\n<p>O Reitor do Instituto Federal de Educa\u00e7\u00e3o, Ci\u00eancia e Tecnologia Baiano &#8211; IF Baiano, no uso de suas atribui\u00e7\u00f5es legais na forma do que disp\u00f5e a Lei n\u00ba. 11.892\/2008, considerando ainda a Lei n\u00ba 12.155\/2009, o Decreto n\u00ba 7.234\/2010, o Decreto n\u00ba 7.416\/2010 e a Resolu\u00e7\u00e3o n\u00ba 64, de 30 de novembro de 2016, que institui a Pol\u00edtica de Assist\u00eancia Estudantil no \u00e2mbito do IF Baiano, toma p\u00fablico o presente Edital que estabelece as normas e crit\u00e9rios para sele\u00e7\u00e3o de estudantes em vulnerabilidade socioecon\u00f4mica, de cursos presenciais e a dist\u00e2ncia, com a finalidade de participa\u00e7\u00e3o na Pol\u00edtica de Assist\u00eancia Estudantil deste Instituto, por meio do PAISE.<\/p>\n","protected":false},"excerpt":{"rendered":"<p>Processo Seletivo O Reitor do Instituto Federal de Educa\u00e7\u00e3o, Ci\u00eancia e Tecnologia Baiano &#8211; IF Baiano, no uso de suas atribui\u00e7\u00f5es legais na forma do que disp\u00f5e a Lei n\u00ba. 11.892\/2008, considerando ainda a Lei n\u00ba 12.155\/2009, o Decreto n\u00ba &hellip; <a href=\"https:\/\/concurso.ifbaiano.edu.br\/portal\/paise-2017\/pagina-inicial\/homologacao\/\">Continue lendo <span class=\"meta-nav\">&rarr;<\/span><\/a><\/p>\n","protected":false},"author":30,"featured_media":0,"parent":4,"menu_order":1,"comment_status":"closed","ping_status":"closed","template":"","meta":[],"_links":{"self":[{"href":"https:\/\/concurso.ifbaiano.edu.br\/portal\/paise-2017\/wp-json\/wp\/v2\/pages\/6"}],"collection":[{"href":"https:\/\/concurso.ifbaiano.edu.br\/portal\/paise-2017\/wp-json\/wp\/v2\/pages"}],"about":[{"href":"https:\/\/concurso.ifbaiano.edu.br\/portal\/paise-2017\/wp-json\/wp\/v2\/types\/page"}],"author":[{"embeddable":true,"href":"https:\/\/concurso.ifbaiano.edu.br\/portal\/paise-2017\/wp-json\/wp\/v2\/users\/30"}],"replies":[{"embeddable":true,"href":"https:\/\/concurso.ifbaiano.edu.br\/portal\/paise-2017\/wp-json\/wp\/v2\/comments?post=6"}],"version-history":[{"count":3,"href":"https:\/\/concurso.ifbaiano.edu.br\/portal\/paise-2017\/wp-json\/wp\/v2\/pages\/6\/revisions"}],"predecessor-version":[{"id":19,"href":"https:\/\/concurso.ifbaiano.edu.br\/portal\/paise-2017\/wp-json\/wp\/v2\/pages\/6\/revisions\/19"}],"up":[{"embeddable":true,"href":"https:\/\/concurso.ifbaiano.edu.br\/portal\/paise-2017\/wp-json\/wp\/v2\/pages\/4"}],"wp:attachment":[{"href":"https:\/\/concurso.ifbaiano.edu.br\/portal\/paise-2017\/wp-json\/wp\/v2\/media?parent=6"}],"curies":[{"name":"wp","href":"https:\/\/api.w.org\/{rel}","templated":true}]}}