{"id":9,"date":"2016-12-07T09:57:35","date_gmt":"2016-12-07T11:57:35","guid":{"rendered":"http:\/\/concurso.ifbaiano.edu.br\/portal\/mestrado-producao-vegetal-semiarido-2017\/?page_id=9"},"modified":"2017-03-22T10:30:19","modified_gmt":"2017-03-22T13:30:19","slug":"editais","status":"publish","type":"page","link":"https:\/\/concurso.ifbaiano.edu.br\/portal\/mestrado-producao-vegetal-semiarido-2017\/pagina-inicial\/editais\/","title":{"rendered":"Documentos"},"content":{"rendered":"<h3>Resultado Final<\/h3>\n<ul>\n<li>22\/03\/2017 &#8211;\u00a0<a href=\"http:\/\/concurso.ifbaiano.edu.br\/portal\/mestrado-producao-vegetal-semiarido-2017\/wp-content\/uploads\/sites\/55\/2016\/12\/MPPVS-Sele\u00e7\u00e3o-2017-Resultado-Final.pdf\" target=\"_blank\">Resultado Final da Sele\u00e7\u00e3o 2017.1<\/a><\/li>\n<\/ul>\n<h3>Etapa III &#8211; Entrevista<\/h3>\n<ul>\n<li>14\/03\/2017 &#8211; <a href=\"http:\/\/concurso.ifbaiano.edu.br\/portal\/mestrado-producao-vegetal-semiarido-2017\/wp-content\/uploads\/sites\/55\/2016\/12\/Entrevista-dia-e-hora-Rela\u00e7\u00e3o.pdf\">Data e hor\u00e1rio das entrevistas<\/a><\/li>\n<\/ul>\n<h3>Resultado da Etapa II<\/h3>\n<ul>\n<li>13\/03\/2017 &#8211; <a href=\"http:\/\/concurso.ifbaiano.edu.br\/portal\/mestrado-producao-vegetal-semiarido-2017\/wp-content\/uploads\/sites\/55\/2016\/12\/NOTA-SOBRE-A-ETAPA-II.pdf\" target=\"_blank\">Nota sobre resultado da Etapa II<\/a><\/li>\n<li>13\/03\/2017 &#8211; <a href=\"http:\/\/concurso.ifbaiano.edu.br\/portal\/mestrado-producao-vegetal-semiarido-2017\/wp-content\/uploads\/sites\/55\/2016\/12\/Resultado-ETAPA-I-e-II-2017-DIVULGA\u00c7\u00c3O.pdf\" target=\"_blank\">Resultado da Etapa I e II<\/a><\/li>\n<\/ul>\n<h3>Gabarito<\/h3>\n<ul>\n<li>09\/03\/2017 &#8211; <a href=\"http:\/\/concurso.ifbaiano.edu.br\/portal\/mestrado-producao-vegetal-semiarido-2017\/wp-content\/uploads\/sites\/55\/2016\/12\/Gabarito-prova-2017.pdf\" target=\"_blank\">Gabarito da Prova Escrita\u00a0<\/a><\/li>\n<\/ul>\n<h3>Locais de Prova<\/h3>\n<ul>\n<li>28\/02\/2017 &#8211; <a href=\"http:\/\/concurso.ifbaiano.edu.br\/portal\/mestrado-producao-vegetal-semiarido-2017\/wp-content\/uploads\/sites\/55\/2016\/12\/Local-de-Realiza\u00e7\u00e3o-da-Prova.pdf\" target=\"_blank\">Rela\u00e7\u00e3o de Candidatos e Locais de Provas<\/a><\/li>\n<li><\/li>\n<\/ul>\n<h3>Homologa\u00e7\u00e3o Parcial<\/h3>\n<ul>\n<li><a href=\"http:\/\/concurso.ifbaiano.edu.br\/portal\/mestrado-producao-vegetal-semiarido-2017\/wp-content\/uploads\/sites\/55\/2016\/12\/Homologa\u00e7\u00e3o-de-inscri\u00e7\u00f5es-MPPVS-2017.pdf\" target=\"_blank\">Homologa\u00e7\u00e3o de inscri\u00e7\u00f5es MPPVS 2017<\/a><\/li>\n<\/ul>\n<h3>Editais<\/h3>\n<ul>\n<li><a href=\"http:\/\/concurso.ifbaiano.edu.br\/portal\/mestrado-producao-vegetal-semiarido-2017\/wp-content\/uploads\/sites\/55\/2016\/12\/Edital-n\u00ba-100_2016-Mestrado-Guanambi.pdf\">Edital n\u00ba 100\/2016<\/a><\/li>\n<li style=\"padding-left: 30px\"><a href=\"http:\/\/concurso.ifbaiano.edu.br\/portal\/mestrado-producao-vegetal-semiarido-2017\/wp-content\/uploads\/sites\/55\/2016\/12\/anexo-1.doc\" target=\"_blank\">Anexo 1<\/a><\/li>\n<li style=\"padding-left: 30px\"><a href=\"http:\/\/concurso.ifbaiano.edu.br\/portal\/mestrado-producao-vegetal-semiarido-2017\/wp-content\/uploads\/sites\/55\/2016\/12\/anexo-2.doc\" target=\"_blank\">Anexo 2<\/a><\/li>\n<li style=\"padding-left: 30px\"><a href=\"http:\/\/concurso.ifbaiano.edu.br\/portal\/mestrado-producao-vegetal-semiarido-2017\/wp-content\/uploads\/sites\/55\/2016\/12\/anexo-3.doc\" target=\"_blank\">Anexo 3<\/a><\/li>\n<li style=\"padding-left: 30px\"><a href=\"http:\/\/concurso.ifbaiano.edu.br\/portal\/mestrado-producao-vegetal-semiarido-2017\/wp-content\/uploads\/sites\/55\/2016\/12\/anexo-4.doc\" target=\"_blank\">Anexo 4<\/a><\/li>\n<li style=\"padding-left: 30px\"><a href=\"http:\/\/concurso.ifbaiano.edu.br\/portal\/mestrado-producao-vegetal-semiarido-2017\/wp-content\/uploads\/sites\/55\/2016\/12\/anexo-5.doc\" target=\"_blank\">Anexo 5<\/a><\/li>\n<\/ul>\n","protected":false},"excerpt":{"rendered":"<p>Resultado Final 22\/03\/2017 &#8211;\u00a0Resultado Final da Sele\u00e7\u00e3o 2017.1 Etapa III &#8211; Entrevista 14\/03\/2017 &#8211; Data e hor\u00e1rio das entrevistas Resultado da Etapa II 13\/03\/2017 &#8211; Nota sobre resultado da Etapa II 13\/03\/2017 &#8211; Resultado da Etapa I e II Gabarito &hellip; <a href=\"https:\/\/concurso.ifbaiano.edu.br\/portal\/mestrado-producao-vegetal-semiarido-2017\/pagina-inicial\/editais\/\">Continue lendo <span class=\"meta-nav\">&rarr;<\/span><\/a><\/p>\n","protected":false},"author":30,"featured_media":0,"parent":5,"menu_order":2,"comment_status":"closed","ping_status":"closed","template":"","meta":[],"_links":{"self":[{"href":"https:\/\/concurso.ifbaiano.edu.br\/portal\/mestrado-producao-vegetal-semiarido-2017\/wp-json\/wp\/v2\/pages\/9"}],"collection":[{"href":"https:\/\/concurso.ifbaiano.edu.br\/portal\/mestrado-producao-vegetal-semiarido-2017\/wp-json\/wp\/v2\/pages"}],"about":[{"href":"https:\/\/concurso.ifbaiano.edu.br\/portal\/mestrado-producao-vegetal-semiarido-2017\/wp-json\/wp\/v2\/types\/page"}],"author":[{"embeddable":true,"href":"https:\/\/concurso.ifbaiano.edu.br\/portal\/mestrado-producao-vegetal-semiarido-2017\/wp-json\/wp\/v2\/users\/30"}],"replies":[{"embeddable":true,"href":"https:\/\/concurso.ifbaiano.edu.br\/portal\/mestrado-producao-vegetal-semiarido-2017\/wp-json\/wp\/v2\/comments?post=9"}],"version-history":[{"count":16,"href":"https:\/\/concurso.ifbaiano.edu.br\/portal\/mestrado-producao-vegetal-semiarido-2017\/wp-json\/wp\/v2\/pages\/9\/revisions"}],"predecessor-version":[{"id":69,"href":"https:\/\/concurso.ifbaiano.edu.br\/portal\/mestrado-producao-vegetal-semiarido-2017\/wp-json\/wp\/v2\/pages\/9\/revisions\/69"}],"up":[{"embeddable":true,"href":"https:\/\/concurso.ifbaiano.edu.br\/portal\/mestrado-producao-vegetal-semiarido-2017\/wp-json\/wp\/v2\/pages\/5"}],"wp:attachment":[{"href":"https:\/\/concurso.ifbaiano.edu.br\/portal\/mestrado-producao-vegetal-semiarido-2017\/wp-json\/wp\/v2\/media?parent=9"}],"curies":[{"name":"wp","href":"https:\/\/api.w.org\/{rel}","templated":true}]}}