{"id":7,"date":"2016-12-07T09:56:36","date_gmt":"2016-12-07T11:56:36","guid":{"rendered":"http:\/\/concurso.ifbaiano.edu.br\/portal\/mestrado-producao-vegetal-semiarido-2017\/?page_id=7"},"modified":"2017-01-27T04:06:22","modified_gmt":"2017-01-27T06:06:22","slug":"homologacao","status":"publish","type":"page","link":"https:\/\/concurso.ifbaiano.edu.br\/portal\/mestrado-producao-vegetal-semiarido-2017\/pagina-inicial\/homologacao\/","title":{"rendered":"Homologa\u00e7\u00e3o"},"content":{"rendered":"<h3>Processo Seletivo<\/h3>\n<p>O REITOR DO INSTITUTO FEDERAL DE EDUCA\u00c7\u00c3O, CI\u00caNCIA E TECNOLOGIA BAIANO (IF Baiano), no uso de suas atribui\u00e7\u00f5es, torna p\u00fablico o presente Edital, contendo as norrnas do Processo Seletivo para ingresso no primeiro semestre de 20ll no Mestrado Profissional Stricto sensu em Produ\u00e7\u00e3o Vegetal no Semi\u00e1rido (MPPVS), ofertado pelo IF Baiano.<\/p>\n","protected":false},"excerpt":{"rendered":"<p>Processo Seletivo O REITOR DO INSTITUTO FEDERAL DE EDUCA\u00c7\u00c3O, CI\u00caNCIA E TECNOLOGIA BAIANO (IF Baiano), no uso de suas atribui\u00e7\u00f5es, torna p\u00fablico o presente Edital, contendo as norrnas do Processo Seletivo para ingresso no primeiro semestre de 20ll no Mestrado &hellip; <a href=\"https:\/\/concurso.ifbaiano.edu.br\/portal\/mestrado-producao-vegetal-semiarido-2017\/pagina-inicial\/homologacao\/\">Continue lendo <span class=\"meta-nav\">&rarr;<\/span><\/a><\/p>\n","protected":false},"author":30,"featured_media":0,"parent":5,"menu_order":1,"comment_status":"closed","ping_status":"closed","template":"","meta":[],"_links":{"self":[{"href":"https:\/\/concurso.ifbaiano.edu.br\/portal\/mestrado-producao-vegetal-semiarido-2017\/wp-json\/wp\/v2\/pages\/7"}],"collection":[{"href":"https:\/\/concurso.ifbaiano.edu.br\/portal\/mestrado-producao-vegetal-semiarido-2017\/wp-json\/wp\/v2\/pages"}],"about":[{"href":"https:\/\/concurso.ifbaiano.edu.br\/portal\/mestrado-producao-vegetal-semiarido-2017\/wp-json\/wp\/v2\/types\/page"}],"author":[{"embeddable":true,"href":"https:\/\/concurso.ifbaiano.edu.br\/portal\/mestrado-producao-vegetal-semiarido-2017\/wp-json\/wp\/v2\/users\/30"}],"replies":[{"embeddable":true,"href":"https:\/\/concurso.ifbaiano.edu.br\/portal\/mestrado-producao-vegetal-semiarido-2017\/wp-json\/wp\/v2\/comments?post=7"}],"version-history":[{"count":2,"href":"https:\/\/concurso.ifbaiano.edu.br\/portal\/mestrado-producao-vegetal-semiarido-2017\/wp-json\/wp\/v2\/pages\/7\/revisions"}],"predecessor-version":[{"id":30,"href":"https:\/\/concurso.ifbaiano.edu.br\/portal\/mestrado-producao-vegetal-semiarido-2017\/wp-json\/wp\/v2\/pages\/7\/revisions\/30"}],"up":[{"embeddable":true,"href":"https:\/\/concurso.ifbaiano.edu.br\/portal\/mestrado-producao-vegetal-semiarido-2017\/wp-json\/wp\/v2\/pages\/5"}],"wp:attachment":[{"href":"https:\/\/concurso.ifbaiano.edu.br\/portal\/mestrado-producao-vegetal-semiarido-2017\/wp-json\/wp\/v2\/media?parent=7"}],"curies":[{"name":"wp","href":"https:\/\/api.w.org\/{rel}","templated":true}]}}