{"id":25,"date":"2016-12-09T16:13:49","date_gmt":"2016-12-09T18:13:49","guid":{"rendered":"http:\/\/concurso.ifbaiano.edu.br\/portal\/mestrado-producao-vegetal-semiarido-2017\/?page_id=25"},"modified":"2017-02-20T17:58:53","modified_gmt":"2017-02-20T20:58:53","slug":"inscricoes","status":"publish","type":"page","link":"https:\/\/concurso.ifbaiano.edu.br\/portal\/mestrado-producao-vegetal-semiarido-2017\/pagina-inicial\/inscricoes\/","title":{"rendered":"Inscri\u00e7\u00f5es"},"content":{"rendered":"<h3>Inscri\u00e7\u00f5es<\/h3>\n<p>Inscri\u00e7\u00f5es Encerradas<\/p>\n","protected":false},"excerpt":{"rendered":"<p>Inscri\u00e7\u00f5es Inscri\u00e7\u00f5es Encerradas<\/p>\n","protected":false},"author":49,"featured_media":0,"parent":5,"menu_order":3,"comment_status":"closed","ping_status":"closed","template":"","meta":[],"_links":{"self":[{"href":"https:\/\/concurso.ifbaiano.edu.br\/portal\/mestrado-producao-vegetal-semiarido-2017\/wp-json\/wp\/v2\/pages\/25"}],"collection":[{"href":"https:\/\/concurso.ifbaiano.edu.br\/portal\/mestrado-producao-vegetal-semiarido-2017\/wp-json\/wp\/v2\/pages"}],"about":[{"href":"https:\/\/concurso.ifbaiano.edu.br\/portal\/mestrado-producao-vegetal-semiarido-2017\/wp-json\/wp\/v2\/types\/page"}],"author":[{"embeddable":true,"href":"https:\/\/concurso.ifbaiano.edu.br\/portal\/mestrado-producao-vegetal-semiarido-2017\/wp-json\/wp\/v2\/users\/49"}],"replies":[{"embeddable":true,"href":"https:\/\/concurso.ifbaiano.edu.br\/portal\/mestrado-producao-vegetal-semiarido-2017\/wp-json\/wp\/v2\/comments?post=25"}],"version-history":[{"count":8,"href":"https:\/\/concurso.ifbaiano.edu.br\/portal\/mestrado-producao-vegetal-semiarido-2017\/wp-json\/wp\/v2\/pages\/25\/revisions"}],"predecessor-version":[{"id":52,"href":"https:\/\/concurso.ifbaiano.edu.br\/portal\/mestrado-producao-vegetal-semiarido-2017\/wp-json\/wp\/v2\/pages\/25\/revisions\/52"}],"up":[{"embeddable":true,"href":"https:\/\/concurso.ifbaiano.edu.br\/portal\/mestrado-producao-vegetal-semiarido-2017\/wp-json\/wp\/v2\/pages\/5"}],"wp:attachment":[{"href":"https:\/\/concurso.ifbaiano.edu.br\/portal\/mestrado-producao-vegetal-semiarido-2017\/wp-json\/wp\/v2\/media?parent=25"}],"curies":[{"name":"wp","href":"https:\/\/api.w.org\/{rel}","templated":true}]}}