{"id":7,"date":"2016-11-24T16:26:00","date_gmt":"2016-11-24T18:26:00","guid":{"rendered":"http:\/\/concurso.ifbaiano.edu.br\/portal\/fic20162\/?page_id=7"},"modified":"2016-12-14T12:45:07","modified_gmt":"2016-12-14T14:45:07","slug":"homologacao","status":"publish","type":"page","link":"https:\/\/concurso.ifbaiano.edu.br\/portal\/fic20162\/pagina-inicial\/homologacao\/","title":{"rendered":"Homologa\u00e7\u00e3o"},"content":{"rendered":"<h2>Processo Seletivo<\/h2>\n<p>O Reitor do Instituto Federal de Educa\u00e7\u00e3o, Ci\u00eancia e Tecnologia Baiano &#8211; IF Baiano, no uso da compet\u00eancia delegada pelo Decreto de 13 de mar\u00e7o de 2014, publicado no Di\u00e1rio Oficial da Uni\u00e3o em 14 de mar\u00e7o de 2014, Se\u00e7\u00e3o 2, P\u00e1gina 1, no uso de suas atribui\u00e7\u00f5es legais, toma p\u00fablica a abertura de inscri\u00e7\u00f5es no per\u00edodo de 22 a 30 de NOVEMBRO de 2016, para provimento de vagas, por An\u00e1lise Socioecon\u00f4mica, nos cursos de Qualifica\u00e7\u00e3o Profissional, na modalidade de Forma\u00e7\u00e3o Inicial e Continuada &#8211; FIC, para os campi de Alagoinhas, Itaberaba e Xique-Xique.<\/p>\n<p><span style=\"color: #e1040f\">As inscri\u00e7\u00f5es foram prorrogadas! <strong>Inscreva-se at\u00e9 11 de dezembro de 2016<\/strong>.<\/span><\/p>\n<p>Clique <a href=\"http:\/\/opina.ifbaiano.edu.br\/index.php\/589595?lang=pt-BR\" target=\"_blank\"><span style=\"text-decoration: underline\">AQUI<\/span><\/a> para acessar o formul\u00e1rio de inscri\u00e7\u00e3o.<\/p>\n","protected":false},"excerpt":{"rendered":"<p>Processo Seletivo O Reitor do Instituto Federal de Educa\u00e7\u00e3o, Ci\u00eancia e Tecnologia Baiano &#8211; IF Baiano, no uso da compet\u00eancia delegada pelo Decreto de 13 de mar\u00e7o de 2014, publicado no Di\u00e1rio Oficial da Uni\u00e3o em 14 de mar\u00e7o de &hellip; <a href=\"https:\/\/concurso.ifbaiano.edu.br\/portal\/fic20162\/pagina-inicial\/homologacao\/\">Continue lendo <span class=\"meta-nav\">&rarr;<\/span><\/a><\/p>\n","protected":false},"author":30,"featured_media":0,"parent":5,"menu_order":1,"comment_status":"closed","ping_status":"closed","template":"","meta":[],"_links":{"self":[{"href":"https:\/\/concurso.ifbaiano.edu.br\/portal\/fic20162\/wp-json\/wp\/v2\/pages\/7"}],"collection":[{"href":"https:\/\/concurso.ifbaiano.edu.br\/portal\/fic20162\/wp-json\/wp\/v2\/pages"}],"about":[{"href":"https:\/\/concurso.ifbaiano.edu.br\/portal\/fic20162\/wp-json\/wp\/v2\/types\/page"}],"author":[{"embeddable":true,"href":"https:\/\/concurso.ifbaiano.edu.br\/portal\/fic20162\/wp-json\/wp\/v2\/users\/30"}],"replies":[{"embeddable":true,"href":"https:\/\/concurso.ifbaiano.edu.br\/portal\/fic20162\/wp-json\/wp\/v2\/comments?post=7"}],"version-history":[{"count":8,"href":"https:\/\/concurso.ifbaiano.edu.br\/portal\/fic20162\/wp-json\/wp\/v2\/pages\/7\/revisions"}],"predecessor-version":[{"id":50,"href":"https:\/\/concurso.ifbaiano.edu.br\/portal\/fic20162\/wp-json\/wp\/v2\/pages\/7\/revisions\/50"}],"up":[{"embeddable":true,"href":"https:\/\/concurso.ifbaiano.edu.br\/portal\/fic20162\/wp-json\/wp\/v2\/pages\/5"}],"wp:attachment":[{"href":"https:\/\/concurso.ifbaiano.edu.br\/portal\/fic20162\/wp-json\/wp\/v2\/media?parent=7"}],"curies":[{"name":"wp","href":"https:\/\/api.w.org\/{rel}","templated":true}]}}