{"id":5,"date":"2016-11-24T16:23:02","date_gmt":"2016-11-24T18:23:02","guid":{"rendered":"http:\/\/concurso.ifbaiano.edu.br\/portal\/fic20162\/?page_id=5"},"modified":"2016-11-24T16:23:02","modified_gmt":"2016-11-24T18:23:02","slug":"pagina-inicial","status":"publish","type":"page","link":"https:\/\/concurso.ifbaiano.edu.br\/portal\/fic20162\/","title":{"rendered":"Pagina inicial"},"content":{"rendered":"<div class=\"child_pages child_pages-thumbnail\">\n<div id=\"child_page-7\" class=\"child_page\" style=\"width:50%;max-width:100%;\"><div class=\"child_page-container\"><div class=\"post_thumb\"><a href=\"https:\/\/concurso.ifbaiano.edu.br\/portal\/fic20162\/pagina-inicial\/homologacao\/\"><\/a><\/div><div class=\"post_content\"><h4><a href=\"https:\/\/concurso.ifbaiano.edu.br\/portal\/fic20162\/pagina-inicial\/homologacao\/\">Homologa\u00e7\u00e3o<\/a><\/h4><div class=\"post_excerpt\">Processo Seletivo O Reitor do Instituto Federal de Educa\u00e7\u00e3o, Ci\u00eancia e Tecnologia Baiano &#8211; IF Baiano, no uso da compet\u00eancia delegada pelo Decreto de 13 de mar\u00e7o de 2014, publicado no Di\u00e1rio Oficial da Uni\u00e3o em 14 de mar\u00e7o de &hellip; <a href=\"https:\/\/concurso.ifbaiano.edu.br\/portal\/fic20162\/pagina-inicial\/homologacao\/\">Continue lendo <span class=\"meta-nav\">&rarr;<\/span><\/a><\/div><\/div><!-- .post_content  --><\/div><!-- .child_page-container --><\/div><!-- #child_page-7\" -->\n\n<div id=\"child_page-9\" class=\"child_page\" style=\"width:50%;max-width:100%;\"><div class=\"child_page-container\"><div class=\"post_thumb\"><a href=\"https:\/\/concurso.ifbaiano.edu.br\/portal\/fic20162\/pagina-inicial\/editais\/\"><\/a><\/div><div class=\"post_content\"><h4><a href=\"https:\/\/concurso.ifbaiano.edu.br\/portal\/fic20162\/pagina-inicial\/editais\/\">Editais<\/a><\/h4><div class=\"post_excerpt\">Editais 29\/11\/2016 &#8211;\u00a0RETIFICA\u00c7\u00c3O &#8211; Edital n\u00ba 99 de 22 de novembro de 2016 &#8211; Processo Seletivo FIC 22\/11\/2016 &#8211;\u00a0Edital n\u00ba 99 de 22 de novembro de 2016 &#8211; Processo Seletivo FIC Inscri\u00e7\u00f5es Homologadas Campus Alagoinhas 13\/12\/2016 &#8211;\u00a0Cursos-Fic-2017-Campus Alagoinhas Campus Itaberaba &hellip; <a href=\"https:\/\/concurso.ifbaiano.edu.br\/portal\/fic20162\/pagina-inicial\/editais\/\">Continue lendo <span class=\"meta-nav\">&rarr;<\/span><\/a><\/div><\/div><!-- .post_content  --><\/div><!-- .child_page-container --><\/div><!-- #child_page-9\" -->\n<\/div>\n","protected":false},"excerpt":{"rendered":"","protected":false},"author":30,"featured_media":0,"parent":0,"menu_order":0,"comment_status":"closed","ping_status":"closed","template":"","meta":[],"_links":{"self":[{"href":"https:\/\/concurso.ifbaiano.edu.br\/portal\/fic20162\/wp-json\/wp\/v2\/pages\/5"}],"collection":[{"href":"https:\/\/concurso.ifbaiano.edu.br\/portal\/fic20162\/wp-json\/wp\/v2\/pages"}],"about":[{"href":"https:\/\/concurso.ifbaiano.edu.br\/portal\/fic20162\/wp-json\/wp\/v2\/types\/page"}],"author":[{"embeddable":true,"href":"https:\/\/concurso.ifbaiano.edu.br\/portal\/fic20162\/wp-json\/wp\/v2\/users\/30"}],"replies":[{"embeddable":true,"href":"https:\/\/concurso.ifbaiano.edu.br\/portal\/fic20162\/wp-json\/wp\/v2\/comments?post=5"}],"version-history":[{"count":1,"href":"https:\/\/concurso.ifbaiano.edu.br\/portal\/fic20162\/wp-json\/wp\/v2\/pages\/5\/revisions"}],"predecessor-version":[{"id":6,"href":"https:\/\/concurso.ifbaiano.edu.br\/portal\/fic20162\/wp-json\/wp\/v2\/pages\/5\/revisions\/6"}],"wp:attachment":[{"href":"https:\/\/concurso.ifbaiano.edu.br\/portal\/fic20162\/wp-json\/wp\/v2\/media?parent=5"}],"curies":[{"name":"wp","href":"https:\/\/api.w.org\/{rel}","templated":true}]}}