{"id":31,"date":"2011-04-18T14:48:50","date_gmt":"2011-04-18T14:48:50","guid":{"rendered":"http:\/\/www.ifbaiano.edu.br\/concursos\/portal\/discente20112\/?page_id=16"},"modified":"2016-05-23T14:10:44","modified_gmt":"2016-05-23T14:10:44","slug":"inscricao","status":"publish","type":"page","link":"https:\/\/concurso.ifbaiano.edu.br\/portal\/fic2016\/inscricao\/","title":{"rendered":"Inscri\u00e7\u00f5es"},"content":{"rendered":"<p><a title=\"Formul\u00e1rio de Inscri\u00e7\u00e3o\" href=\"http:\/\/opina.ifbaiano.edu.br\/index.php\/524798\/lang-pt-BR\">Clique AQUI para acessar o formul\u00e1rio de inscri\u00e7\u00e3o.<\/a><\/p>\n","protected":false},"excerpt":{"rendered":"<p>Clique AQUI para acessar o formul\u00e1rio de inscri\u00e7\u00e3o.<\/p>\n","protected":false},"author":5,"featured_media":0,"parent":0,"menu_order":1,"comment_status":"closed","ping_status":"closed","template":"","meta":[],"_links":{"self":[{"href":"https:\/\/concurso.ifbaiano.edu.br\/portal\/fic2016\/wp-json\/wp\/v2\/pages\/31"}],"collection":[{"href":"https:\/\/concurso.ifbaiano.edu.br\/portal\/fic2016\/wp-json\/wp\/v2\/pages"}],"about":[{"href":"https:\/\/concurso.ifbaiano.edu.br\/portal\/fic2016\/wp-json\/wp\/v2\/types\/page"}],"author":[{"embeddable":true,"href":"https:\/\/concurso.ifbaiano.edu.br\/portal\/fic2016\/wp-json\/wp\/v2\/users\/5"}],"replies":[{"embeddable":true,"href":"https:\/\/concurso.ifbaiano.edu.br\/portal\/fic2016\/wp-json\/wp\/v2\/comments?post=31"}],"version-history":[{"count":1,"href":"https:\/\/concurso.ifbaiano.edu.br\/portal\/fic2016\/wp-json\/wp\/v2\/pages\/31\/revisions"}],"predecessor-version":[{"id":507,"href":"https:\/\/concurso.ifbaiano.edu.br\/portal\/fic2016\/wp-json\/wp\/v2\/pages\/31\/revisions\/507"}],"wp:attachment":[{"href":"https:\/\/concurso.ifbaiano.edu.br\/portal\/fic2016\/wp-json\/wp\/v2\/media?parent=31"}],"curies":[{"name":"wp","href":"https:\/\/api.w.org\/{rel}","templated":true}]}}