{"id":29,"date":"2011-04-18T14:47:49","date_gmt":"2011-04-18T17:47:49","guid":{"rendered":"http:\/\/www.ifbaiano.edu.br\/concursos\/portal\/discente20112\/?page_id=12"},"modified":"2016-09-08T13:00:00","modified_gmt":"2016-09-08T13:00:00","slug":"coluna1","status":"publish","type":"page","link":"https:\/\/concurso.ifbaiano.edu.br\/portal\/fic2016\/pagina-inicial-2\/coluna1\/","title":{"rendered":"O Processo Seletivo"},"content":{"rendered":"<p class=\"inicial-titulo\">\u00a0<strong>O Processo Seletivo<\/strong><\/p>\n<p style=\"text-align: justify;\">O Reitor do Instituto Federal de Educa\u00e7\u00e3o, Ci\u00eancia e Tecnologia Baiano &#8211; IF Baiano, no uso da compet\u00eancia delegada pelo Decreto de 13 de mar\u00e7o de 2014, publicado no Di\u00e1rio Oficial da Uni\u00e3o em 14 de mar\u00e7o de 2014, Se\u00e7\u00e3o 2, P\u00e1gina 1, no uso de suas atribui\u00e7\u00f5es legais, torna p\u00fablica a abertura de inscri\u00e7\u00f5es no per\u00edodo de<span style=\"color: #000000;\">\u00a023 de maio a 30 de maio<\/span>\u00a0de 2016, para provimento de vagas, por An\u00e1lise Socioecon\u00f4mica, nos cursos de Qualifica\u00e7\u00e3o Profissional, na modalidade de Forma\u00e7\u00e3o Inicial e Continuada \u2013 FIC, para os\u00a0<i>campi<\/i>\u00a0Alagoinhas, Itaberaba e Xique-Xique.<\/p>\n<p class=\"inicial-titulo\">\u00a0<strong>Cursos e vagas ofertadas<\/strong><\/p>\n<table border=\"0\" cellspacing=\"0\" cellpadding=\"0\">\n<tbody>\n<tr>\n<td width=\"45\">\n<p align=\"center\"><b>CAMPUS<\/b><\/p>\n<\/td>\n<td width=\"48\">\n<p align=\"center\"><b>CURSO<\/b><\/p>\n<\/td>\n<td width=\"36\">\n<p align=\"center\"><b>TOTAL<\/b><\/p>\n<\/td>\n<\/tr>\n<tr>\n<td width=\"45\">Alagoinhas<\/td>\n<td width=\"48\">Preparador de Doces e Conservas<\/td>\n<td width=\"36\">\n<p align=\"center\">40<\/p>\n<\/td>\n<\/tr>\n<tr>\n<td width=\"45\">Itaberaba<\/td>\n<td width=\"48\">Fruticultor<\/td>\n<td width=\"36\">\n<p align=\"center\">40<\/p>\n<\/td>\n<\/tr>\n<tr>\n<td width=\"45\">Xique-Xique<\/td>\n<td width=\"48\">Operador de Sistemas de Irriga\u00e7\u00e3o<\/td>\n<td width=\"36\">\n<p align=\"center\">40<\/p>\n<\/td>\n<\/tr>\n<tr>\n<td colspan=\"2\" width=\"93\">\n<p align=\"center\"><strong>TOTAL<\/strong><\/p>\n<\/td>\n<td width=\"36\">\n<p align=\"center\"><strong>120<\/strong><\/p>\n<\/td>\n<\/tr>\n<\/tbody>\n<\/table>\n<p><span style=\"font-family: Verdana, sans-serif;\">Clique <a href=\"http:\/\/opina.ifbaiano.edu.br\/index.php\/524798\/lang-pt-BR\">AQUI<\/a> para acessar o formul\u00e1rio de inscri\u00e7\u00e3o\u00a0<\/span><\/p>\n","protected":false},"excerpt":{"rendered":"<p>\u00a0O Processo Seletivo O Reitor do Instituto Federal de Educa\u00e7\u00e3o, Ci\u00eancia e Tecnologia Baiano &#8211; IF Baiano, no uso da compet\u00eancia delegada pelo Decreto de 13 de mar\u00e7o de 2014, publicado no Di\u00e1rio Oficial da Uni\u00e3o em 14 de mar\u00e7o &hellip; <a href=\"https:\/\/concurso.ifbaiano.edu.br\/portal\/fic2016\/pagina-inicial-2\/coluna1\/\">Continue lendo <span class=\"meta-nav\">&rarr;<\/span><\/a><\/p>\n","protected":false},"author":5,"featured_media":0,"parent":27,"menu_order":1,"comment_status":"closed","ping_status":"closed","template":"","meta":[],"_links":{"self":[{"href":"https:\/\/concurso.ifbaiano.edu.br\/portal\/fic2016\/wp-json\/wp\/v2\/pages\/29"}],"collection":[{"href":"https:\/\/concurso.ifbaiano.edu.br\/portal\/fic2016\/wp-json\/wp\/v2\/pages"}],"about":[{"href":"https:\/\/concurso.ifbaiano.edu.br\/portal\/fic2016\/wp-json\/wp\/v2\/types\/page"}],"author":[{"embeddable":true,"href":"https:\/\/concurso.ifbaiano.edu.br\/portal\/fic2016\/wp-json\/wp\/v2\/users\/5"}],"replies":[{"embeddable":true,"href":"https:\/\/concurso.ifbaiano.edu.br\/portal\/fic2016\/wp-json\/wp\/v2\/comments?post=29"}],"version-history":[{"count":8,"href":"https:\/\/concurso.ifbaiano.edu.br\/portal\/fic2016\/wp-json\/wp\/v2\/pages\/29\/revisions"}],"predecessor-version":[{"id":567,"href":"https:\/\/concurso.ifbaiano.edu.br\/portal\/fic2016\/wp-json\/wp\/v2\/pages\/29\/revisions\/567"}],"up":[{"embeddable":true,"href":"https:\/\/concurso.ifbaiano.edu.br\/portal\/fic2016\/wp-json\/wp\/v2\/pages\/27"}],"wp:attachment":[{"href":"https:\/\/concurso.ifbaiano.edu.br\/portal\/fic2016\/wp-json\/wp\/v2\/media?parent=29"}],"curies":[{"name":"wp","href":"https:\/\/api.w.org\/{rel}","templated":true}]}}