{"id":28,"date":"2011-04-18T14:47:01","date_gmt":"2011-04-18T17:47:01","guid":{"rendered":"http:\/\/www.ifbaiano.edu.br\/concursos\/portal\/discente20112\/?page_id=9"},"modified":"2016-11-24T18:29:45","modified_gmt":"2016-11-24T18:29:45","slug":"coluna2","status":"publish","type":"page","link":"https:\/\/concurso.ifbaiano.edu.br\/portal\/fic2016\/pagina-inicial-2\/coluna2\/","title":{"rendered":"Coluna2 &#8211; Informa\u00e7\u00f5es"},"content":{"rendered":"<p class=\"inicial-titulo\" style=\"text-align: left;\">Editais e Retifica\u00e7\u00f5es<\/p>\n<p>23\/05\/2016 &#8211;<a href=\"http:\/\/concurso.ifbaiano.edu.br\/portal\/fic2016\/wp-content\/uploads\/sites\/35\/2011\/04\/Edital-Processo-Seletivo-FIC-v.1.pdf\">Edital Processo Seletivo FIC<\/a><\/p>\n<p>25\/05\/2016 &#8211;<a href=\"http:\/\/concurso.ifbaiano.edu.br\/portal\/fic2016\/wp-content\/uploads\/sites\/35\/2011\/04\/Edital-de-Retifica\u00e7\u00e3o-n.42-de-25-de-maio-de-2016.pdf\">Edital de Retifica\u00e7\u00e3o n.42 de 25 de maio de 2016<\/a><\/p>\n<p class=\"inicial-titulo\" style=\"text-align: left;\">Inscri\u00e7\u00f5es Homologadas<\/p>\n<p>31\/05\/2016 &#8211;<a href=\"http:\/\/concurso.ifbaiano.edu.br\/portal\/fic2016\/wp-content\/uploads\/sites\/35\/2011\/04\/Inscri\u00e7\u00f5es-Homologadas-Alagoinhas.pdf\">Inscri\u00e7\u00f5es Homologadas Alagoinhas<\/a><\/p>\n<p>31\/05\/2016 &#8211;<a href=\"http:\/\/concurso.ifbaiano.edu.br\/portal\/fic2016\/wp-content\/uploads\/sites\/35\/2011\/04\/Inscri\u00e7\u00f5es-Homologadas-Itaberaba.pdf\">Inscri\u00e7\u00f5es Homologadas Itaberaba<\/a><\/p>\n<p>31\/05\/2016 &#8211;<a href=\"http:\/\/concurso.ifbaiano.edu.br\/portal\/fic2016\/wp-content\/uploads\/sites\/35\/2011\/04\/Inscri\u00e7\u00f5es-Homologadas-Xique-Xique.pdf\">Inscri\u00e7\u00f5es Homologadas Xique Xique<\/a><\/p>\n<p class=\"inicial-titulo\" style=\"text-align: left;\">Resultado Preliminar<\/p>\n<p>02\/05\/2016 &#8211;<a href=\"http:\/\/concurso.ifbaiano.edu.br\/portal\/fic2016\/wp-content\/uploads\/sites\/35\/2011\/04\/Resultado-Preliminar-Alagoinhas.pdf\">Resultado Preliminar Alagoinhas<\/a><\/p>\n<p>02\/05\/2016 &#8211;<a href=\"http:\/\/concurso.ifbaiano.edu.br\/portal\/fic2016\/wp-content\/uploads\/sites\/35\/2011\/04\/Resultado-Preliminar-Itaberaba.pdf\">Resultado Preliminar Itaberaba<\/a><\/p>\n<p>02\/05\/2016 &#8211;<a href=\"http:\/\/concurso.ifbaiano.edu.br\/portal\/fic2016\/wp-content\/uploads\/sites\/35\/2011\/04\/Resultado-preliminar-Xique-Xique.pdf\">Resultado preliminar Xique Xique<\/a><\/p>\n<p class=\"inicial-titulo\" style=\"text-align: left;\">Resultado Final<\/p>\n<p>06\/06\/2016 &#8211;<a href=\"http:\/\/concurso.ifbaiano.edu.br\/portal\/fic2016\/wp-content\/uploads\/sites\/35\/2011\/04\/Resultado-Final-Alagoinhas.pdf\">Resultado Final Alagoinhas<\/a><\/p>\n<p>06\/06\/2016 &#8211;<a href=\"http:\/\/concurso.ifbaiano.edu.br\/portal\/fic2016\/wp-content\/uploads\/sites\/35\/2011\/04\/Resultado-Final-Itaberaba.pdf\">Resultado Final Itaberaba<\/a><\/p>\n<p>06\/06\/2016 &#8211;<a href=\"http:\/\/concurso.ifbaiano.edu.br\/portal\/fic2016\/wp-content\/uploads\/sites\/35\/2011\/04\/Resultado-Final-Xique-Xique.pdf\">Resultado Final Xique-Xique<\/a><\/p>\n<p class=\"inicial-titulo\" style=\"text-align: left;\">Informe sobre Matr\u00edcula<\/p>\n<p>09\/06\/2016 &#8211;\u00a0Em fun\u00e7\u00e3o do dia 10 de junho ser feriado municipal em Xique-Xique, decretado no Di\u00e1rio Oficial do Munic\u00edpio (DECRETO N\u00ba 336\/2016, de 24 de maio de 2016), fica remanejado o dia de matr\u00edcula do Curso FIC Operador de Sistemas de Irriga\u00e7\u00e3o, que seria no dia 10\/06 para o dia 15\/06. A\u00a0segunda\u00a0chamada que seria no dia 13\/06 passar\u00e1 para o dia 16\/06.<\/p>\n<p class=\"inicial-titulo\" style=\"text-align: left;\">Segunda Chamada para Matr\u00edcula<\/p>\n<p>10\/06\/2016 &#8211;<a href=\"http:\/\/concurso.ifbaiano.edu.br\/portal\/fic2016\/wp-content\/uploads\/sites\/35\/2011\/04\/Convocados-para-Matr\u00edcula-Segunda-Chamada-Itaberaba.pdf\">Convocados para Matr\u00edcula Segunda Chamada Itaberaba<\/a><\/p>\n<p>15\/06\/2016 &#8211;<a href=\"http:\/\/concurso.ifbaiano.edu.br\/portal\/fic2016\/wp-content\/uploads\/sites\/35\/2011\/04\/Convocados-para-Matr\u00edcula-Segunda-Chamada-Xique-Xique.pdf\">Convocados para Matr\u00edcula Segunda Chamada Xique-Xique<\/a><\/p>\n","protected":false},"excerpt":{"rendered":"<p>Editais e Retifica\u00e7\u00f5es 23\/05\/2016 &#8211;Edital Processo Seletivo FIC 25\/05\/2016 &#8211;Edital de Retifica\u00e7\u00e3o n.42 de 25 de maio de 2016 Inscri\u00e7\u00f5es Homologadas 31\/05\/2016 &#8211;Inscri\u00e7\u00f5es Homologadas Alagoinhas 31\/05\/2016 &#8211;Inscri\u00e7\u00f5es Homologadas Itaberaba 31\/05\/2016 &#8211;Inscri\u00e7\u00f5es Homologadas Xique Xique Resultado Preliminar 02\/05\/2016 &#8211;Resultado Preliminar Alagoinhas &hellip; <a href=\"https:\/\/concurso.ifbaiano.edu.br\/portal\/fic2016\/pagina-inicial-2\/coluna2\/\">Continue lendo <span class=\"meta-nav\">&rarr;<\/span><\/a><\/p>\n","protected":false},"author":5,"featured_media":0,"parent":27,"menu_order":2,"comment_status":"closed","ping_status":"closed","template":"","meta":[],"_links":{"self":[{"href":"https:\/\/concurso.ifbaiano.edu.br\/portal\/fic2016\/wp-json\/wp\/v2\/pages\/28"}],"collection":[{"href":"https:\/\/concurso.ifbaiano.edu.br\/portal\/fic2016\/wp-json\/wp\/v2\/pages"}],"about":[{"href":"https:\/\/concurso.ifbaiano.edu.br\/portal\/fic2016\/wp-json\/wp\/v2\/types\/page"}],"author":[{"embeddable":true,"href":"https:\/\/concurso.ifbaiano.edu.br\/portal\/fic2016\/wp-json\/wp\/v2\/users\/5"}],"replies":[{"embeddable":true,"href":"https:\/\/concurso.ifbaiano.edu.br\/portal\/fic2016\/wp-json\/wp\/v2\/comments?post=28"}],"version-history":[{"count":34,"href":"https:\/\/concurso.ifbaiano.edu.br\/portal\/fic2016\/wp-json\/wp\/v2\/pages\/28\/revisions"}],"predecessor-version":[{"id":575,"href":"https:\/\/concurso.ifbaiano.edu.br\/portal\/fic2016\/wp-json\/wp\/v2\/pages\/28\/revisions\/575"}],"up":[{"embeddable":true,"href":"https:\/\/concurso.ifbaiano.edu.br\/portal\/fic2016\/wp-json\/wp\/v2\/pages\/27"}],"wp:attachment":[{"href":"https:\/\/concurso.ifbaiano.edu.br\/portal\/fic2016\/wp-json\/wp\/v2\/media?parent=28"}],"curies":[{"name":"wp","href":"https:\/\/api.w.org\/{rel}","templated":true}]}}