{"id":33,"date":"2011-04-18T14:48:50","date_gmt":"2011-04-18T14:48:50","guid":{"rendered":"http:\/\/www.ifbaiano.edu.br\/concursos\/portal\/discente20112\/?page_id=16"},"modified":"2016-09-26T13:54:54","modified_gmt":"2016-09-26T16:54:54","slug":"inscricao","status":"publish","type":"page","link":"https:\/\/concurso.ifbaiano.edu.br\/portal\/fic2016-2\/inscricao\/","title":{"rendered":"Inscri\u00e7\u00f5es"},"content":{"rendered":"<p><a title=\"Formul\u00e1rio de Inscri\u00e7\u00e3o\" href=\"http:\/\/opina.ifbaiano.edu.br\/index.php\/349447\">Clique AQUI para acessar o formul\u00e1rio de inscri\u00e7\u00e3o.<\/a><\/p>\n","protected":false},"excerpt":{"rendered":"<p>Clique AQUI para acessar o formul\u00e1rio de inscri\u00e7\u00e3o.<\/p>\n","protected":false},"author":39,"featured_media":0,"parent":0,"menu_order":1,"comment_status":"closed","ping_status":"closed","template":"","meta":[],"_links":{"self":[{"href":"https:\/\/concurso.ifbaiano.edu.br\/portal\/fic2016-2\/wp-json\/wp\/v2\/pages\/33"}],"collection":[{"href":"https:\/\/concurso.ifbaiano.edu.br\/portal\/fic2016-2\/wp-json\/wp\/v2\/pages"}],"about":[{"href":"https:\/\/concurso.ifbaiano.edu.br\/portal\/fic2016-2\/wp-json\/wp\/v2\/types\/page"}],"author":[{"embeddable":true,"href":"https:\/\/concurso.ifbaiano.edu.br\/portal\/fic2016-2\/wp-json\/wp\/v2\/users\/39"}],"replies":[{"embeddable":true,"href":"https:\/\/concurso.ifbaiano.edu.br\/portal\/fic2016-2\/wp-json\/wp\/v2\/comments?post=33"}],"version-history":[{"count":1,"href":"https:\/\/concurso.ifbaiano.edu.br\/portal\/fic2016-2\/wp-json\/wp\/v2\/pages\/33\/revisions"}],"predecessor-version":[{"id":507,"href":"https:\/\/concurso.ifbaiano.edu.br\/portal\/fic2016-2\/wp-json\/wp\/v2\/pages\/33\/revisions\/507"}],"wp:attachment":[{"href":"https:\/\/concurso.ifbaiano.edu.br\/portal\/fic2016-2\/wp-json\/wp\/v2\/media?parent=33"}],"curies":[{"name":"wp","href":"https:\/\/api.w.org\/{rel}","templated":true}]}}