{"id":32,"date":"2011-04-18T14:48:22","date_gmt":"2011-04-18T14:48:22","guid":{"rendered":"http:\/\/www.ifbaiano.edu.br\/concursos\/portal\/discente20112\/?page_id=14"},"modified":"2016-09-26T16:18:32","modified_gmt":"2016-09-26T19:18:32","slug":"contato","status":"publish","type":"page","link":"https:\/\/concurso.ifbaiano.edu.br\/portal\/fic2016-2\/contato\/","title":{"rendered":"Contato"},"content":{"rendered":"<p>&nbsp;<\/p>\n<p><strong>Endere\u00e7o:<\/strong><\/p>\n<p align=\"justify\"><span style=\"font-family: 'Times New Roman', serif\"><span style=\"font-size: medium\">Rua Manoel Rom\u00e3o, 153<\/span><\/span>\u00a0&#8211; Alagoinhas Velha<br \/>\nAlagoinhas-BA &#8211; e-mail:gabinete@alagoinhas.ifbaiano.edu.br<br \/>\n<strong>Hor\u00e1rio: <\/strong>Das 8:30 \u00e0s 11:30 e das 13:00 \u00e0s 17:00<\/p>\n","protected":false},"excerpt":{"rendered":"<p>&nbsp; Endere\u00e7o: Rua Manoel Rom\u00e3o, 153\u00a0&#8211; Alagoinhas Velha Alagoinhas-BA &#8211; e-mail:gabinete@alagoinhas.ifbaiano.edu.br Hor\u00e1rio: Das 8:30 \u00e0s 11:30 e das 13:00 \u00e0s 17:00<\/p>\n","protected":false},"author":39,"featured_media":0,"parent":0,"menu_order":3,"comment_status":"closed","ping_status":"closed","template":"","meta":[],"_links":{"self":[{"href":"https:\/\/concurso.ifbaiano.edu.br\/portal\/fic2016-2\/wp-json\/wp\/v2\/pages\/32"}],"collection":[{"href":"https:\/\/concurso.ifbaiano.edu.br\/portal\/fic2016-2\/wp-json\/wp\/v2\/pages"}],"about":[{"href":"https:\/\/concurso.ifbaiano.edu.br\/portal\/fic2016-2\/wp-json\/wp\/v2\/types\/page"}],"author":[{"embeddable":true,"href":"https:\/\/concurso.ifbaiano.edu.br\/portal\/fic2016-2\/wp-json\/wp\/v2\/users\/39"}],"replies":[{"embeddable":true,"href":"https:\/\/concurso.ifbaiano.edu.br\/portal\/fic2016-2\/wp-json\/wp\/v2\/comments?post=32"}],"version-history":[{"count":4,"href":"https:\/\/concurso.ifbaiano.edu.br\/portal\/fic2016-2\/wp-json\/wp\/v2\/pages\/32\/revisions"}],"predecessor-version":[{"id":512,"href":"https:\/\/concurso.ifbaiano.edu.br\/portal\/fic2016-2\/wp-json\/wp\/v2\/pages\/32\/revisions\/512"}],"wp:attachment":[{"href":"https:\/\/concurso.ifbaiano.edu.br\/portal\/fic2016-2\/wp-json\/wp\/v2\/media?parent=32"}],"curies":[{"name":"wp","href":"https:\/\/api.w.org\/{rel}","templated":true}]}}