{"id":28,"date":"2011-04-18T14:47:01","date_gmt":"2011-04-18T17:47:01","guid":{"rendered":"http:\/\/www.ifbaiano.edu.br\/concursos\/portal\/discente20112\/?page_id=9"},"modified":"2016-11-24T17:09:09","modified_gmt":"2016-11-24T19:09:09","slug":"coluna2","status":"publish","type":"page","link":"https:\/\/concurso.ifbaiano.edu.br\/portal\/fic2016-2\/pagina-inicial-2\/coluna2\/","title":{"rendered":"Coluna2 &#8211; Informa\u00e7\u00f5es"},"content":{"rendered":"<p>&nbsp;<\/p>\n<h4>Edital<\/h4>\n<p>03\/10\/2016\u00a0<a href=\"http:\/\/concurso.ifbaiano.edu.br\/portal\/fic2016-2\/wp-content\/uploads\/sites\/45\/2011\/04\/Edital-Processo-Seletivo-FIC-Alagoinhas-2016-2-P\u00e1gina-1.pdf\">Edital processo seletivo FIC Alagoinhas-2016-2<\/a><\/p>\n<p>&nbsp;<\/p>\n<h4>Inscri\u00e7\u00f5es Homologadas<\/h4>\n<p>&nbsp;<\/p>\n<p>11\/10\/2016 &#8211; <a href=\"http:\/\/concurso.ifbaiano.edu.br\/portal\/fic2016-2\/wp-content\/uploads\/sites\/45\/2011\/04\/Rela\u00e7\u00e3o-de-Inscri\u00e7\u00f5es-Homologadas-Final.pdf\" target=\"_blank\">Lista de inscri\u00e7\u00f5es homologadas &#8211; Campus Alagoinhas<\/a><\/p>\n<h4>Resultado Preliminar<\/h4>\n<p>&nbsp;<\/p>\n<p>13\/10\/2016 &#8211;\u00a0<a href=\"http:\/\/concurso.ifbaiano.edu.br\/portal\/fic2016-2\/wp-content\/uploads\/sites\/45\/2011\/04\/Resultado-Preliminar-3.pdf\">Resultado Preliminar<\/a><\/p>\n<h4>Resultado Final<\/h4>\n<p>20\/10\/2016 &#8211; <a href=\"http:\/\/concurso.ifbaiano.edu.br\/portal\/fic2016-2\/wp-content\/uploads\/sites\/45\/2011\/04\/Resultado-Final.pdf\">Resultado Final<\/a><\/p>\n<p>&nbsp;<\/p>\n<h4>Segunda Chamada<\/h4>\n<p>27\/10\/2016 &#8211; <a href=\"http:\/\/concurso.ifbaiano.edu.br\/portal\/fic2016-2\/wp-content\/uploads\/sites\/45\/2011\/04\/Segunda-Chamada.pdf\">Segunda Chamada<\/a><\/p>\n<p>&nbsp;<\/p>\n<h4>Edital PAISE<\/h4>\n<p>11\/11\/2016-<a href=\"http:\/\/concurso.ifbaiano.edu.br\/portal\/fic2016-2\/wp-content\/uploads\/sites\/45\/2011\/04\/Edital_Paise_2016.pdf\">Edital Programa de Assist\u00eancia e Inclus\u00e3o Social do Estudante-PAISE -2016<\/a><\/p>\n<p>&nbsp;<\/p>\n<h4>Divulga\u00e7\u00e3o do Quadro de vagas<\/h4>\n<p>11\/11\/2016- <a href=\"http:\/\/concurso.ifbaiano.edu.br\/portal\/fic2016-2\/wp-content\/uploads\/sites\/45\/2011\/04\/Divulga\u00e7\u00e3o-de-Quadro-de-Vagas-PAISE.pdf\">Quadro de Vagas PAISE-2016<\/a><\/p>\n<p>&nbsp;<\/p>\n<h4>Cronograma<\/h4>\n<p>11\/11\/2016- <a href=\"http:\/\/concurso.ifbaiano.edu.br\/portal\/fic2016-2\/wp-content\/uploads\/sites\/45\/2011\/04\/CRONOGRAMA-PAISE-CAMPUS-ALAGOINHAS.pdf\">Cronograma do Processo Seletivo- PAISE<\/a><\/p>\n<p>&nbsp;<\/p>\n<h4>Divulga\u00e7\u00e3o do Resultado Preliminar<\/h4>\n<p>22\/11\/2016- <a href=\"http:\/\/concurso.ifbaiano.edu.br\/portal\/fic2016-2\/wp-content\/uploads\/sites\/45\/2011\/04\/Resultado-Preliminar-PAISE.pdf\">Resultado-Preliminar-Paise<\/a><\/p>\n<p class=\"inicial-titulo\">\u00a0<strong>O Resultado Final-PAISE<\/strong><\/p>\n<p class=\"inicial-titulo\">24\/11\/2016-<a href=\"http:\/\/concurso.ifbaiano.edu.br\/portal\/fic2016-2\/wp-content\/uploads\/sites\/45\/2011\/04\/Resultado-Final-PAISE.pdf\">Resultado-Final-Paise<\/a><\/p>\n","protected":false},"excerpt":{"rendered":"<p>&nbsp; Edital 03\/10\/2016\u00a0Edital processo seletivo FIC Alagoinhas-2016-2 &nbsp; Inscri\u00e7\u00f5es Homologadas &nbsp; 11\/10\/2016 &#8211; Lista de inscri\u00e7\u00f5es homologadas &#8211; Campus Alagoinhas Resultado Preliminar &nbsp; 13\/10\/2016 &#8211;\u00a0Resultado Preliminar Resultado Final 20\/10\/2016 &#8211; Resultado Final &nbsp; Segunda Chamada 27\/10\/2016 &#8211; Segunda Chamada &nbsp; &hellip; <a href=\"https:\/\/concurso.ifbaiano.edu.br\/portal\/fic2016-2\/pagina-inicial-2\/coluna2\/\">Continue lendo <span class=\"meta-nav\">&rarr;<\/span><\/a><\/p>\n","protected":false},"author":39,"featured_media":0,"parent":27,"menu_order":2,"comment_status":"closed","ping_status":"closed","template":"","meta":[],"_links":{"self":[{"href":"https:\/\/concurso.ifbaiano.edu.br\/portal\/fic2016-2\/wp-json\/wp\/v2\/pages\/28"}],"collection":[{"href":"https:\/\/concurso.ifbaiano.edu.br\/portal\/fic2016-2\/wp-json\/wp\/v2\/pages"}],"about":[{"href":"https:\/\/concurso.ifbaiano.edu.br\/portal\/fic2016-2\/wp-json\/wp\/v2\/types\/page"}],"author":[{"embeddable":true,"href":"https:\/\/concurso.ifbaiano.edu.br\/portal\/fic2016-2\/wp-json\/wp\/v2\/users\/39"}],"replies":[{"embeddable":true,"href":"https:\/\/concurso.ifbaiano.edu.br\/portal\/fic2016-2\/wp-json\/wp\/v2\/comments?post=28"}],"version-history":[{"count":55,"href":"https:\/\/concurso.ifbaiano.edu.br\/portal\/fic2016-2\/wp-json\/wp\/v2\/pages\/28\/revisions"}],"predecessor-version":[{"id":587,"href":"https:\/\/concurso.ifbaiano.edu.br\/portal\/fic2016-2\/wp-json\/wp\/v2\/pages\/28\/revisions\/587"}],"up":[{"embeddable":true,"href":"https:\/\/concurso.ifbaiano.edu.br\/portal\/fic2016-2\/wp-json\/wp\/v2\/pages\/27"}],"wp:attachment":[{"href":"https:\/\/concurso.ifbaiano.edu.br\/portal\/fic2016-2\/wp-json\/wp\/v2\/media?parent=28"}],"curies":[{"name":"wp","href":"https:\/\/api.w.org\/{rel}","templated":true}]}}