{"id":9,"date":"2017-02-08T10:50:56","date_gmt":"2017-02-08T12:50:56","guid":{"rendered":"http:\/\/concurso.ifbaiano.edu.br\/portal\/fic-xique-xique-fev-2017\/?page_id=9"},"modified":"2017-05-18T15:01:51","modified_gmt":"2017-05-18T18:01:51","slug":"editais","status":"publish","type":"page","link":"https:\/\/concurso.ifbaiano.edu.br\/portal\/fic-xique-xique-fev-2017\/pagina-inicial\/editais\/","title":{"rendered":"Editais"},"content":{"rendered":"<h3>Editais<\/h3>\n<p>18\/05\/2017 &#8211;\u00a0<a href=\"http:\/\/concurso.ifbaiano.edu.br\/portal\/fic-xique-xique-fev-2017\/wp-content\/uploads\/sites\/63\/2017\/02\/VAGAS-REMANESCENTES_EDITAL-N\u00b0-58-DE-18-DE-MAIO-DE-2017.pdf\">VAGAS REMANESCENTES_EDITAL N\u00b0 58 DE 18 DE MAIO DE 2017<\/a><\/p>\n<p>19\/04\/2017 &#8211;\u00a0<a href=\"http:\/\/concurso.ifbaiano.edu.br\/portal\/fic-xique-xique-fev-2017\/wp-content\/uploads\/sites\/63\/2017\/02\/CONVOCAT\u00d3RIA-MATR\u00cdCULA2-1.pdf\">CONVOCAT\u00d3RIA MATR\u00cdCULA2<\/a><\/p>\n<p>17\/04\/2017 &#8211;\u00a0<a href=\"http:\/\/concurso.ifbaiano.edu.br\/portal\/fic-xique-xique-fev-2017\/wp-content\/uploads\/sites\/63\/2017\/02\/CONVOCAT\u00d3RIA-MATRICULA.pdf\">CONVOCAT\u00d3RIA MATRICULA<\/a><\/p>\n<p>12\/04\/2017 &#8211;\u00a0<a href=\"http:\/\/concurso.ifbaiano.edu.br\/portal\/fic-xique-xique-fev-2017\/wp-content\/uploads\/sites\/63\/2017\/02\/Prorroga\u00e7\u00e3o-de-matr\u00edcula-Final.pdf\">Prorroga\u00e7\u00e3o de matr\u00edcula Final<\/a><\/p>\n<p>06\/04\/2017 &#8211;\u00a0<a href=\"http:\/\/concurso.ifbaiano.edu.br\/portal\/fic-xique-xique-fev-2017\/wp-content\/uploads\/sites\/63\/2017\/02\/SEGUNDA-CHAMADA-CURSOS-FIC.pdf\">SEGUNDA CHAMADA CURSOS FIC<\/a><\/p>\n<p>24\/03\/2017\u00a0<a href=\"http:\/\/concurso.ifbaiano.edu.br\/portal\/fic-xique-xique-fev-2017\/wp-content\/uploads\/sites\/63\/2017\/02\/Prorroga\u00e7\u00e3o-de-matr\u00edcula.pdf\">Prorroga\u00e7\u00e3o de matr\u00edcula<\/a><\/p>\n<p>24\/03\/2017 &#8211;\u00a0<a href=\"http:\/\/concurso.ifbaiano.edu.br\/portal\/fic-xique-xique-fev-2017\/wp-content\/uploads\/sites\/63\/2017\/02\/CLASSIFICA\u00c7\u00c3O-FINAL.pdf\">CLASSIFICA\u00c7\u00c3O FINAL<\/a><\/p>\n<p>20\/03\/2017 &#8211; <a href=\"http:\/\/concurso.ifbaiano.edu.br\/portal\/fic-xique-xique-fev-2017\/wp-content\/uploads\/sites\/63\/2017\/02\/LISTA-GERAL-DE-CLASSIFICA\u00c7\u00c3O.pdf\">LISTA GERAL DE CLASSIFICA\u00c7\u00c3O<\/a><\/p>\n<p>17\/03\/2017 &#8211;\u00a0<a href=\"http:\/\/concurso.ifbaiano.edu.br\/portal\/fic-xique-xique-fev-2017\/wp-content\/uploads\/sites\/63\/2017\/03\/Inscri\u00e7\u00f5es-Homologadas-Curso-Fic-1.pdf\">Inscri\u00e7\u00f5es Homologadas Curso Fic<\/a><\/p>\n<p>03\/03\/2017 &#8211;\u00a0\u00a0<a href=\"http:\/\/concurso.ifbaiano.edu.br\/portal\/fic-xique-xique-fev-2017\/wp-content\/uploads\/sites\/63\/2017\/02\/Edital-10-de-fevereiro-de-2017-Retifica\u00e7\u00e3o-n-3.pdf\">Edital 10 de fevereiro de 2017 Retifica\u00e7\u00e3o n 3<\/a><\/p>\n<p>02\/03\/2017 &#8211;\u00a0<a href=\"http:\/\/concurso.ifbaiano.edu.br\/portal\/fic-xique-xique-fev-2017\/wp-content\/uploads\/sites\/63\/2017\/02\/Retificacao-edital-10-2017.pdf\" target=\"_blank\">Edital n\u00ba 10 de fevereiro de 2017 &#8211; Retifica\u00e7\u00e3o n\u00ba 2<\/a><\/p>\n<p>13\/02\/2017 &#8211;\u00a0<a href=\"http:\/\/concurso.ifbaiano.edu.br\/portal\/fic-xique-xique-fev-2017\/wp-content\/uploads\/sites\/63\/2017\/02\/Errata-01.pdf\">Errata 01<\/a><\/p>\n<p>10\/02\/2017 &#8211; <a href=\"http:\/\/concurso.ifbaiano.edu.br\/portal\/fic-xique-xique-fev-2017\/wp-content\/uploads\/sites\/63\/2017\/02\/Edital-Selecao-FIC-01_2017-retificado-10-02-2017.pdf\" target=\"_blank\">Edital\u00a0n\u00ba 10 de fevereiro de 2017 &#8211; Retificado<\/a><\/p>\n<p>08\/02\/2017 &#8211; <a href=\"http:\/\/concurso.ifbaiano.edu.br\/portal\/fic-xique-xique-fev-2017\/wp-content\/uploads\/sites\/63\/2017\/02\/Edital-Selecao-FIC-01_2017.pdf\" target=\"_blank\">Edital n\u00ba 10 de fevereiro de 2017<\/a><\/p>\n","protected":false},"excerpt":{"rendered":"<p>Editais 18\/05\/2017 &#8211;\u00a0VAGAS REMANESCENTES_EDITAL N\u00b0 58 DE 18 DE MAIO DE 2017 19\/04\/2017 &#8211;\u00a0CONVOCAT\u00d3RIA MATR\u00cdCULA2 17\/04\/2017 &#8211;\u00a0CONVOCAT\u00d3RIA MATRICULA 12\/04\/2017 &#8211;\u00a0Prorroga\u00e7\u00e3o de matr\u00edcula Final 06\/04\/2017 &#8211;\u00a0SEGUNDA CHAMADA CURSOS FIC 24\/03\/2017\u00a0Prorroga\u00e7\u00e3o de matr\u00edcula 24\/03\/2017 &#8211;\u00a0CLASSIFICA\u00c7\u00c3O FINAL 20\/03\/2017 &#8211; LISTA GERAL DE CLASSIFICA\u00c7\u00c3O &hellip; <a href=\"https:\/\/concurso.ifbaiano.edu.br\/portal\/fic-xique-xique-fev-2017\/pagina-inicial\/editais\/\">Continue lendo <span class=\"meta-nav\">&rarr;<\/span><\/a><\/p>\n","protected":false},"author":30,"featured_media":0,"parent":5,"menu_order":2,"comment_status":"closed","ping_status":"closed","template":"","meta":[],"_links":{"self":[{"href":"https:\/\/concurso.ifbaiano.edu.br\/portal\/fic-xique-xique-fev-2017\/wp-json\/wp\/v2\/pages\/9"}],"collection":[{"href":"https:\/\/concurso.ifbaiano.edu.br\/portal\/fic-xique-xique-fev-2017\/wp-json\/wp\/v2\/pages"}],"about":[{"href":"https:\/\/concurso.ifbaiano.edu.br\/portal\/fic-xique-xique-fev-2017\/wp-json\/wp\/v2\/types\/page"}],"author":[{"embeddable":true,"href":"https:\/\/concurso.ifbaiano.edu.br\/portal\/fic-xique-xique-fev-2017\/wp-json\/wp\/v2\/users\/30"}],"replies":[{"embeddable":true,"href":"https:\/\/concurso.ifbaiano.edu.br\/portal\/fic-xique-xique-fev-2017\/wp-json\/wp\/v2\/comments?post=9"}],"version-history":[{"count":22,"href":"https:\/\/concurso.ifbaiano.edu.br\/portal\/fic-xique-xique-fev-2017\/wp-json\/wp\/v2\/pages\/9\/revisions"}],"predecessor-version":[{"id":102,"href":"https:\/\/concurso.ifbaiano.edu.br\/portal\/fic-xique-xique-fev-2017\/wp-json\/wp\/v2\/pages\/9\/revisions\/102"}],"up":[{"embeddable":true,"href":"https:\/\/concurso.ifbaiano.edu.br\/portal\/fic-xique-xique-fev-2017\/wp-json\/wp\/v2\/pages\/5"}],"wp:attachment":[{"href":"https:\/\/concurso.ifbaiano.edu.br\/portal\/fic-xique-xique-fev-2017\/wp-json\/wp\/v2\/media?parent=9"}],"curies":[{"name":"wp","href":"https:\/\/api.w.org\/{rel}","templated":true}]}}