{"id":7,"date":"2017-02-08T10:49:02","date_gmt":"2017-02-08T12:49:02","guid":{"rendered":"http:\/\/concurso.ifbaiano.edu.br\/portal\/fic-xique-xique-fev-2017\/?page_id=7"},"modified":"2017-03-02T16:53:26","modified_gmt":"2017-03-02T19:53:26","slug":"homologacao","status":"publish","type":"page","link":"https:\/\/concurso.ifbaiano.edu.br\/portal\/fic-xique-xique-fev-2017\/pagina-inicial\/homologacao\/","title":{"rendered":"Homologa\u00e7\u00e3o"},"content":{"rendered":"<h3>Processo Seletivo<\/h3>\n<p>O Reitor do Instituto Federal de Educa\u00e7\u00e3o, Ci\u00eancia e Tecnologia Baiano &#8211; IF Baiano, no uso da compet\u00eancia delegada pelo Decreto de 13 de mar\u00e7o de 2014, publicado no Di\u00e1rio Oficial da Uni\u00e3o em 14 de mar\u00e7o de 2014, Se\u00e7\u00e3o 2, P\u00e1gina 1, no uso de suas atribui\u00e7\u00f5es legais, torna p\u00fablica a abertura de inscri\u00e7\u00f5es para provimento de vagas, por An\u00e1lise Socioecon\u00f4mica, nos cursos de Qualifica\u00e7\u00e3o Profissional, na modalidade de Forma\u00e7\u00e3o Inicial e Continuada \u2013 FIC, para o campus de Xique-Xique.<\/p>\n<h3>Cursos<\/h3>\n<ul>\n<li><strong>Agricultor Familiar<\/strong> &#8211; 40 vagas<\/li>\n<li><strong>Agente de Desenvolvimento Cooperativista<\/strong> &#8211; 40 vagas<\/li>\n<li><strong>Fruticultor<\/strong> &#8211; 40 vagas<\/li>\n<li><strong>Operador de Sistemas de Irriga\u00e7\u00e3o<\/strong> &#8211; 40 vagas<\/li>\n<li><strong>Produtor de Oler\u00edcolas<\/strong> &#8211; 40 vagas<\/li>\n<\/ul>\n<p><em>Mais informa\u00e7\u00f5es no edital.<\/em><\/p>\n<h3>Inscri\u00e7\u00f5es<\/h3>\n<p>Voc\u00ea poder\u00e1 se inscrever <a href=\"https:\/\/opina.ifbaiano.edu.br\/index.php\/survey\/index\/sid\/367154\/newtest\/Y\/lang\/pt-BR\" target=\"_blank\"><strong>clicando aqui<\/strong><\/a> no per\u00edodo de 11\/02 a 13\/03\/2017.<\/p>\n","protected":false},"excerpt":{"rendered":"<p>Processo Seletivo O Reitor do Instituto Federal de Educa\u00e7\u00e3o, Ci\u00eancia e Tecnologia Baiano &#8211; IF Baiano, no uso da compet\u00eancia delegada pelo Decreto de 13 de mar\u00e7o de 2014, publicado no Di\u00e1rio Oficial da Uni\u00e3o em 14 de mar\u00e7o de &hellip; <a href=\"https:\/\/concurso.ifbaiano.edu.br\/portal\/fic-xique-xique-fev-2017\/pagina-inicial\/homologacao\/\">Continue lendo <span class=\"meta-nav\">&rarr;<\/span><\/a><\/p>\n","protected":false},"author":30,"featured_media":0,"parent":5,"menu_order":1,"comment_status":"closed","ping_status":"closed","template":"","meta":[],"_links":{"self":[{"href":"https:\/\/concurso.ifbaiano.edu.br\/portal\/fic-xique-xique-fev-2017\/wp-json\/wp\/v2\/pages\/7"}],"collection":[{"href":"https:\/\/concurso.ifbaiano.edu.br\/portal\/fic-xique-xique-fev-2017\/wp-json\/wp\/v2\/pages"}],"about":[{"href":"https:\/\/concurso.ifbaiano.edu.br\/portal\/fic-xique-xique-fev-2017\/wp-json\/wp\/v2\/types\/page"}],"author":[{"embeddable":true,"href":"https:\/\/concurso.ifbaiano.edu.br\/portal\/fic-xique-xique-fev-2017\/wp-json\/wp\/v2\/users\/30"}],"replies":[{"embeddable":true,"href":"https:\/\/concurso.ifbaiano.edu.br\/portal\/fic-xique-xique-fev-2017\/wp-json\/wp\/v2\/comments?post=7"}],"version-history":[{"count":21,"href":"https:\/\/concurso.ifbaiano.edu.br\/portal\/fic-xique-xique-fev-2017\/wp-json\/wp\/v2\/pages\/7\/revisions"}],"predecessor-version":[{"id":58,"href":"https:\/\/concurso.ifbaiano.edu.br\/portal\/fic-xique-xique-fev-2017\/wp-json\/wp\/v2\/pages\/7\/revisions\/58"}],"up":[{"embeddable":true,"href":"https:\/\/concurso.ifbaiano.edu.br\/portal\/fic-xique-xique-fev-2017\/wp-json\/wp\/v2\/pages\/5"}],"wp:attachment":[{"href":"https:\/\/concurso.ifbaiano.edu.br\/portal\/fic-xique-xique-fev-2017\/wp-json\/wp\/v2\/media?parent=7"}],"curies":[{"name":"wp","href":"https:\/\/api.w.org\/{rel}","templated":true}]}}