{"id":7,"date":"2017-03-20T13:36:03","date_gmt":"2017-03-20T16:36:03","guid":{"rendered":"http:\/\/concurso.ifbaiano.edu.br\/portal\/fic-catu-2017\/?page_id=7"},"modified":"2017-03-27T16:35:53","modified_gmt":"2017-03-27T19:35:53","slug":"homologacao","status":"publish","type":"page","link":"https:\/\/concurso.ifbaiano.edu.br\/portal\/fic-catu-2017\/pagina-inicial\/homologacao\/","title":{"rendered":"Homologa\u00e7\u00e3o"},"content":{"rendered":"<h3>Processo Seletivo<\/h3>\n<p>O Diretor Geral do Instituto Federal de Educa\u00e7\u00e3o, Ci\u00eancia e Tecnologia Baiano &#8211; Campus Catu, no uso da compet\u00eancia delegada pela portaria 31 de 18 de mar\u00e7o de 2014, publicado no Di\u00e1rio Oficial da Uni\u00e3o em 19 de mar\u00e7o de 2014, Se\u00e7\u00e3o 2, P\u00e1gina 22, no uso de suas atribui\u00e7\u00f5es legais, torna p\u00fablica a abertura de inscri\u00e7\u00f5es no per\u00edodo de 20 a 24 de mar\u00e7o de 2017, para provimento de vagas, por sorteio eletr\u00f4nico, nos cursos de Qualifica\u00e7\u00e3o Profissional, na Modalidade de Forma\u00e7\u00e3o Continuada &#8211; FIC, para o Campus Catu.<\/p>\n<h3>Inscri\u00e7\u00f5es<\/h3>\n<p>Confira o link para preenchimento de ficha de inscri\u00e7\u00e3o:\u00a0<a href=\"http:\/\/opina.ifbaiano.edu.br\/index.php\/586318?lang=pt-BR\" target=\"_blank\">CLIQUE AQUI<\/a><\/p>\n<p>&nbsp;<\/p>\n","protected":false},"excerpt":{"rendered":"<p>Processo Seletivo O Diretor Geral do Instituto Federal de Educa\u00e7\u00e3o, Ci\u00eancia e Tecnologia Baiano &#8211; Campus Catu, no uso da compet\u00eancia delegada pela portaria 31 de 18 de mar\u00e7o de 2014, publicado no Di\u00e1rio Oficial da Uni\u00e3o em 19 de &hellip; <a href=\"https:\/\/concurso.ifbaiano.edu.br\/portal\/fic-catu-2017\/pagina-inicial\/homologacao\/\">Continue lendo <span class=\"meta-nav\">&rarr;<\/span><\/a><\/p>\n","protected":false},"author":30,"featured_media":0,"parent":4,"menu_order":1,"comment_status":"closed","ping_status":"closed","template":"","meta":[],"_links":{"self":[{"href":"https:\/\/concurso.ifbaiano.edu.br\/portal\/fic-catu-2017\/wp-json\/wp\/v2\/pages\/7"}],"collection":[{"href":"https:\/\/concurso.ifbaiano.edu.br\/portal\/fic-catu-2017\/wp-json\/wp\/v2\/pages"}],"about":[{"href":"https:\/\/concurso.ifbaiano.edu.br\/portal\/fic-catu-2017\/wp-json\/wp\/v2\/types\/page"}],"author":[{"embeddable":true,"href":"https:\/\/concurso.ifbaiano.edu.br\/portal\/fic-catu-2017\/wp-json\/wp\/v2\/users\/30"}],"replies":[{"embeddable":true,"href":"https:\/\/concurso.ifbaiano.edu.br\/portal\/fic-catu-2017\/wp-json\/wp\/v2\/comments?post=7"}],"version-history":[{"count":6,"href":"https:\/\/concurso.ifbaiano.edu.br\/portal\/fic-catu-2017\/wp-json\/wp\/v2\/pages\/7\/revisions"}],"predecessor-version":[{"id":29,"href":"https:\/\/concurso.ifbaiano.edu.br\/portal\/fic-catu-2017\/wp-json\/wp\/v2\/pages\/7\/revisions\/29"}],"up":[{"embeddable":true,"href":"https:\/\/concurso.ifbaiano.edu.br\/portal\/fic-catu-2017\/wp-json\/wp\/v2\/pages\/4"}],"wp:attachment":[{"href":"https:\/\/concurso.ifbaiano.edu.br\/portal\/fic-catu-2017\/wp-json\/wp\/v2\/media?parent=7"}],"curies":[{"name":"wp","href":"https:\/\/api.w.org\/{rel}","templated":true}]}}