{"id":4,"date":"2017-03-20T13:33:56","date_gmt":"2017-03-20T16:33:56","guid":{"rendered":"http:\/\/concurso.ifbaiano.edu.br\/portal\/fic-catu-2017\/?page_id=4"},"modified":"2017-04-13T18:30:00","modified_gmt":"2017-04-13T21:30:00","slug":"pagina-inicial","status":"publish","type":"page","link":"https:\/\/concurso.ifbaiano.edu.br\/portal\/fic-catu-2017\/","title":{"rendered":"P\u00e1gina inicial"},"content":{"rendered":"<p>Processo de sele\u00e7\u00e3o de transfer\u00eancia externa e portadores de diploma de ensino superior<\/p>\n<p><a href=\"http:\/\/concurso.ifbaiano.edu.br\/portal\/fic-catu-2017\/wp-content\/uploads\/sites\/74\/2017\/03\/Edital-n_10_de-11-de-abril-de-2017.pdf\">13\/04\/2017 &#8211; Edital n_10_de 11 de abril de 2017<\/a><\/p>\n","protected":false},"excerpt":{"rendered":"<p>Processo de sele\u00e7\u00e3o de transfer\u00eancia externa e portadores de diploma de ensino superior 13\/04\/2017 &#8211; Edital n_10_de 11 de abril de 2017<\/p>\n","protected":false},"author":30,"featured_media":0,"parent":0,"menu_order":0,"comment_status":"closed","ping_status":"closed","template":"","meta":[],"_links":{"self":[{"href":"https:\/\/concurso.ifbaiano.edu.br\/portal\/fic-catu-2017\/wp-json\/wp\/v2\/pages\/4"}],"collection":[{"href":"https:\/\/concurso.ifbaiano.edu.br\/portal\/fic-catu-2017\/wp-json\/wp\/v2\/pages"}],"about":[{"href":"https:\/\/concurso.ifbaiano.edu.br\/portal\/fic-catu-2017\/wp-json\/wp\/v2\/types\/page"}],"author":[{"embeddable":true,"href":"https:\/\/concurso.ifbaiano.edu.br\/portal\/fic-catu-2017\/wp-json\/wp\/v2\/users\/30"}],"replies":[{"embeddable":true,"href":"https:\/\/concurso.ifbaiano.edu.br\/portal\/fic-catu-2017\/wp-json\/wp\/v2\/comments?post=4"}],"version-history":[{"count":5,"href":"https:\/\/concurso.ifbaiano.edu.br\/portal\/fic-catu-2017\/wp-json\/wp\/v2\/pages\/4\/revisions"}],"predecessor-version":[{"id":52,"href":"https:\/\/concurso.ifbaiano.edu.br\/portal\/fic-catu-2017\/wp-json\/wp\/v2\/pages\/4\/revisions\/52"}],"wp:attachment":[{"href":"https:\/\/concurso.ifbaiano.edu.br\/portal\/fic-catu-2017\/wp-json\/wp\/v2\/media?parent=4"}],"curies":[{"name":"wp","href":"https:\/\/api.w.org\/{rel}","templated":true}]}}