{"id":10,"date":"2011-04-18T14:47:01","date_gmt":"2011-04-18T17:47:01","guid":{"rendered":"http:\/\/www.ifbaiano.edu.br\/portal\/discente20112\/?page_id=9"},"modified":"2015-10-16T10:39:08","modified_gmt":"2015-10-16T13:39:08","slug":"coluna2","status":"publish","type":"page","link":"https:\/\/concurso.ifbaiano.edu.br\/portal\/etecidiomastutor2015\/pagina-inicial\/coluna2\/","title":{"rendered":"Coluna 2 &#8211; Informa\u00e7\u00f5es"},"content":{"rendered":"<p>19\/10\/2015 &#8211; <a href=\"http:\/\/concurso.ifbaiano.edu.br\/portal\/etecidiomastutor2015\/wp-content\/uploads\/sites\/15\/2011\/04\/Nota-Explicativa.pdf\">Nota Explicativa<\/a> <font color=\"red\"><strong> (NOVO)<\/strong><\/font><\/p>\n<p>20\/01\/2015 &#8211; <a href=\"http:\/\/concurso.ifbaiano.edu.br\/portal\/etecidiomastutor2015\/wp-content\/uploads\/sites\/15\/2011\/04\/Convocacao-2-e-3-tutor-Guanambi.pdf\">2\u00aa Convoca\u00e7\u00e3o de tutor &#8211; Polo Guanambi<\/a><\/p>\n<p>19\/01\/2015 &#8211; <a href=\"http:\/\/concurso.ifbaiano.edu.br\/portal\/etecidiomastutor2015\/wp-content\/uploads\/sites\/15\/2011\/04\/Convocacao-2-tutor.pdf\">2\u00aa Convoca\u00e7\u00e3o de tutor &#8211; Polo Itapetinga <\/a> <\/p>\n<p>11\/12\/2014 &#8211; <a href=\"http:\/\/concurso.ifbaiano.edu.br\/portal\/etecidiomastutor2015\/wp-content\/uploads\/sites\/15\/2011\/04\/Convoca\u00e7\u00e3o-edital-52.pdf\">Convoca\u00e7\u00e3o de tutores <\/a> <\/p>\n<p>11\/12\/2014 &#8211; <a href=\"http:\/\/concurso.ifbaiano.edu.br\/portal\/etecidiomastutor2015\/wp-content\/uploads\/sites\/15\/2011\/04\/Lista-Final-de-aprovados-e-cadastro-de-reserva.pdf\">Lista Final de aprovados e cadastro de reserva<\/a><\/p>\n<p>09\/12\/2014 &#8211; <a href=\"http:\/\/concurso.ifbaiano.edu.br\/portal\/etecidiomastutor2015\/wp-content\/uploads\/sites\/15\/2011\/04\/Lista-de-aprovados-e-lista-de-cadastro-de-reserva-1.pdf\">Lista de aprovados e lista de cadastro de reserva <\/a><\/p>\n<p>09\/12\/2014 &#8211; <a href=\"http:\/\/concurso.ifbaiano.edu.br\/portal\/etecidiomastutor2015\/wp-content\/uploads\/sites\/15\/2011\/04\/Publica\u00e7\u00e3o-recurso-contra-homologa\u00e7\u00e3odas-inscri\u00e7\u00f5es.pdf\">Resultado de recursos contra homologa\u00e7\u00e3o das inscri\u00e7\u00f5es<\/a><\/p>\n<p>04\/12\/2014 &#8211; <a href=\"http:\/\/concurso.ifbaiano.edu.br\/portal\/etecidiomastutor2015\/wp-content\/uploads\/sites\/15\/2011\/04\/Nota-de-esclarecimento-tutores.pdf\">Nota de esclarecimento <\/a> <strong><span style=\"color: red\"><\/span><\/strong><\/p>\n<p>04\/12\/2014 &#8211; <a href=\"http:\/\/concurso.ifbaiano.edu.br\/portal\/etecidiomastutor2015\/wp-content\/uploads\/sites\/15\/2011\/04\/1-Resultado-e-tec-Idiomas-2-chamada-homologados.pdf\"> Inscri\u00e7\u00f5es Homologadas<\/a> <strong><span style=\"color: red\"><\/span><\/strong><\/p>\n<p>04\/12\/2014 &#8211; <a href=\"http:\/\/concurso.ifbaiano.edu.br\/portal\/etecidiomastutor2015\/wp-content\/uploads\/sites\/15\/2011\/04\/1-Resultado-e-tec-Idiomas-2-chamada-indeferidos.pdf\">Inscri\u00e7\u00f5es Indeferidas<\/a> <strong><span style=\"color: red\"><\/span><\/strong><\/p>\n<p>04\/12\/2014 &#8211; <a href=\"http:\/\/concurso.ifbaiano.edu.br\/portal\/etecidiomastutor2015\/wp-content\/uploads\/sites\/15\/2011\/04\/edital-58-Retficacao-do-edital-52.pdf\"> Edital 58 &#8211; Retifica\u00e7\u00e3o do Edital 52<\/a> <strong><span style=\"color: red\"><\/span><\/strong><\/p>\n<p>24\/11\/2014 &#8211; <a href=\"http:\/\/concurso.ifbaiano.edu.br\/portal\/etecidiomastutor2015\/wp-content\/uploads\/sites\/15\/2011\/04\/EDITAL-52-2014-IF-BAIANO-SELE\u00c7\u00c3O-DE-TUTORES-E-TEC-IDIOMAS.pdf\">EDITAL 52-2014 IF BAIANO SELE\u00c7\u00c3O DE TUTORES E-TEC IDIOMAS<\/a> <\/p>\n","protected":false},"excerpt":{"rendered":"<p>19\/10\/2015 &#8211; Nota Explicativa (NOVO) 20\/01\/2015 &#8211; 2\u00aa Convoca\u00e7\u00e3o de tutor &#8211; Polo Guanambi 19\/01\/2015 &#8211; 2\u00aa Convoca\u00e7\u00e3o de tutor &#8211; Polo Itapetinga 11\/12\/2014 &#8211; Convoca\u00e7\u00e3o de tutores 11\/12\/2014 &#8211; Lista Final de aprovados e cadastro de reserva 09\/12\/2014 &#8211; &hellip; <a href=\"https:\/\/concurso.ifbaiano.edu.br\/portal\/etecidiomastutor2015\/pagina-inicial\/coluna2\/\">Continue lendo <span class=\"meta-nav\">&rarr;<\/span><\/a><\/p>\n","protected":false},"author":1,"featured_media":0,"parent":9,"menu_order":2,"comment_status":"closed","ping_status":"closed","template":"","meta":[],"_links":{"self":[{"href":"https:\/\/concurso.ifbaiano.edu.br\/portal\/etecidiomastutor2015\/wp-json\/wp\/v2\/pages\/10"}],"collection":[{"href":"https:\/\/concurso.ifbaiano.edu.br\/portal\/etecidiomastutor2015\/wp-json\/wp\/v2\/pages"}],"about":[{"href":"https:\/\/concurso.ifbaiano.edu.br\/portal\/etecidiomastutor2015\/wp-json\/wp\/v2\/types\/page"}],"author":[{"embeddable":true,"href":"https:\/\/concurso.ifbaiano.edu.br\/portal\/etecidiomastutor2015\/wp-json\/wp\/v2\/users\/1"}],"replies":[{"embeddable":true,"href":"https:\/\/concurso.ifbaiano.edu.br\/portal\/etecidiomastutor2015\/wp-json\/wp\/v2\/comments?post=10"}],"version-history":[{"count":28,"href":"https:\/\/concurso.ifbaiano.edu.br\/portal\/etecidiomastutor2015\/wp-json\/wp\/v2\/pages\/10\/revisions"}],"predecessor-version":[{"id":464,"href":"https:\/\/concurso.ifbaiano.edu.br\/portal\/etecidiomastutor2015\/wp-json\/wp\/v2\/pages\/10\/revisions\/464"}],"up":[{"embeddable":true,"href":"https:\/\/concurso.ifbaiano.edu.br\/portal\/etecidiomastutor2015\/wp-json\/wp\/v2\/pages\/9"}],"wp:attachment":[{"href":"https:\/\/concurso.ifbaiano.edu.br\/portal\/etecidiomastutor2015\/wp-json\/wp\/v2\/media?parent=10"}],"curies":[{"name":"wp","href":"https:\/\/api.w.org\/{rel}","templated":true}]}}