{"id":9,"date":"2011-04-18T14:38:27","date_gmt":"2011-04-18T14:38:27","guid":{"rendered":"http:\/\/www.ifbaiano.edu.br\/portal\/discente20112\/?page_id=4"},"modified":"2011-04-18T14:38:27","modified_gmt":"2011-04-18T14:38:27","slug":"pagina-inicial","status":"publish","type":"page","link":"https:\/\/concurso.ifbaiano.edu.br\/portal\/etecidiomas20152\/","title":{"rendered":"P\u00e1gina Inicial"},"content":{"rendered":"<div class=\"child_pages child_pages-thumbnail\">\n<div id=\"child_page-12\" class=\"child_page\" style=\"width:50%;max-width:100%;\"><div class=\"child_page-container\"><div class=\"post_thumb\"><a href=\"https:\/\/concurso.ifbaiano.edu.br\/portal\/etecidiomas20152\/pagina-inicial\/coluna1\/\"><\/a><\/div><div class=\"post_content\"><h4><a href=\"https:\/\/concurso.ifbaiano.edu.br\/portal\/etecidiomas20152\/pagina-inicial\/coluna1\/\">Coluna 1 - O Processo Seletivo<\/a><\/h4><div class=\"post_excerpt\">O Processo Seletivo Disp\u00f5e sobre o Processo Seletivo para Vagas Remanescentes dos Cursos de Forma\u00e7\u00e3o Inicial e Continuada de Espanhol Intermedi\u00e1rio e Ingl\u00eas Intermedi\u00e1rio, na modalidade Educa\u00e7\u00e3o a Dist\u00e2ncia (EAD), oferecido pela Rede e-Tec Brasil pelo Programa e-Tec Idiomas Sem &hellip; <a href=\"https:\/\/concurso.ifbaiano.edu.br\/portal\/etecidiomas20152\/pagina-inicial\/coluna1\/\">Continue lendo <span class=\"meta-nav\">&rarr;<\/span><\/a><\/div><\/div><!-- .post_content  --><\/div><!-- .child_page-container --><\/div><!-- #child_page-12\" -->\n\n<div id=\"child_page-10\" class=\"child_page\" style=\"width:50%;max-width:100%;\"><div class=\"child_page-container\"><div class=\"post_thumb\"><a href=\"https:\/\/concurso.ifbaiano.edu.br\/portal\/etecidiomas20152\/pagina-inicial\/coluna2\/\"><\/a><\/div><div class=\"post_content\"><h4><a href=\"https:\/\/concurso.ifbaiano.edu.br\/portal\/etecidiomas20152\/pagina-inicial\/coluna2\/\">Coluna 2 - Informa\u00e7\u00f5es<\/a><\/h4><div class=\"post_excerpt\">01\/03\/2016 &#8211; Nota Informativa 01\/2016\u00a0NOVO 15\/12\/2015 &#8211; Edital de Retifica\u00e7\u00e3o 97\u00a0 15\/12\/2015 &#8211; Nota Informativa N.\u00ba 01\/2015\u00a0 15\/12\/2015 &#8211; Resultado Final do Nivelamento\u00a0 10\/12\/2015 &#8211; Retifica\u00e7\u00e3o: Resultado Parcial Nivelamento 10\/12\/2015 &#8211; Gabarito Prova de Nivelamento Ingl\u00eas 10\/12\/2015 &#8211; Gabarito Prova &hellip; <a href=\"https:\/\/concurso.ifbaiano.edu.br\/portal\/etecidiomas20152\/pagina-inicial\/coluna2\/\">Continue lendo <span class=\"meta-nav\">&rarr;<\/span><\/a><\/div><\/div><!-- .post_content  --><\/div><!-- .child_page-container --><\/div><!-- #child_page-10\" -->\n<\/div>\n","protected":false},"excerpt":{"rendered":"","protected":false},"author":5,"featured_media":0,"parent":0,"menu_order":0,"comment_status":"closed","ping_status":"open","template":"","meta":[],"_links":{"self":[{"href":"https:\/\/concurso.ifbaiano.edu.br\/portal\/etecidiomas20152\/wp-json\/wp\/v2\/pages\/9"}],"collection":[{"href":"https:\/\/concurso.ifbaiano.edu.br\/portal\/etecidiomas20152\/wp-json\/wp\/v2\/pages"}],"about":[{"href":"https:\/\/concurso.ifbaiano.edu.br\/portal\/etecidiomas20152\/wp-json\/wp\/v2\/types\/page"}],"author":[{"embeddable":true,"href":"https:\/\/concurso.ifbaiano.edu.br\/portal\/etecidiomas20152\/wp-json\/wp\/v2\/users\/5"}],"replies":[{"embeddable":true,"href":"https:\/\/concurso.ifbaiano.edu.br\/portal\/etecidiomas20152\/wp-json\/wp\/v2\/comments?post=9"}],"version-history":[{"count":0,"href":"https:\/\/concurso.ifbaiano.edu.br\/portal\/etecidiomas20152\/wp-json\/wp\/v2\/pages\/9\/revisions"}],"wp:attachment":[{"href":"https:\/\/concurso.ifbaiano.edu.br\/portal\/etecidiomas20152\/wp-json\/wp\/v2\/media?parent=9"}],"curies":[{"name":"wp","href":"https:\/\/api.w.org\/{rel}","templated":true}]}}