{"id":10,"date":"2011-04-18T14:47:01","date_gmt":"2011-04-18T17:47:01","guid":{"rendered":"http:\/\/www.ifbaiano.edu.br\/portal\/discente20112\/?page_id=9"},"modified":"2016-03-01T18:08:06","modified_gmt":"2016-03-01T18:08:06","slug":"coluna2","status":"publish","type":"page","link":"https:\/\/concurso.ifbaiano.edu.br\/portal\/etecidiomas20152\/pagina-inicial\/coluna2\/","title":{"rendered":"Coluna 2 &#8211; Informa\u00e7\u00f5es"},"content":{"rendered":"<p>01\/03\/2016 &#8211; <a href=\"http:\/\/concurso.ifbaiano.edu.br\/portal\/etecidiomas20152\/wp-content\/uploads\/sites\/27\/2011\/04\/NOTA-INFORMATIVA-N-1-etec.pdf\">Nota Informativa 01\/2016<\/a>\u00a0<span style=\"color: #ff0000\"><strong>NOVO<\/strong><\/span><a href=\"http:\/\/concurso.ifbaiano.edu.br\/portal\/etecidiomas20152\/wp-content\/uploads\/sites\/27\/2011\/04\/NOTA-INFORMATIVA-N-1-etec.pdf\"><br \/>\n<\/a><\/p>\n<p>15\/12\/2015 &#8211; <a href=\"http:\/\/concurso.ifbaiano.edu.br\/portal\/etecidiomas20152\/wp-content\/uploads\/sites\/27\/2011\/04\/Edital-de-Retifica\u00e7\u00e3o-97.pdf\">Edital de Retifica\u00e7\u00e3o 97<\/a><span style=\"color: #ff0000\">\u00a0<\/span><\/p>\n<p>15\/12\/2015 &#8211; <a href=\"http:\/\/concurso.ifbaiano.edu.br\/portal\/etecidiomas20152\/wp-content\/uploads\/sites\/27\/2011\/04\/NOTA-INFORMATIVA-N\u00ba-01.pdf\">Nota Informativa N.\u00ba 01\/2015<\/a><span style=\"color: #ff0000\">\u00a0<\/span><\/p>\n<p>15\/12\/2015 &#8211; <a href=\"http:\/\/concurso.ifbaiano.edu.br\/portal\/etecidiomas20152\/wp-content\/uploads\/sites\/27\/2011\/04\/RESULTADO-NIVELAMENTO_FINAL.pdf\">Resultado Final do Nivelamento<\/a><span style=\"color: #ff0000\">\u00a0<\/span><\/p>\n<p>10\/12\/2015 &#8211; <a href=\"http:\/\/concurso.ifbaiano.edu.br\/portal\/etecidiomas20152\/wp-content\/uploads\/sites\/27\/2011\/04\/RESULTADO-NIVELAMENTO-retificacao-1.pdf\">Retifica\u00e7\u00e3o: Resultado Parcial Nivelamento <\/a><\/p>\n<p>10\/12\/2015 &#8211; <a href=\"http:\/\/concurso.ifbaiano.edu.br\/portal\/etecidiomas20152\/wp-content\/uploads\/sites\/27\/2011\/04\/Gabarito_Ingles.pdf\">Gabarito Prova de Nivelamento Ingl\u00eas<\/a><\/p>\n<p>10\/12\/2015 &#8211; <a href=\"http:\/\/concurso.ifbaiano.edu.br\/portal\/etecidiomas20152\/wp-content\/uploads\/sites\/27\/2011\/04\/Gabarito_Espanhol.pdf\">Gabarito Prova de Nivelamento Espanhol<\/a><\/p>\n<p>09\/12\/2015 &#8211; <a href=\"http:\/\/concurso.ifbaiano.edu.br\/portal\/etecidiomas20152\/wp-content\/uploads\/sites\/27\/2011\/04\/RESULTADO-NIVELAMENTO.pdf\">Resultado<\/a><\/p>\n<p>04\/12\/2015 &#8211; <a href=\"http:\/\/concurso.ifbaiano.edu.br\/portal\/etecidiomas20152\/wp-content\/uploads\/sites\/27\/2011\/04\/Edital-de-Retifica\u00e7\u00e3o-95.pdf\">Edital de Retifica\u00e7\u00e3o N\u00ba. 95\/2015<\/a><\/p>\n<p>26\/11\/2015 &#8211; <a href=\"http:\/\/concurso.ifbaiano.edu.br\/portal\/etecidiomas20152\/wp-content\/uploads\/sites\/27\/2011\/04\/Edital-de-Retifica\u00e7\u00e3o-891.pdf\">Edital de Retifica\u00e7\u00e3o N.\u00ba 89\/2015<\/a><\/p>\n<p>13\/11\/2015 &#8211; <a href=\"http:\/\/concurso.ifbaiano.edu.br\/portal\/etecidiomas20152\/wp-content\/uploads\/sites\/27\/2011\/04\/Retifica\u00e7\u00e3o_Homologacao_Candidatos_13-11-2015.pdf\">Retifica\u00e7\u00e3o da Homologa\u00e7\u00e3o dos Candidatos<\/a><\/p>\n<p>09\/11\/2015 &#8211; <a href=\"http:\/\/concurso.ifbaiano.edu.br\/portal\/etecidiomas20152\/wp-content\/uploads\/sites\/27\/2011\/04\/Homologacao_Candidatos.pdf\">Resultado Homologa\u00e7\u00e3o dos Candidatos<\/a><\/p>\n<p>30\/10\/2015 &#8211; <a href=\"http:\/\/concurso.ifbaiano.edu.br\/portal\/etecidiomas20152\/wp-content\/uploads\/sites\/27\/2011\/04\/Edital-de-Retifica\u00e7\u00e3o-82.pdf\">Edital de Retifica\u00e7\u00e3o N.\u00ba 82\/2015<\/a><\/p>\n<p>29\/10\/2015 &#8211; <a href=\"http:\/\/concurso.ifbaiano.edu.br\/portal\/etecidiomas20152\/wp-content\/uploads\/sites\/27\/2011\/04\/Edital-de-Retifica\u00e7\u00e3o-80.pdf\">Edital de Retifica\u00e7\u00e3o N.\u00ba 80\/2015<\/a><\/p>\n<p>26\/10\/2015 &#8211; <a href=\"http:\/\/concurso.ifbaiano.edu.br\/portal\/etecidiomas20152\/wp-content\/uploads\/sites\/27\/2011\/04\/Edital77.pdf\">Edital N.\u00ba 77\/2015 &#8211; Abertura<\/a><\/p>\n","protected":false},"excerpt":{"rendered":"<p>01\/03\/2016 &#8211; Nota Informativa 01\/2016\u00a0NOVO 15\/12\/2015 &#8211; Edital de Retifica\u00e7\u00e3o 97\u00a0 15\/12\/2015 &#8211; Nota Informativa N.\u00ba 01\/2015\u00a0 15\/12\/2015 &#8211; Resultado Final do Nivelamento\u00a0 10\/12\/2015 &#8211; Retifica\u00e7\u00e3o: Resultado Parcial Nivelamento 10\/12\/2015 &#8211; Gabarito Prova de Nivelamento Ingl\u00eas 10\/12\/2015 &#8211; Gabarito Prova &hellip; <a href=\"https:\/\/concurso.ifbaiano.edu.br\/portal\/etecidiomas20152\/pagina-inicial\/coluna2\/\">Continue lendo <span class=\"meta-nav\">&rarr;<\/span><\/a><\/p>\n","protected":false},"author":5,"featured_media":0,"parent":9,"menu_order":2,"comment_status":"closed","ping_status":"closed","template":"","meta":[],"_links":{"self":[{"href":"https:\/\/concurso.ifbaiano.edu.br\/portal\/etecidiomas20152\/wp-json\/wp\/v2\/pages\/10"}],"collection":[{"href":"https:\/\/concurso.ifbaiano.edu.br\/portal\/etecidiomas20152\/wp-json\/wp\/v2\/pages"}],"about":[{"href":"https:\/\/concurso.ifbaiano.edu.br\/portal\/etecidiomas20152\/wp-json\/wp\/v2\/types\/page"}],"author":[{"embeddable":true,"href":"https:\/\/concurso.ifbaiano.edu.br\/portal\/etecidiomas20152\/wp-json\/wp\/v2\/users\/5"}],"replies":[{"embeddable":true,"href":"https:\/\/concurso.ifbaiano.edu.br\/portal\/etecidiomas20152\/wp-json\/wp\/v2\/comments?post=10"}],"version-history":[{"count":38,"href":"https:\/\/concurso.ifbaiano.edu.br\/portal\/etecidiomas20152\/wp-json\/wp\/v2\/pages\/10\/revisions"}],"predecessor-version":[{"id":395,"href":"https:\/\/concurso.ifbaiano.edu.br\/portal\/etecidiomas20152\/wp-json\/wp\/v2\/pages\/10\/revisions\/395"}],"up":[{"embeddable":true,"href":"https:\/\/concurso.ifbaiano.edu.br\/portal\/etecidiomas20152\/wp-json\/wp\/v2\/pages\/9"}],"wp:attachment":[{"href":"https:\/\/concurso.ifbaiano.edu.br\/portal\/etecidiomas20152\/wp-json\/wp\/v2\/media?parent=10"}],"curies":[{"name":"wp","href":"https:\/\/api.w.org\/{rel}","templated":true}]}}