{"id":9,"date":"2011-04-18T14:38:27","date_gmt":"2011-04-18T14:38:27","guid":{"rendered":"http:\/\/www.ifbaiano.edu.br\/portal\/discente20112\/?page_id=4"},"modified":"2014-11-13T17:01:05","modified_gmt":"2014-11-13T20:01:05","slug":"pagina-inicial","status":"publish","type":"page","link":"https:\/\/concurso.ifbaiano.edu.br\/portal\/etecidiomas20141\/","title":{"rendered":"P\u00e1gina Inicial"},"content":{"rendered":"<div class=\"child_pages child_pages-thumbnail\">\n<div id=\"child_page-12\" class=\"child_page\" style=\"width:50%;max-width:100%;\"><div class=\"child_page-container\"><div class=\"post_thumb\"><a href=\"https:\/\/concurso.ifbaiano.edu.br\/portal\/etecidiomas20141\/pagina-inicial\/coluna1\/\"><\/a><\/div><div class=\"post_content\"><h4><a href=\"https:\/\/concurso.ifbaiano.edu.br\/portal\/etecidiomas20141\/pagina-inicial\/coluna1\/\">Coluna 1 - O Processo Seletivo<\/a><\/h4><div class=\"post_excerpt\">O Processo Seletivo Disp\u00f5e sobre o Processo Seletivo para ingresso nos cursos de idiomas ingl\u00eas e espanhol, na modalidade Educa\u00e7\u00e3o a Dist\u00e2ncia (EaD), oferecido pela Rede e-Tec Brasil, com in\u00edcio previsto para o dia 24 de novembro de 2014, no &hellip; <a href=\"https:\/\/concurso.ifbaiano.edu.br\/portal\/etecidiomas20141\/pagina-inicial\/coluna1\/\">Continue lendo <span class=\"meta-nav\">&rarr;<\/span><\/a><\/div><\/div><!-- .post_content  --><\/div><!-- .child_page-container --><\/div><!-- #child_page-12\" -->\n\n<div id=\"child_page-10\" class=\"child_page\" style=\"width:50%;max-width:100%;\"><div class=\"child_page-container\"><div class=\"post_thumb\"><a href=\"https:\/\/concurso.ifbaiano.edu.br\/portal\/etecidiomas20141\/pagina-inicial\/coluna2\/\"><\/a><\/div><div class=\"post_content\"><h4><a href=\"https:\/\/concurso.ifbaiano.edu.br\/portal\/etecidiomas20141\/pagina-inicial\/coluna2\/\">Coluna 2 - Informa\u00e7\u00f5es<\/a><\/h4><div class=\"post_excerpt\">11\/12\/2014 &#8211; Nota de esclarecimento &#8211; Mudan\u00e7a na data e hor\u00e1rio do sorteio em Itapetinga (NOVO) 10\/12\/2014 &#8211; Chamada Interna para vagas remanescentes (NOVO) 05\/12\/2014 &#8211; Terceira chamada de estudantes 27\/11\/2014 &#8211; Segunda chamada de estudantes 21\/11\/2014 &#8211; Convoca\u00e7\u00e3o de &hellip; <a href=\"https:\/\/concurso.ifbaiano.edu.br\/portal\/etecidiomas20141\/pagina-inicial\/coluna2\/\">Continue lendo <span class=\"meta-nav\">&rarr;<\/span><\/a><\/div><\/div><!-- .post_content  --><\/div><!-- .child_page-container --><\/div><!-- #child_page-10\" -->\n<\/div>\n","protected":false},"excerpt":{"rendered":"","protected":false},"author":1,"featured_media":0,"parent":0,"menu_order":0,"comment_status":"closed","ping_status":"open","template":"","meta":[],"_links":{"self":[{"href":"https:\/\/concurso.ifbaiano.edu.br\/portal\/etecidiomas20141\/wp-json\/wp\/v2\/pages\/9"}],"collection":[{"href":"https:\/\/concurso.ifbaiano.edu.br\/portal\/etecidiomas20141\/wp-json\/wp\/v2\/pages"}],"about":[{"href":"https:\/\/concurso.ifbaiano.edu.br\/portal\/etecidiomas20141\/wp-json\/wp\/v2\/types\/page"}],"author":[{"embeddable":true,"href":"https:\/\/concurso.ifbaiano.edu.br\/portal\/etecidiomas20141\/wp-json\/wp\/v2\/users\/1"}],"replies":[{"embeddable":true,"href":"https:\/\/concurso.ifbaiano.edu.br\/portal\/etecidiomas20141\/wp-json\/wp\/v2\/comments?post=9"}],"version-history":[{"count":1,"href":"https:\/\/concurso.ifbaiano.edu.br\/portal\/etecidiomas20141\/wp-json\/wp\/v2\/pages\/9\/revisions"}],"predecessor-version":[{"id":413,"href":"https:\/\/concurso.ifbaiano.edu.br\/portal\/etecidiomas20141\/wp-json\/wp\/v2\/pages\/9\/revisions\/413"}],"wp:attachment":[{"href":"https:\/\/concurso.ifbaiano.edu.br\/portal\/etecidiomas20141\/wp-json\/wp\/v2\/media?parent=9"}],"curies":[{"name":"wp","href":"https:\/\/api.w.org\/{rel}","templated":true}]}}