{"id":12,"date":"2011-04-18T14:47:49","date_gmt":"2011-04-18T17:47:49","guid":{"rendered":"http:\/\/www.ifbaiano.edu.br\/portal\/discente20112\/?page_id=12"},"modified":"2014-10-31T16:39:43","modified_gmt":"2014-10-31T19:39:43","slug":"coluna1","status":"publish","type":"page","link":"https:\/\/concurso.ifbaiano.edu.br\/portal\/etecidiomas20141\/pagina-inicial\/coluna1\/","title":{"rendered":"Coluna 1 &#8211; O Processo Seletivo"},"content":{"rendered":"<p class=\"inicial-titulo\" style=\"text-align: left\">O Processo Seletivo<\/p>\n<p>Disp\u00f5e sobre o Processo Seletivo para ingresso nos cursos de idiomas ingl\u00eas e espanhol, na modalidade Educa\u00e7\u00e3o a Dist\u00e2ncia (EaD), oferecido pela Rede e-Tec Brasil, com in\u00edcio previsto para o dia 24 de novembro de 2014, no Instituto Federal Baiano nos Campi Bom Jesus da Lapa, Catu, Governador Mangabeira, Guanambi, Reitoria, Santa In\u00eas, Senhor do Bonfim, Teixeira de Freitas, Uru\u00e7uca, Itapetinga e Valen\u00e7a.<\/p>\n","protected":false},"excerpt":{"rendered":"<p>O Processo Seletivo Disp\u00f5e sobre o Processo Seletivo para ingresso nos cursos de idiomas ingl\u00eas e espanhol, na modalidade Educa\u00e7\u00e3o a Dist\u00e2ncia (EaD), oferecido pela Rede e-Tec Brasil, com in\u00edcio previsto para o dia 24 de novembro de 2014, no &hellip; <a href=\"https:\/\/concurso.ifbaiano.edu.br\/portal\/etecidiomas20141\/pagina-inicial\/coluna1\/\">Continue lendo <span class=\"meta-nav\">&rarr;<\/span><\/a><\/p>\n","protected":false},"author":1,"featured_media":0,"parent":9,"menu_order":1,"comment_status":"closed","ping_status":"closed","template":"","meta":[],"_links":{"self":[{"href":"https:\/\/concurso.ifbaiano.edu.br\/portal\/etecidiomas20141\/wp-json\/wp\/v2\/pages\/12"}],"collection":[{"href":"https:\/\/concurso.ifbaiano.edu.br\/portal\/etecidiomas20141\/wp-json\/wp\/v2\/pages"}],"about":[{"href":"https:\/\/concurso.ifbaiano.edu.br\/portal\/etecidiomas20141\/wp-json\/wp\/v2\/types\/page"}],"author":[{"embeddable":true,"href":"https:\/\/concurso.ifbaiano.edu.br\/portal\/etecidiomas20141\/wp-json\/wp\/v2\/users\/1"}],"replies":[{"embeddable":true,"href":"https:\/\/concurso.ifbaiano.edu.br\/portal\/etecidiomas20141\/wp-json\/wp\/v2\/comments?post=12"}],"version-history":[{"count":6,"href":"https:\/\/concurso.ifbaiano.edu.br\/portal\/etecidiomas20141\/wp-json\/wp\/v2\/pages\/12\/revisions"}],"predecessor-version":[{"id":396,"href":"https:\/\/concurso.ifbaiano.edu.br\/portal\/etecidiomas20141\/wp-json\/wp\/v2\/pages\/12\/revisions\/396"}],"up":[{"embeddable":true,"href":"https:\/\/concurso.ifbaiano.edu.br\/portal\/etecidiomas20141\/wp-json\/wp\/v2\/pages\/9"}],"wp:attachment":[{"href":"https:\/\/concurso.ifbaiano.edu.br\/portal\/etecidiomas20141\/wp-json\/wp\/v2\/media?parent=12"}],"curies":[{"name":"wp","href":"https:\/\/api.w.org\/{rel}","templated":true}]}}