{"id":7,"date":"2017-02-21T15:51:33","date_gmt":"2017-02-21T18:51:33","guid":{"rendered":"http:\/\/concurso.ifbaiano.edu.br\/portal\/estagio-fev-2017\/?page_id=7"},"modified":"2017-03-02T10:44:04","modified_gmt":"2017-03-02T13:44:04","slug":"homologacao","status":"publish","type":"page","link":"https:\/\/concurso.ifbaiano.edu.br\/portal\/estagio-fev-2017\/pagina-inicial\/homologacao\/","title":{"rendered":"Homologa\u00e7\u00e3o"},"content":{"rendered":"<h3>Processo Seletivo<\/h3>\n<p>O REITOR DO INSTITUTO FEDERAL DE EDUCA\u00c7\u00c3O CI\u00caNCIA E TECNOLOGIA BAIANO \u2013 Reitoria, no uso de suas atribui\u00e7\u00f5es legais e atrav\u00e9s do EDITAL N\u00ba 16\/2017, faz saber que em 22\/02\/2017 acontecer\u00e1 o Processo Seletivo para a contrata\u00e7\u00e3o de estagi\u00e1rios de n\u00edvel m\u00e9dio, para atuarem no INSTITUTO FEDERAL DE EDUCA\u00c7\u00c3O CI\u00caNCIA E TECNOLOGIA BAIANO \u2013 Reitoria, nos termos da Lei 11.788 de 25\/09\/2008.<\/p>\n<p>&nbsp;<\/p>\n<h3>Inscri\u00e7\u00f5es<\/h3>\n<p>Voc\u00ea poder\u00e1 se inscrever <strong><a href=\"https:\/\/opina.ifbaiano.edu.br\/index.php\/783514?lang=pt-BR\" target=\"_blank\">clicando aqui<\/a><\/strong> no per\u00edodo de 02\/03 a 07\/03\/2017.<\/p>\n","protected":false},"excerpt":{"rendered":"<p>Processo Seletivo O REITOR DO INSTITUTO FEDERAL DE EDUCA\u00c7\u00c3O CI\u00caNCIA E TECNOLOGIA BAIANO \u2013 Reitoria, no uso de suas atribui\u00e7\u00f5es legais e atrav\u00e9s do EDITAL N\u00ba 16\/2017, faz saber que em 22\/02\/2017 acontecer\u00e1 o Processo Seletivo para a contrata\u00e7\u00e3o de &hellip; <a href=\"https:\/\/concurso.ifbaiano.edu.br\/portal\/estagio-fev-2017\/pagina-inicial\/homologacao\/\">Continue lendo <span class=\"meta-nav\">&rarr;<\/span><\/a><\/p>\n","protected":false},"author":30,"featured_media":0,"parent":5,"menu_order":1,"comment_status":"closed","ping_status":"closed","template":"","meta":[],"_links":{"self":[{"href":"https:\/\/concurso.ifbaiano.edu.br\/portal\/estagio-fev-2017\/wp-json\/wp\/v2\/pages\/7"}],"collection":[{"href":"https:\/\/concurso.ifbaiano.edu.br\/portal\/estagio-fev-2017\/wp-json\/wp\/v2\/pages"}],"about":[{"href":"https:\/\/concurso.ifbaiano.edu.br\/portal\/estagio-fev-2017\/wp-json\/wp\/v2\/types\/page"}],"author":[{"embeddable":true,"href":"https:\/\/concurso.ifbaiano.edu.br\/portal\/estagio-fev-2017\/wp-json\/wp\/v2\/users\/30"}],"replies":[{"embeddable":true,"href":"https:\/\/concurso.ifbaiano.edu.br\/portal\/estagio-fev-2017\/wp-json\/wp\/v2\/comments?post=7"}],"version-history":[{"count":4,"href":"https:\/\/concurso.ifbaiano.edu.br\/portal\/estagio-fev-2017\/wp-json\/wp\/v2\/pages\/7\/revisions"}],"predecessor-version":[{"id":28,"href":"https:\/\/concurso.ifbaiano.edu.br\/portal\/estagio-fev-2017\/wp-json\/wp\/v2\/pages\/7\/revisions\/28"}],"up":[{"embeddable":true,"href":"https:\/\/concurso.ifbaiano.edu.br\/portal\/estagio-fev-2017\/wp-json\/wp\/v2\/pages\/5"}],"wp:attachment":[{"href":"https:\/\/concurso.ifbaiano.edu.br\/portal\/estagio-fev-2017\/wp-json\/wp\/v2\/media?parent=7"}],"curies":[{"name":"wp","href":"https:\/\/api.w.org\/{rel}","templated":true}]}}